{"id":4685,"date":"2023-11-27T12:21:05","date_gmt":"2023-11-27T12:21:05","guid":{"rendered":"https:\/\/tikiyoga.com\/?post_type=product&#038;p=4685"},"modified":"2026-03-09T08:58:44","modified_gmt":"2026-03-09T08:58:44","slug":"knjiga-kateta-usne","status":"publish","type":"product","link":"https:\/\/tikiyoga.com\/en\/proizvod\/knjiga-kateta-usne\/","title":{"rendered":"Knjiga Kateta Usne"},"content":{"rendered":"","protected":false},"excerpt":{"rendered":"<p>Kateta Usne \u2013 ispovesna lirika jedne hipersenzibilne du\u0161e. Pesnikinja veruje i prenosi poruku kako \u017eiveti autenti\u010dno u svetu gde se od nas zahteva da se uklopimo u standarde i zahteve mediokriteta. Otkriva li\u010dnu transformaciju i traganje za identitetom kroz odnos sa duhovno\u0161\u0107u, roditeljima, partnerima.<\/p>\n<p>Pesnikinjine spoznaje nas vode u mudrost ranog kondicioniranja kroz traumati\u010dne doga\u0111aje koji su obojili njeno \u017eivotno iskustvo, do tihovanja i nemo\u0107i da iska\u017ee sebe, da izrekne bol i usamljenost koju ose\u0107a. U ve\u010ditom prkosu prema kulturi obezvre\u0111ivanja talenata, li\u010dnih afirmacija i umetnosti, kroz stihove iskazuje unutra\u0161nji konflikt da sebe izrazi i \u017eivi autenti\u010dno u jednom trenutku, dok u drugom vapi za prihvatanjem, odobravanjem i dubljim kontaktom sa ljudima.<\/p>\n<p>Njeno traganje za Istinom i Slobodom vodi je do dubina misticizma, ali i dugog psiholo\u0161kog rada na sebi iz kojih dobija razumevanje i samoprihvatanje.<\/p>\n<p>Pro\u0161lost ne mo\u017eemo da promenimo, ali mo\u017eemo da je ne \u017eivimo iznova i iznova. Podu\u010dava svesnost i prisutnost kroz sagledavanje kondicioniranosti nastalih u prenatalnom periodu i prvim godinama \u017eivota, uticaj transgeneracijskih uverenja i trauma na razvoj li\u010dnosti i me\u0111uljudske odnose.<\/p>\n<p>U svom radu spaja spiritualnost i konvencionalnu medicinu, te njena dela odi\u0161u altruizmom. Inspiri\u0161e da odbacimo disfunkcionalne obrazce pona\u0161anja i otvorimo svoje srce za ljubav.<\/p>\n","protected":false},"featured_media":5828,"template":"","meta":[],"product_brand":[],"product_cat":[61],"product_tag":[],"class_list":{"0":"post-4685","1":"product","2":"type-product","3":"status-publish","4":"has-post-thumbnail","6":"product_cat-shop","7":"description-off","9":"first","10":"instock","11":"shipping-taxable","12":"purchasable","13":"product-type-simple"},"yoast_head":"<!-- This site is optimized with the Yoast SEO plugin v26.9 - https:\/\/yoast.com\/product\/yoast-seo-wordpress\/ -->\n<title>Knjiga Kateta Usne - Tiki Yoga<\/title>\n<meta name=\"robots\" content=\"index, follow, max-snippet:-1, max-image-preview:large, max-video-preview:-1\" \/>\n<link rel=\"canonical\" href=\"https:\/\/tikiyoga.com\/proizvod\/knjiga-kateta-usne\/\" \/>\n<meta property=\"og:locale\" content=\"en_US\" \/>\n<meta property=\"og:type\" content=\"article\" \/>\n<meta property=\"og:title\" content=\"Knjiga Kateta Usne - Tiki Yoga\" \/>\n<meta property=\"og:description\" content=\"Kateta Usne \u2013 ispovesna lirika jedne hipersenzibilne du\u0161e. Pesnikinja veruje i prenosi poruku kako \u017eiveti autenti\u010dno u svetu gde se od nas zahteva da se uklopimo u standarde i zahteve mediokriteta. Otkriva li\u010dnu transformaciju i traganje za identitetom kroz odnos sa duhovno\u0161\u0107u, roditeljima, partnerima.  Pesnikinjine spoznaje nas vode u mudrost ranog kondicioniranja kroz traumati\u010dne doga\u0111aje koji su obojili njeno \u017eivotno iskustvo, do tihovanja i nemo\u0107i da iska\u017ee sebe, da izrekne bol i usamljenost koju ose\u0107a. U ve\u010ditom prkosu prema kulturi obezvre\u0111ivanja talenata, li\u010dnih afirmacija i umetnosti, kroz stihove iskazuje unutra\u0161nji konflikt da sebe izrazi i \u017eivi autenti\u010dno u jednom trenutku, dok u drugom vapi za prihvatanjem, odobravanjem i dubljim kontaktom sa ljudima.  Njeno traganje za Istinom i Slobodom vodi je do dubina misticizma, ali i dugog psiholo\u0161kog rada na sebi iz kojih dobija razumevanje i samoprihvatanje.  Pro\u0161lost ne mo\u017eemo da promenimo, ali mo\u017eemo da je ne \u017eivimo iznova i iznova. Podu\u010dava svesnost i prisutnost kroz sagledavanje kondicioniranosti nastalih u prenatalnom periodu i prvim godinama \u017eivota, uticaj transgeneracijskih uverenja i trauma na razvoj li\u010dnosti i me\u0111uljudske odnose.  U svom radu spaja spiritualnost i konvencionalnu medicinu, te njena dela odi\u0161u altruizmom. Inspiri\u0161e da odbacimo disfunkcionalne obrazce pona\u0161anja i otvorimo svoje srce za ljubav.\" \/>\n<meta property=\"og:url\" content=\"https:\/\/tikiyoga.com\/proizvod\/knjiga-kateta-usne\/\" \/>\n<meta property=\"og:site_name\" content=\"Tiki Yoga\" \/>\n<meta property=\"article:publisher\" content=\"https:\/\/www.facebook.com\/ZeljkaTikiYoga\" \/>\n<meta property=\"article:modified_time\" content=\"2026-03-09T08:58:44+00:00\" \/>\n<meta property=\"og:image\" content=\"https:\/\/tikiyoga.com\/wp-content\/uploads\/2023\/11\/kateta-usne-1-1.jpg\" \/>\n\t<meta property=\"og:image:width\" content=\"800\" \/>\n\t<meta property=\"og:image:height\" content=\"530\" \/>\n\t<meta property=\"og:image:type\" content=\"image\/jpeg\" \/>\n<meta name=\"twitter:card\" content=\"summary_large_image\" \/>\n<meta name=\"twitter:label1\" content=\"Est. reading time\" \/>\n\t<meta name=\"twitter:data1\" content=\"1 minute\" \/>\n<script type=\"application\/ld+json\" class=\"yoast-schema-graph\">{\"@context\":\"https:\/\/schema.org\",\"@graph\":[{\"@type\":\"WebPage\",\"@id\":\"https:\/\/tikiyoga.com\/proizvod\/knjiga-kateta-usne\/\",\"url\":\"https:\/\/tikiyoga.com\/proizvod\/knjiga-kateta-usne\/\",\"name\":\"Knjiga Kateta Usne - Tiki Yoga\",\"isPartOf\":{\"@id\":\"https:\/\/tikiyoga.com\/#website\"},\"primaryImageOfPage\":{\"@id\":\"https:\/\/tikiyoga.com\/proizvod\/knjiga-kateta-usne\/#primaryimage\"},\"image\":{\"@id\":\"https:\/\/tikiyoga.com\/proizvod\/knjiga-kateta-usne\/#primaryimage\"},\"thumbnailUrl\":\"https:\/\/tikiyoga.com\/wp-content\/uploads\/2023\/11\/kateta-usne-1-1.jpg\",\"datePublished\":\"2023-11-27T12:21:05+00:00\",\"dateModified\":\"2026-03-09T08:58:44+00:00\",\"breadcrumb\":{\"@id\":\"https:\/\/tikiyoga.com\/proizvod\/knjiga-kateta-usne\/#breadcrumb\"},\"inLanguage\":\"en-US\",\"potentialAction\":[{\"@type\":\"ReadAction\",\"target\":[\"https:\/\/tikiyoga.com\/proizvod\/knjiga-kateta-usne\/\"]}]},{\"@type\":\"ImageObject\",\"inLanguage\":\"en-US\",\"@id\":\"https:\/\/tikiyoga.com\/proizvod\/knjiga-kateta-usne\/#primaryimage\",\"url\":\"https:\/\/tikiyoga.com\/wp-content\/uploads\/2023\/11\/kateta-usne-1-1.jpg\",\"contentUrl\":\"https:\/\/tikiyoga.com\/wp-content\/uploads\/2023\/11\/kateta-usne-1-1.jpg\",\"width\":800,\"height\":530},{\"@type\":\"BreadcrumbList\",\"@id\":\"https:\/\/tikiyoga.com\/proizvod\/knjiga-kateta-usne\/#breadcrumb\",\"itemListElement\":[{\"@type\":\"ListItem\",\"position\":1,\"name\":\"Home\",\"item\":\"https:\/\/tikiyoga.com\/en\/\"},{\"@type\":\"ListItem\",\"position\":2,\"name\":\"Proizvodi\",\"item\":\"http:\/\/tikiyoga.com\/shop\/\"},{\"@type\":\"ListItem\",\"position\":3,\"name\":\"Knjiga Kateta Usne\"}]},{\"@type\":\"WebSite\",\"@id\":\"https:\/\/tikiyoga.com\/#website\",\"url\":\"https:\/\/tikiyoga.com\/\",\"name\":\"Tiki Yoga\",\"description\":\"Promocija zdravih stilova \u017eivota, edukacija, mentalno, fizi\u010dko i duhovno zdravlje\",\"publisher\":{\"@id\":\"https:\/\/tikiyoga.com\/#organization\"},\"potentialAction\":[{\"@type\":\"SearchAction\",\"target\":{\"@type\":\"EntryPoint\",\"urlTemplate\":\"https:\/\/tikiyoga.com\/?s={search_term_string}\"},\"query-input\":{\"@type\":\"PropertyValueSpecification\",\"valueRequired\":true,\"valueName\":\"search_term_string\"}}],\"inLanguage\":\"en-US\"},{\"@type\":\"Organization\",\"@id\":\"https:\/\/tikiyoga.com\/#organization\",\"name\":\"Tiki Yoga\",\"url\":\"https:\/\/tikiyoga.com\/\",\"logo\":{\"@type\":\"ImageObject\",\"inLanguage\":\"en-US\",\"@id\":\"https:\/\/tikiyoga.com\/#\/schema\/logo\/image\/\",\"url\":\"https:\/\/tikiyoga.com\/wp-content\/uploads\/2021\/11\/tiki-yoga-logo.png\",\"contentUrl\":\"https:\/\/tikiyoga.com\/wp-content\/uploads\/2021\/11\/tiki-yoga-logo.png\",\"width\":150,\"height\":150,\"caption\":\"Tiki Yoga\"},\"image\":{\"@id\":\"https:\/\/tikiyoga.com\/#\/schema\/logo\/image\/\"},\"sameAs\":[\"https:\/\/www.facebook.com\/ZeljkaTikiYoga\",\"https:\/\/www.youtube.com\/@tikiyoga\"]}]}<\/script>\n<!-- \/ Yoast SEO plugin. -->","yoast_head_json":{"title":"Knjiga Kateta Usne - Tiki Yoga","robots":{"index":"index","follow":"follow","max-snippet":"max-snippet:-1","max-image-preview":"max-image-preview:large","max-video-preview":"max-video-preview:-1"},"canonical":"https:\/\/tikiyoga.com\/proizvod\/knjiga-kateta-usne\/","og_locale":"en_US","og_type":"article","og_title":"Knjiga Kateta Usne - Tiki Yoga","og_description":"Kateta Usne \u2013 ispovesna lirika jedne hipersenzibilne du\u0161e. Pesnikinja veruje i prenosi poruku kako \u017eiveti autenti\u010dno u svetu gde se od nas zahteva da se uklopimo u standarde i zahteve mediokriteta. Otkriva li\u010dnu transformaciju i traganje za identitetom kroz odnos sa duhovno\u0161\u0107u, roditeljima, partnerima.  Pesnikinjine spoznaje nas vode u mudrost ranog kondicioniranja kroz traumati\u010dne doga\u0111aje koji su obojili njeno \u017eivotno iskustvo, do tihovanja i nemo\u0107i da iska\u017ee sebe, da izrekne bol i usamljenost koju ose\u0107a. U ve\u010ditom prkosu prema kulturi obezvre\u0111ivanja talenata, li\u010dnih afirmacija i umetnosti, kroz stihove iskazuje unutra\u0161nji konflikt da sebe izrazi i \u017eivi autenti\u010dno u jednom trenutku, dok u drugom vapi za prihvatanjem, odobravanjem i dubljim kontaktom sa ljudima.  Njeno traganje za Istinom i Slobodom vodi je do dubina misticizma, ali i dugog psiholo\u0161kog rada na sebi iz kojih dobija razumevanje i samoprihvatanje.  Pro\u0161lost ne mo\u017eemo da promenimo, ali mo\u017eemo da je ne \u017eivimo iznova i iznova. Podu\u010dava svesnost i prisutnost kroz sagledavanje kondicioniranosti nastalih u prenatalnom periodu i prvim godinama \u017eivota, uticaj transgeneracijskih uverenja i trauma na razvoj li\u010dnosti i me\u0111uljudske odnose.  U svom radu spaja spiritualnost i konvencionalnu medicinu, te njena dela odi\u0161u altruizmom. Inspiri\u0161e da odbacimo disfunkcionalne obrazce pona\u0161anja i otvorimo svoje srce za ljubav.","og_url":"https:\/\/tikiyoga.com\/proizvod\/knjiga-kateta-usne\/","og_site_name":"Tiki Yoga","article_publisher":"https:\/\/www.facebook.com\/ZeljkaTikiYoga","article_modified_time":"2026-03-09T08:58:44+00:00","og_image":[{"width":800,"height":530,"url":"https:\/\/tikiyoga.com\/wp-content\/uploads\/2023\/11\/kateta-usne-1-1.jpg","type":"image\/jpeg"}],"twitter_card":"summary_large_image","twitter_misc":{"Est. reading time":"1 minute"},"schema":{"@context":"https:\/\/schema.org","@graph":[{"@type":"WebPage","@id":"https:\/\/tikiyoga.com\/proizvod\/knjiga-kateta-usne\/","url":"https:\/\/tikiyoga.com\/proizvod\/knjiga-kateta-usne\/","name":"Knjiga Kateta Usne - Tiki Yoga","isPartOf":{"@id":"https:\/\/tikiyoga.com\/#website"},"primaryImageOfPage":{"@id":"https:\/\/tikiyoga.com\/proizvod\/knjiga-kateta-usne\/#primaryimage"},"image":{"@id":"https:\/\/tikiyoga.com\/proizvod\/knjiga-kateta-usne\/#primaryimage"},"thumbnailUrl":"https:\/\/tikiyoga.com\/wp-content\/uploads\/2023\/11\/kateta-usne-1-1.jpg","datePublished":"2023-11-27T12:21:05+00:00","dateModified":"2026-03-09T08:58:44+00:00","breadcrumb":{"@id":"https:\/\/tikiyoga.com\/proizvod\/knjiga-kateta-usne\/#breadcrumb"},"inLanguage":"en-US","potentialAction":[{"@type":"ReadAction","target":["https:\/\/tikiyoga.com\/proizvod\/knjiga-kateta-usne\/"]}]},{"@type":"ImageObject","inLanguage":"en-US","@id":"https:\/\/tikiyoga.com\/proizvod\/knjiga-kateta-usne\/#primaryimage","url":"https:\/\/tikiyoga.com\/wp-content\/uploads\/2023\/11\/kateta-usne-1-1.jpg","contentUrl":"https:\/\/tikiyoga.com\/wp-content\/uploads\/2023\/11\/kateta-usne-1-1.jpg","width":800,"height":530},{"@type":"BreadcrumbList","@id":"https:\/\/tikiyoga.com\/proizvod\/knjiga-kateta-usne\/#breadcrumb","itemListElement":[{"@type":"ListItem","position":1,"name":"Home","item":"https:\/\/tikiyoga.com\/en\/"},{"@type":"ListItem","position":2,"name":"Proizvodi","item":"http:\/\/tikiyoga.com\/shop\/"},{"@type":"ListItem","position":3,"name":"Knjiga Kateta Usne"}]},{"@type":"WebSite","@id":"https:\/\/tikiyoga.com\/#website","url":"https:\/\/tikiyoga.com\/","name":"Tiki Yoga","description":"Promocija zdravih stilova \u017eivota, edukacija, mentalno, fizi\u010dko i duhovno zdravlje","publisher":{"@id":"https:\/\/tikiyoga.com\/#organization"},"potentialAction":[{"@type":"SearchAction","target":{"@type":"EntryPoint","urlTemplate":"https:\/\/tikiyoga.com\/?s={search_term_string}"},"query-input":{"@type":"PropertyValueSpecification","valueRequired":true,"valueName":"search_term_string"}}],"inLanguage":"en-US"},{"@type":"Organization","@id":"https:\/\/tikiyoga.com\/#organization","name":"Tiki Yoga","url":"https:\/\/tikiyoga.com\/","logo":{"@type":"ImageObject","inLanguage":"en-US","@id":"https:\/\/tikiyoga.com\/#\/schema\/logo\/image\/","url":"https:\/\/tikiyoga.com\/wp-content\/uploads\/2021\/11\/tiki-yoga-logo.png","contentUrl":"https:\/\/tikiyoga.com\/wp-content\/uploads\/2021\/11\/tiki-yoga-logo.png","width":150,"height":150,"caption":"Tiki Yoga"},"image":{"@id":"https:\/\/tikiyoga.com\/#\/schema\/logo\/image\/"},"sameAs":["https:\/\/www.facebook.com\/ZeljkaTikiYoga","https:\/\/www.youtube.com\/@tikiyoga"]}]}},"_links":{"self":[{"href":"https:\/\/tikiyoga.com\/en\/wp-json\/wp\/v2\/product\/4685","targetHints":{"allow":["GET"]}}],"collection":[{"href":"https:\/\/tikiyoga.com\/en\/wp-json\/wp\/v2\/product"}],"about":[{"href":"https:\/\/tikiyoga.com\/en\/wp-json\/wp\/v2\/types\/product"}],"wp:featuredmedia":[{"embeddable":true,"href":"https:\/\/tikiyoga.com\/en\/wp-json\/wp\/v2\/media\/5828"}],"wp:attachment":[{"href":"https:\/\/tikiyoga.com\/en\/wp-json\/wp\/v2\/media?parent=4685"}],"wp:term":[{"taxonomy":"product_brand","embeddable":true,"href":"https:\/\/tikiyoga.com\/en\/wp-json\/wp\/v2\/product_brand?post=4685"},{"taxonomy":"product_cat","embeddable":true,"href":"https:\/\/tikiyoga.com\/en\/wp-json\/wp\/v2\/product_cat?post=4685"},{"taxonomy":"product_tag","embeddable":true,"href":"https:\/\/tikiyoga.com\/en\/wp-json\/wp\/v2\/product_tag?post=4685"}],"curies":[{"name":"wp","href":"https:\/\/api.w.org\/{rel}","templated":true}]}}