{"id":5454,"date":"2024-11-13T20:17:37","date_gmt":"2024-11-13T20:17:37","guid":{"rendered":"https:\/\/tikiyoga.com\/?post_type=product&#038;p=5454"},"modified":"2026-03-09T08:58:27","modified_gmt":"2026-03-09T08:58:27","slug":"e-book-kateta-usne","status":"publish","type":"product","link":"https:\/\/tikiyoga.com\/en\/proizvod\/e-book-kateta-usne\/","title":{"rendered":"E book Kateta Usne"},"content":{"rendered":"","protected":false},"excerpt":{"rendered":"<p>Zdravo,<\/p>\n<p>Ja sam \u017deljka Zdravkovi\u0107 i \u017eelim da te podsetim na tvoju veli\u010danstvenu prirodu  i mo\u0107 kreacije! Ovo je moj poklon tebi&#8230;<\/p>\n<p>Pred tobom je E-book kreiran da podr\u017ei transformacione promene u svima nama. Podsetnik na strast, talenete i darove koje smo dobili i razvijali, a \u010desto stavljali po strani da bi se \u017eivelo i pre\u017eivelo u svetu gde se od nas zahteva da se uklopimo u standarde i mediokritete.<\/p>\n<p>Ovo je za tebe ako ti je tesna ko\u017ea i ose\u0107a\u0161 da \u017eivot ima i treba da ima dublji smisao, da smo tu da doti\u010demo druge \u017eivote i delimo radost i lako\u0107u postojanja .<\/p>\n<p>Ali nije uvek bilo tako, dolazimo iz sredine koja je puna disfunkcionanih obrazaca i trauma porodi\u010dnih, li\u010dnh i kolektivnih&#8230;<br \/>\nPa kako onda \u017eiveti autenti\u010dno i ne ponavljati paterne koji nas iznova i iznova stavljaju u poziciju patnje, nemo\u0107i i ljutnje, ograni\u010denja i sputanosti da \u017eivimo puninu i istinu slobode izbora?<\/p>\n<p>Nemam \u010darobnu formulu, volim da ka\u017eem da sam spirtualni mentor, spiritualni jer spajam medicinu i duhovne tehnike, mentor jer sam samo jedan (a nekad ni toliko) ispred tebe i jo\u0161 uvek napipavam put do autenti\u010dnog \u017eivljenja. Ali i mentor koji \u0107e te podr\u017eati i verovati u tvoj slede\u0107i korak jer je i sam bio na tom putu i u toj poziciji.<\/p>\n<p>Knjiga koja je pred tobom je moj fundament jer kona\u010dno skidam masku ja\u010dine i kontrole i pokazujem svetu Ranjivost i svu ljubav koju imam u srcu. Jer, sada znam, nisam ja kriva zbog tu\u0111ih izbora i postupaka. A \u010desto sam se najvi\u0161e stidela svoje dobrote i otvorenog srca koje ispituje, u\u010di i spoznaje svet dublje i bez kalkulisanja.<\/p>\n<p>Sve titule, diplome i dru\u0161tveni uspesi nisu mi pomogli da izbegnem svoju hipersenzibilnost, traume i porodi\u010dna i kolektivna uverenja i da svojim izborima i odlukama pravim kvantne skokove i \u017eivim transformaciju. Ali ljubav jeste, i znanje. Kad god sam mogla u\u010dila sam i testirala tehnike i nove uvide na sebi i ljudima&#8230;<\/p>\n<p>E-book se sastoji iz dva dela &#8211; zbirka pesama Kateta Usne, kroz koju promovi\u0161em  unutra\u0161nji rast i promenu kroz svesnost o transgeneracijskim traumama i ograni\u010davaju\u0107im uverenjima pre svega porodi\u010dnim, ali i kolektivnim.<\/p>\n<p>Drugi deo se odnosi na edukativni materijal o temama koje istra\u017eujem i podu\u010davam kroz svoj rad sa ljudima.<\/p>\n<p>Verujem da \u0107e vam oba dela biti korisna i inspirativna da nadalje istra\u017eujete i upoznajete se sa ovim temama.<\/p>\n<p>Zbirka pesama je nastajala u periodu kada sam bila mladi talentovani pisac, koji je jedva \u010dekao prvi septembar jer \u0107e kada po\u0111e u \u0161kolu mo\u0107i da spava du\u017ee. Moja porodica je imala problema i brat i ja smo radili sa majkom jo\u0161 od osnovne \u0161kole, imali smo svoje tezge i prodavali vo\u0107e, ali to bi zna\u010dilo da sam naj\u010de\u0161\u0107e i pisala i \u010ditala knjige  rade\u0107i na otvorenom i zimi i leti&#8230; Sada sam na doktoratu, i sada ja vidim i cenim i podr\u017eavam tu talentovanu devoj\u010dicu koja je mnoge svoje talente ugu\u0161ila jer okru\u017eenje nije prepoznalo i podr\u017ealo njene darove. Sada je ona porasla i njeni problemi su druga\u010diji, ali je sada i moj zadatak da joj poka\u017eem koliko je autenti\u010dna i da njeni talenti vrede i va\u017eni su. Ponavljam &#8211; neko jedva \u010deka da te upozna!<\/p>\n<p>Autenti\u010dan \u017eivot nije samo u pri\u010di, on se \u017eivi i di\u0161e svakog dana. Danas sam ja odrasla i prakti\u010dan primer rada sa unutra\u0161njim detetom je da mu ja sada omogu\u0107im da bude vi\u0111eno i prihva\u0107eno. Volim da verujem da \u0107e moj \u017eivotni primer biti inspiracija i dota\u0107i ta\u010dno one kojima treba jedna ne\u017ena podr\u0161ka da vide sve ranjive delove sebe i nau\u010de kako da ih poka\u017eu i iscele \u0161ta je potrebno.<\/p>\n<p>Rane i povrede koje smo dobijali, su mesta kroz koje ulazi svesnost i mudrost i kroz tu ranu slu\u017ei\u0107emo drugima&#8230;<\/p>\n<p>Naslov knjige Kateta Usne je simbol za sve neizre\u010dene istine i pre\u0107utane povrede, progutane suze, ali i divne emocije koje usled porodi\u010dnih drama nismo nau\u010dili da izgovaramo jedni drugima. I olako uzimamo svoje bli\u017enje, podrazumevamo da znaju da se volimo, ostajemo zaglavljeni u dramama svakodnevnice i ne osve\u0161\u0107ujemo tu &#8220;jednu tihu re\u010d u kutu srca mog skrivenu koju ne mogu izre\u0107i&#8221;&#8230; Radom na sebi moji porodi\u010dni i partnerski odnosi su prolazili kroz transformacije i u\u010dila sam kako da se nosim sa novim identitetom, tom novom verzijom sebe, a onda se borila i sa okolinom da prihvati promenu u meni, i ona bolna mesta u svima njima koja su trigerovana mojim autenti\u010dnim \u017eivotom.<\/p>\n<p>Ovde sam da budem iskra koja budi tvoje srce i podsetnik na beskraj potencijala koje imamo u sebi!<\/p>\n<p>Radujem se \u0161to smo se sreli&#8230;<\/p>\n<p>\u017deljka<\/p>\n","protected":false},"featured_media":5828,"template":"","meta":[],"product_brand":[],"product_cat":[61],"product_tag":[],"class_list":{"0":"post-5454","1":"product","2":"type-product","3":"status-publish","4":"has-post-thumbnail","6":"product_cat-shop","7":"description-off","9":"first","10":"instock","11":"shipping-taxable","12":"purchasable","13":"product-type-simple"},"yoast_head":"<!-- This site is optimized with the Yoast SEO plugin v26.9 - https:\/\/yoast.com\/product\/yoast-seo-wordpress\/ -->\n<title>E book Kateta Usne - Tiki Yoga<\/title>\n<meta name=\"robots\" content=\"index, follow, max-snippet:-1, max-image-preview:large, max-video-preview:-1\" \/>\n<link rel=\"canonical\" href=\"https:\/\/tikiyoga.com\/proizvod\/e-book-kateta-usne\/\" \/>\n<meta property=\"og:locale\" content=\"en_US\" \/>\n<meta property=\"og:type\" content=\"article\" \/>\n<meta property=\"og:title\" content=\"E book Kateta Usne - Tiki Yoga\" \/>\n<meta property=\"og:description\" content=\"Zdravo,  Ja sam \u017deljka Zdravkovi\u0107 i \u017eelim da te podsetim na tvoju veli\u010danstvenu prirodu i mo\u0107 kreacije! Ovo je moj poklon tebi...    Pred tobom je E-book kreiran da podr\u017ei transformacione promene u svima nama. Podsetnik na strast, talenete i darove koje smo dobili i razvijali, a \u010desto stavljali po strani da bi se \u017eivelo i pre\u017eivelo u svetu gde se od nas zahteva da se uklopimo u standarde i mediokritete.  Ovo je za tebe ako ti je tesna ko\u017ea i ose\u0107a\u0161 da \u017eivot ima i treba da ima dublji smisao, da smo tu da doti\u010demo druge \u017eivote i delimo radost i lako\u0107u postojanja .  Ali nije uvek bilo tako, dolazimo iz sredine koja je puna disfunkcionanih obrazaca i trauma porodi\u010dnih, li\u010dnh i kolektivnih... Pa kako onda \u017eiveti autenti\u010dno i ne ponavljati paterne koji nas iznova i iznova stavljaju u poziciju patnje, nemo\u0107i i ljutnje, ograni\u010denja i sputanosti da \u017eivimo puninu i istinu slobode izbora?  Nemam \u010darobnu formulu, volim da ka\u017eem da sam spirtualni mentor, spiritualni jer spajam medicinu i duhovne tehnike, mentor jer sam samo jedan (a nekad ni toliko) ispred tebe i jo\u0161 uvek napipavam put do autenti\u010dnog \u017eivljenja. Ali i mentor koji \u0107e te podr\u017eati i verovati u tvoj slede\u0107i korak jer je i sam bio na tom putu i u toj poziciji.  Knjiga koja je pred tobom je moj fundament jer kona\u010dno skidam masku ja\u010dine i kontrole i pokazujem svetu Ranjivost i svu ljubav koju imam u srcu. Jer, sada znam, nisam ja kriva zbog tu\u0111ih izbora i postupaka. A \u010desto sam se najvi\u0161e stidela svoje dobrote i otvorenog srca koje ispituje, u\u010di i spoznaje svet dublje i bez kalkulisanja.  Sve titule, diplome i dru\u0161tveni uspesi nisu mi pomogli da izbegnem svoju hipersenzibilnost, traume i porodi\u010dna i kolektivna uverenja i da svojim izborima i odlukama pravim kvantne skokove i \u017eivim transformaciju. Ali ljubav jeste, i znanje. Kad god sam mogla u\u010dila sam i testirala tehnike i nove uvide na sebi i ljudima...  E-book se sastoji iz dva dela - zbirka pesama Kateta Usne, kroz koju promovi\u0161em unutra\u0161nji rast i promenu kroz svesnost o transgeneracijskim traumama i ograni\u010davaju\u0107im uverenjima pre svega porodi\u010dnim, ali i kolektivnim.  Drugi deo se odnosi na edukativni materijal o temama koje istra\u017eujem i podu\u010davam kroz svoj rad sa ljudima.  Verujem da \u0107e vam oba dela biti korisna i inspirativna da nadalje istra\u017eujete i upoznajete se sa ovim temama.  Zbirka pesama je nastajala u periodu kada sam bila mladi talentovani pisac, koji je jedva \u010dekao prvi septembar jer \u0107e kada po\u0111e u \u0161kolu mo\u0107i da spava du\u017ee. Moja porodica je imala problema i brat i ja smo radili sa majkom jo\u0161 od osnovne \u0161kole, imali smo svoje tezge i prodavali vo\u0107e, ali to bi zna\u010dilo da sam naj\u010de\u0161\u0107e i pisala i \u010ditala knjige rade\u0107i na otvorenom i zimi i leti... Sada sam na doktoratu, i sada ja vidim i cenim i podr\u017eavam tu talentovanu devoj\u010dicu koja je mnoge svoje talente ugu\u0161ila jer okru\u017eenje nije prepoznalo i podr\u017ealo njene darove. Sada je ona porasla i njeni problemi su druga\u010diji, ali je sada i moj zadatak da joj poka\u017eem koliko je autenti\u010dna i da njeni talenti vrede i va\u017eni su. Ponavljam - neko jedva \u010deka da te upozna!  Autenti\u010dan \u017eivot nije samo u pri\u010di, on se \u017eivi i di\u0161e svakog dana. Danas sam ja odrasla i prakti\u010dan primer rada sa unutra\u0161njim detetom je da mu ja sada omogu\u0107im da bude vi\u0111eno i prihva\u0107eno. Volim da verujem da \u0107e moj \u017eivotni primer biti inspiracija i dota\u0107i ta\u010dno one kojima treba jedna ne\u017ena podr\u0161ka da vide sve ranjive delove sebe i nau\u010de kako da ih poka\u017eu i iscele \u0161ta je potrebno.  Rane i povrede koje smo dobijali, su mesta kroz koje ulazi svesnost i mudrost i kroz tu ranu slu\u017ei\u0107emo drugima...  Naslov knjige Kateta Usne je simbol za sve neizre\u010dene istine i pre\u0107utane povrede, progutane suze, ali i divne emocije koje usled porodi\u010dnih drama nismo nau\u010dili da izgovaramo jedni drugima. I olako uzimamo svoje bli\u017enje, podrazumevamo da znaju da se volimo, ostajemo zaglavljeni u dramama svakodnevnice i ne osve\u0161\u0107ujemo tu &quot;jednu tihu re\u010d u kutu srca mog skrivenu koju ne mogu izre\u0107i&quot;... Radom na sebi moji porodi\u010dni i partnerski odnosi su prolazili kroz transformacije i u\u010dila sam kako da se nosim sa novim identitetom, tom novom verzijom sebe, a onda se borila i sa okolinom da prihvati promenu u meni, i ona bolna mesta u svima njima koja su trigerovana mojim autenti\u010dnim \u017eivotom.  Ovde sam da budem iskra koja budi tvoje srce i podsetnik na beskraj potencijala koje imamo u sebi!  Radujem se \u0161to smo se sreli...   \u017deljka\" \/>\n<meta property=\"og:url\" content=\"https:\/\/tikiyoga.com\/proizvod\/e-book-kateta-usne\/\" \/>\n<meta property=\"og:site_name\" content=\"Tiki Yoga\" \/>\n<meta property=\"article:publisher\" content=\"https:\/\/www.facebook.com\/ZeljkaTikiYoga\" \/>\n<meta property=\"article:modified_time\" content=\"2026-03-09T08:58:27+00:00\" \/>\n<meta property=\"og:image\" content=\"https:\/\/tikiyoga.com\/wp-content\/uploads\/2023\/11\/kateta-usne-1-1.jpg\" \/>\n\t<meta property=\"og:image:width\" content=\"800\" \/>\n\t<meta property=\"og:image:height\" content=\"530\" \/>\n\t<meta property=\"og:image:type\" content=\"image\/jpeg\" \/>\n<meta name=\"twitter:card\" content=\"summary_large_image\" \/>\n<meta name=\"twitter:label1\" content=\"Est. reading time\" \/>\n\t<meta name=\"twitter:data1\" content=\"1 minute\" \/>\n<script type=\"application\/ld+json\" class=\"yoast-schema-graph\">{\"@context\":\"https:\/\/schema.org\",\"@graph\":[{\"@type\":\"WebPage\",\"@id\":\"https:\/\/tikiyoga.com\/proizvod\/e-book-kateta-usne\/\",\"url\":\"https:\/\/tikiyoga.com\/proizvod\/e-book-kateta-usne\/\",\"name\":\"E book Kateta Usne - Tiki Yoga\",\"isPartOf\":{\"@id\":\"https:\/\/tikiyoga.com\/#website\"},\"primaryImageOfPage\":{\"@id\":\"https:\/\/tikiyoga.com\/proizvod\/e-book-kateta-usne\/#primaryimage\"},\"image\":{\"@id\":\"https:\/\/tikiyoga.com\/proizvod\/e-book-kateta-usne\/#primaryimage\"},\"thumbnailUrl\":\"https:\/\/tikiyoga.com\/wp-content\/uploads\/2023\/11\/kateta-usne-1-1.jpg\",\"datePublished\":\"2024-11-13T20:17:37+00:00\",\"dateModified\":\"2026-03-09T08:58:27+00:00\",\"breadcrumb\":{\"@id\":\"https:\/\/tikiyoga.com\/proizvod\/e-book-kateta-usne\/#breadcrumb\"},\"inLanguage\":\"en-US\",\"potentialAction\":[{\"@type\":\"ReadAction\",\"target\":[\"https:\/\/tikiyoga.com\/proizvod\/e-book-kateta-usne\/\"]}]},{\"@type\":\"ImageObject\",\"inLanguage\":\"en-US\",\"@id\":\"https:\/\/tikiyoga.com\/proizvod\/e-book-kateta-usne\/#primaryimage\",\"url\":\"https:\/\/tikiyoga.com\/wp-content\/uploads\/2023\/11\/kateta-usne-1-1.jpg\",\"contentUrl\":\"https:\/\/tikiyoga.com\/wp-content\/uploads\/2023\/11\/kateta-usne-1-1.jpg\",\"width\":800,\"height\":530},{\"@type\":\"BreadcrumbList\",\"@id\":\"https:\/\/tikiyoga.com\/proizvod\/e-book-kateta-usne\/#breadcrumb\",\"itemListElement\":[{\"@type\":\"ListItem\",\"position\":1,\"name\":\"Home\",\"item\":\"https:\/\/tikiyoga.com\/en\/\"},{\"@type\":\"ListItem\",\"position\":2,\"name\":\"Proizvodi\",\"item\":\"https:\/\/tikiyoga.com\/shop\/\"},{\"@type\":\"ListItem\",\"position\":3,\"name\":\"E book Kateta Usne\"}]},{\"@type\":\"WebSite\",\"@id\":\"https:\/\/tikiyoga.com\/#website\",\"url\":\"https:\/\/tikiyoga.com\/\",\"name\":\"Tiki Yoga\",\"description\":\"Promocija zdravih stilova \u017eivota, edukacija, mentalno, fizi\u010dko i duhovno zdravlje\",\"publisher\":{\"@id\":\"https:\/\/tikiyoga.com\/#organization\"},\"potentialAction\":[{\"@type\":\"SearchAction\",\"target\":{\"@type\":\"EntryPoint\",\"urlTemplate\":\"https:\/\/tikiyoga.com\/?s={search_term_string}\"},\"query-input\":{\"@type\":\"PropertyValueSpecification\",\"valueRequired\":true,\"valueName\":\"search_term_string\"}}],\"inLanguage\":\"en-US\"},{\"@type\":\"Organization\",\"@id\":\"https:\/\/tikiyoga.com\/#organization\",\"name\":\"Tiki Yoga\",\"url\":\"https:\/\/tikiyoga.com\/\",\"logo\":{\"@type\":\"ImageObject\",\"inLanguage\":\"en-US\",\"@id\":\"https:\/\/tikiyoga.com\/#\/schema\/logo\/image\/\",\"url\":\"https:\/\/tikiyoga.com\/wp-content\/uploads\/2021\/11\/tiki-yoga-logo.png\",\"contentUrl\":\"https:\/\/tikiyoga.com\/wp-content\/uploads\/2021\/11\/tiki-yoga-logo.png\",\"width\":150,\"height\":150,\"caption\":\"Tiki Yoga\"},\"image\":{\"@id\":\"https:\/\/tikiyoga.com\/#\/schema\/logo\/image\/\"},\"sameAs\":[\"https:\/\/www.facebook.com\/ZeljkaTikiYoga\",\"https:\/\/www.youtube.com\/@tikiyoga\"]}]}<\/script>\n<!-- \/ Yoast SEO plugin. -->","yoast_head_json":{"title":"E book Kateta Usne - Tiki Yoga","robots":{"index":"index","follow":"follow","max-snippet":"max-snippet:-1","max-image-preview":"max-image-preview:large","max-video-preview":"max-video-preview:-1"},"canonical":"https:\/\/tikiyoga.com\/proizvod\/e-book-kateta-usne\/","og_locale":"en_US","og_type":"article","og_title":"E book Kateta Usne - Tiki Yoga","og_description":"Zdravo,  Ja sam \u017deljka Zdravkovi\u0107 i \u017eelim da te podsetim na tvoju veli\u010danstvenu prirodu i mo\u0107 kreacije! Ovo je moj poklon tebi...    Pred tobom je E-book kreiran da podr\u017ei transformacione promene u svima nama. Podsetnik na strast, talenete i darove koje smo dobili i razvijali, a \u010desto stavljali po strani da bi se \u017eivelo i pre\u017eivelo u svetu gde se od nas zahteva da se uklopimo u standarde i mediokritete.  Ovo je za tebe ako ti je tesna ko\u017ea i ose\u0107a\u0161 da \u017eivot ima i treba da ima dublji smisao, da smo tu da doti\u010demo druge \u017eivote i delimo radost i lako\u0107u postojanja .  Ali nije uvek bilo tako, dolazimo iz sredine koja je puna disfunkcionanih obrazaca i trauma porodi\u010dnih, li\u010dnh i kolektivnih... Pa kako onda \u017eiveti autenti\u010dno i ne ponavljati paterne koji nas iznova i iznova stavljaju u poziciju patnje, nemo\u0107i i ljutnje, ograni\u010denja i sputanosti da \u017eivimo puninu i istinu slobode izbora?  Nemam \u010darobnu formulu, volim da ka\u017eem da sam spirtualni mentor, spiritualni jer spajam medicinu i duhovne tehnike, mentor jer sam samo jedan (a nekad ni toliko) ispred tebe i jo\u0161 uvek napipavam put do autenti\u010dnog \u017eivljenja. Ali i mentor koji \u0107e te podr\u017eati i verovati u tvoj slede\u0107i korak jer je i sam bio na tom putu i u toj poziciji.  Knjiga koja je pred tobom je moj fundament jer kona\u010dno skidam masku ja\u010dine i kontrole i pokazujem svetu Ranjivost i svu ljubav koju imam u srcu. Jer, sada znam, nisam ja kriva zbog tu\u0111ih izbora i postupaka. A \u010desto sam se najvi\u0161e stidela svoje dobrote i otvorenog srca koje ispituje, u\u010di i spoznaje svet dublje i bez kalkulisanja.  Sve titule, diplome i dru\u0161tveni uspesi nisu mi pomogli da izbegnem svoju hipersenzibilnost, traume i porodi\u010dna i kolektivna uverenja i da svojim izborima i odlukama pravim kvantne skokove i \u017eivim transformaciju. Ali ljubav jeste, i znanje. Kad god sam mogla u\u010dila sam i testirala tehnike i nove uvide na sebi i ljudima...  E-book se sastoji iz dva dela - zbirka pesama Kateta Usne, kroz koju promovi\u0161em unutra\u0161nji rast i promenu kroz svesnost o transgeneracijskim traumama i ograni\u010davaju\u0107im uverenjima pre svega porodi\u010dnim, ali i kolektivnim.  Drugi deo se odnosi na edukativni materijal o temama koje istra\u017eujem i podu\u010davam kroz svoj rad sa ljudima.  Verujem da \u0107e vam oba dela biti korisna i inspirativna da nadalje istra\u017eujete i upoznajete se sa ovim temama.  Zbirka pesama je nastajala u periodu kada sam bila mladi talentovani pisac, koji je jedva \u010dekao prvi septembar jer \u0107e kada po\u0111e u \u0161kolu mo\u0107i da spava du\u017ee. Moja porodica je imala problema i brat i ja smo radili sa majkom jo\u0161 od osnovne \u0161kole, imali smo svoje tezge i prodavali vo\u0107e, ali to bi zna\u010dilo da sam naj\u010de\u0161\u0107e i pisala i \u010ditala knjige rade\u0107i na otvorenom i zimi i leti... Sada sam na doktoratu, i sada ja vidim i cenim i podr\u017eavam tu talentovanu devoj\u010dicu koja je mnoge svoje talente ugu\u0161ila jer okru\u017eenje nije prepoznalo i podr\u017ealo njene darove. Sada je ona porasla i njeni problemi su druga\u010diji, ali je sada i moj zadatak da joj poka\u017eem koliko je autenti\u010dna i da njeni talenti vrede i va\u017eni su. Ponavljam - neko jedva \u010deka da te upozna!  Autenti\u010dan \u017eivot nije samo u pri\u010di, on se \u017eivi i di\u0161e svakog dana. Danas sam ja odrasla i prakti\u010dan primer rada sa unutra\u0161njim detetom je da mu ja sada omogu\u0107im da bude vi\u0111eno i prihva\u0107eno. Volim da verujem da \u0107e moj \u017eivotni primer biti inspiracija i dota\u0107i ta\u010dno one kojima treba jedna ne\u017ena podr\u0161ka da vide sve ranjive delove sebe i nau\u010de kako da ih poka\u017eu i iscele \u0161ta je potrebno.  Rane i povrede koje smo dobijali, su mesta kroz koje ulazi svesnost i mudrost i kroz tu ranu slu\u017ei\u0107emo drugima...  Naslov knjige Kateta Usne je simbol za sve neizre\u010dene istine i pre\u0107utane povrede, progutane suze, ali i divne emocije koje usled porodi\u010dnih drama nismo nau\u010dili da izgovaramo jedni drugima. I olako uzimamo svoje bli\u017enje, podrazumevamo da znaju da se volimo, ostajemo zaglavljeni u dramama svakodnevnice i ne osve\u0161\u0107ujemo tu \"jednu tihu re\u010d u kutu srca mog skrivenu koju ne mogu izre\u0107i\"... Radom na sebi moji porodi\u010dni i partnerski odnosi su prolazili kroz transformacije i u\u010dila sam kako da se nosim sa novim identitetom, tom novom verzijom sebe, a onda se borila i sa okolinom da prihvati promenu u meni, i ona bolna mesta u svima njima koja su trigerovana mojim autenti\u010dnim \u017eivotom.  Ovde sam da budem iskra koja budi tvoje srce i podsetnik na beskraj potencijala koje imamo u sebi!  Radujem se \u0161to smo se sreli...   \u017deljka","og_url":"https:\/\/tikiyoga.com\/proizvod\/e-book-kateta-usne\/","og_site_name":"Tiki Yoga","article_publisher":"https:\/\/www.facebook.com\/ZeljkaTikiYoga","article_modified_time":"2026-03-09T08:58:27+00:00","og_image":[{"width":800,"height":530,"url":"https:\/\/tikiyoga.com\/wp-content\/uploads\/2023\/11\/kateta-usne-1-1.jpg","type":"image\/jpeg"}],"twitter_card":"summary_large_image","twitter_misc":{"Est. reading time":"1 minute"},"schema":{"@context":"https:\/\/schema.org","@graph":[{"@type":"WebPage","@id":"https:\/\/tikiyoga.com\/proizvod\/e-book-kateta-usne\/","url":"https:\/\/tikiyoga.com\/proizvod\/e-book-kateta-usne\/","name":"E book Kateta Usne - Tiki Yoga","isPartOf":{"@id":"https:\/\/tikiyoga.com\/#website"},"primaryImageOfPage":{"@id":"https:\/\/tikiyoga.com\/proizvod\/e-book-kateta-usne\/#primaryimage"},"image":{"@id":"https:\/\/tikiyoga.com\/proizvod\/e-book-kateta-usne\/#primaryimage"},"thumbnailUrl":"https:\/\/tikiyoga.com\/wp-content\/uploads\/2023\/11\/kateta-usne-1-1.jpg","datePublished":"2024-11-13T20:17:37+00:00","dateModified":"2026-03-09T08:58:27+00:00","breadcrumb":{"@id":"https:\/\/tikiyoga.com\/proizvod\/e-book-kateta-usne\/#breadcrumb"},"inLanguage":"en-US","potentialAction":[{"@type":"ReadAction","target":["https:\/\/tikiyoga.com\/proizvod\/e-book-kateta-usne\/"]}]},{"@type":"ImageObject","inLanguage":"en-US","@id":"https:\/\/tikiyoga.com\/proizvod\/e-book-kateta-usne\/#primaryimage","url":"https:\/\/tikiyoga.com\/wp-content\/uploads\/2023\/11\/kateta-usne-1-1.jpg","contentUrl":"https:\/\/tikiyoga.com\/wp-content\/uploads\/2023\/11\/kateta-usne-1-1.jpg","width":800,"height":530},{"@type":"BreadcrumbList","@id":"https:\/\/tikiyoga.com\/proizvod\/e-book-kateta-usne\/#breadcrumb","itemListElement":[{"@type":"ListItem","position":1,"name":"Home","item":"https:\/\/tikiyoga.com\/en\/"},{"@type":"ListItem","position":2,"name":"Proizvodi","item":"https:\/\/tikiyoga.com\/shop\/"},{"@type":"ListItem","position":3,"name":"E book Kateta Usne"}]},{"@type":"WebSite","@id":"https:\/\/tikiyoga.com\/#website","url":"https:\/\/tikiyoga.com\/","name":"Tiki Yoga","description":"Promocija zdravih stilova \u017eivota, edukacija, mentalno, fizi\u010dko i duhovno zdravlje","publisher":{"@id":"https:\/\/tikiyoga.com\/#organization"},"potentialAction":[{"@type":"SearchAction","target":{"@type":"EntryPoint","urlTemplate":"https:\/\/tikiyoga.com\/?s={search_term_string}"},"query-input":{"@type":"PropertyValueSpecification","valueRequired":true,"valueName":"search_term_string"}}],"inLanguage":"en-US"},{"@type":"Organization","@id":"https:\/\/tikiyoga.com\/#organization","name":"Tiki Yoga","url":"https:\/\/tikiyoga.com\/","logo":{"@type":"ImageObject","inLanguage":"en-US","@id":"https:\/\/tikiyoga.com\/#\/schema\/logo\/image\/","url":"https:\/\/tikiyoga.com\/wp-content\/uploads\/2021\/11\/tiki-yoga-logo.png","contentUrl":"https:\/\/tikiyoga.com\/wp-content\/uploads\/2021\/11\/tiki-yoga-logo.png","width":150,"height":150,"caption":"Tiki Yoga"},"image":{"@id":"https:\/\/tikiyoga.com\/#\/schema\/logo\/image\/"},"sameAs":["https:\/\/www.facebook.com\/ZeljkaTikiYoga","https:\/\/www.youtube.com\/@tikiyoga"]}]}},"_links":{"self":[{"href":"https:\/\/tikiyoga.com\/en\/wp-json\/wp\/v2\/product\/5454","targetHints":{"allow":["GET"]}}],"collection":[{"href":"https:\/\/tikiyoga.com\/en\/wp-json\/wp\/v2\/product"}],"about":[{"href":"https:\/\/tikiyoga.com\/en\/wp-json\/wp\/v2\/types\/product"}],"wp:featuredmedia":[{"embeddable":true,"href":"https:\/\/tikiyoga.com\/en\/wp-json\/wp\/v2\/media\/5828"}],"wp:attachment":[{"href":"https:\/\/tikiyoga.com\/en\/wp-json\/wp\/v2\/media?parent=5454"}],"wp:term":[{"taxonomy":"product_brand","embeddable":true,"href":"https:\/\/tikiyoga.com\/en\/wp-json\/wp\/v2\/product_brand?post=5454"},{"taxonomy":"product_cat","embeddable":true,"href":"https:\/\/tikiyoga.com\/en\/wp-json\/wp\/v2\/product_cat?post=5454"},{"taxonomy":"product_tag","embeddable":true,"href":"https:\/\/tikiyoga.com\/en\/wp-json\/wp\/v2\/product_tag?post=5454"}],"curies":[{"name":"wp","href":"https:\/\/api.w.org\/{rel}","templated":true}]}}