{"id":5667,"date":"2025-04-09T20:46:46","date_gmt":"2025-04-09T20:46:46","guid":{"rendered":"https:\/\/tikiyoga.com\/?post_type=product&#038;p=5667"},"modified":"2025-04-24T07:13:20","modified_gmt":"2025-04-24T07:13:20","slug":"joga-za-zene-u-menopauzi","status":"publish","type":"product","link":"https:\/\/tikiyoga.com\/en\/proizvod\/joga-za-zene-u-menopauzi\/","title":{"rendered":"Joga za \u017eene u menopauzi"},"content":{"rendered":"[vc_row full_width=&#8221;stretch_row&#8221; bg_type=&#8221;bg_color&#8221; css=&#8221;.vc_custom_1744120663400{background-color: rgba(255,255,255,0.06) !important;*background-color: rgb(255,255,255) !important;}&#8221;][vc_column][vc_empty_space][vc_column_text]\n<h2>\u0160ta sadr\u017ei ovaj paket?<\/h2>\n[\/vc_column_text][vc_empty_space]<div class=\"smile_icon_list_wrap ult_info_list_container ult-adjust-bottom-margin  \"><ul class=\"smile_icon_list left square with_bg\"><li class=\"icon_list_item\" style=\" font-size:36px;\"><div class=\"icon_list_icon\" data-animation=\"\" data-animation-delay=\"03\" style=\"font-size:12px;border-width:1px;border-style:none;background:rgba(255,255,255,0.01);color:#333333;border-color:#333333;\"><img decoding=\"async\" class=\"list-img-icon\" alt=\"null\" src=\"https:\/\/tikiyoga.com\/wp-content\/uploads\/2024\/09\/zeleni-cvet-png-1.png\"\/><\/div><div class=\"icon_description\" id=\"Info-list-wrap-1035\" style=\"font-size:12px;\"><h3 class=\"ult-responsive info-list-heading\"  data-ultimate-target='#Info-list-wrap-1035 h3'  data-responsive-json-new='{\"font-size\":\"desktop:22px;\",\"line-height\":\"desktop:35px;\"}'  style=\"\"><\/p>\n<h2>12 \u010dasova joge mese\u010dno u\u017eivo putem Zoom-a<\/h2>\n<p><\/h3><div class=\"icon_description_text ult-responsive\"  data-ultimate-target='#Info-list-wrap-1035 .icon_description_text'  data-responsive-json-new='{\"font-size\":\"desktop:18px;\",\"line-height\":\"desktop:22px;\"}'  style=\"\"><div class=\"gap\" style=\"line-height: 10px; height: 10px;\"><\/div>\n<p>Pa\u017eljivo osmi\u0161ljeni \u010dasovi prilago\u0111eni \u017eenama u menopauzi, sa fokusom na hormonalni balans, relaksaciju i snagu.<\/p>\n<p><em>Svi \u010dasovi dostupni kao snimci u okviru kurs platforme \u2013 ve\u017ebaj kad god ti odgovara.<\/em><\/p>\n<\/div><\/div><div class=\"icon_list_connector\"  style=\"border-right-width: 1px;border-right-style: dashed;border-color: #ffffff;\"><\/div><\/li><li class=\"icon_list_item\" style=\" font-size:36px;\"><div class=\"icon_list_icon\" data-animation=\"\" data-animation-delay=\"03\" style=\"font-size:12px;border-width:1px;border-style:none;background:rgba(255,255,255,0.01);color:#333333;border-color:#333333;\"><img decoding=\"async\" class=\"list-img-icon\" alt=\"null\" src=\"https:\/\/tikiyoga.com\/wp-content\/uploads\/2024\/09\/zeleni-cvet-png-1.png\"\/><\/div><div class=\"icon_description\" id=\"Info-list-wrap-9707\" style=\"font-size:12px;\"><h3 class=\"ult-responsive info-list-heading\"  data-ultimate-target='#Info-list-wrap-9707 h3'  data-responsive-json-new='{\"font-size\":\"desktop:22px;\",\"line-height\":\"desktop:35px;\"}'  style=\"\"><\/p>\n<h2>Hipnomeditacija za menopauzu<\/h2>\n<p><\/h3><div class=\"icon_description_text ult-responsive\"  data-ultimate-target='#Info-list-wrap-9707 .icon_description_text'  data-responsive-json-new='{\"font-size\":\"desktop:18px;\",\"line-height\":\"desktop:22px;\"}'  style=\"\"><div class=\"gap\" style=\"line-height: 10px; height: 10px;\"><\/div>\n<p>Specijalno kreirane hipnomeditacije za opu\u0161tanje, regulaciju hormona i unutra\u0161nji mir. Pristupa\u0161 im u bilo kom trenutku, sa svog naloga.<\/p>\n<\/div><\/div><div class=\"icon_list_connector\"  style=\"border-right-width: 1px;border-right-style: dashed;border-color: #ffffff;\"><\/div><\/li><li class=\"icon_list_item\" style=\" font-size:36px;\"><div class=\"icon_list_icon\" data-animation=\"\" data-animation-delay=\"03\" style=\"font-size:12px;border-width:1px;border-style:none;background:rgba(255,255,255,0.01);color:#333333;border-color:#333333;\"><img decoding=\"async\" class=\"list-img-icon\" alt=\"null\" src=\"https:\/\/tikiyoga.com\/wp-content\/uploads\/2024\/09\/zeleni-cvet-png-1.png\"\/><\/div><div class=\"icon_description\" id=\"Info-list-wrap-9752\" style=\"font-size:12px;\"><h3 class=\"ult-responsive info-list-heading\"  data-ultimate-target='#Info-list-wrap-9752 h3'  data-responsive-json-new='{\"font-size\":\"desktop:22px;\",\"line-height\":\"desktop:35px;\"}'  style=\"\"><\/p>\n<h2>\ud83c\udf81 BONUS sadr\u017eaj:<\/h2>\n<p><\/h3><div class=\"icon_description_text ult-responsive\"  data-ultimate-target='#Info-list-wrap-9752 .icon_description_text'  data-responsive-json-new='{\"font-size\":\"desktop:18px;\",\"line-height\":\"desktop:22px;\"}'  style=\"\"><div class=\"gap\" style=\"line-height: 10px; height: 10px;\"><\/div>\n<ul>\n<li>Ve\u017ebe disanja za balans hormona<\/li>\n<li>Jutarnja i ve\u010dernja rutinska praksa<\/li>\n<li>Saveti za svakodnevnu rutinu i oporavak tokom menopauze<\/li>\n<\/ul>\n<p><em>Sve ti je dostupno putem tvoje korisni\u010dke stranice \u2013 login platforme, na kojoj su svi Zoom linkovi, snimci i materijali uredno organizovani.<\/em><\/p>\n<\/div><\/div><div class=\"icon_list_connector\"  style=\"border-right-width: 1px;border-right-style: dashed;border-color: #ffffff;\"><\/div><\/li><\/ul><\/div>[vc_empty_space][\/vc_column][\/vc_row][vc_row full_width=&#8221;stretch_row_content_no_spaces&#8221;][vc_column][vc_empty_space][vc_column_text]<img decoding=\"async\" class=\"aligncenter wp-image-5730 size-full\" src=\"https:\/\/tikiyoga.com\/wp-content\/uploads\/2025\/04\/joga-za-zene-u-menopauzi-9.jpg\" alt=\"joga-za-zene-u-menopauzi\" width=\"1920\" height=\"1132\" srcset=\"https:\/\/tikiyoga.com\/wp-content\/uploads\/2025\/04\/joga-za-zene-u-menopauzi-9.jpg 1920w, https:\/\/tikiyoga.com\/wp-content\/uploads\/2025\/04\/joga-za-zene-u-menopauzi-9-500x295.jpg 500w, https:\/\/tikiyoga.com\/wp-content\/uploads\/2025\/04\/joga-za-zene-u-menopauzi-9-800x472.jpg 800w, https:\/\/tikiyoga.com\/wp-content\/uploads\/2025\/04\/joga-za-zene-u-menopauzi-9-300x177.jpg 300w, https:\/\/tikiyoga.com\/wp-content\/uploads\/2025\/04\/joga-za-zene-u-menopauzi-9-1024x604.jpg 1024w, https:\/\/tikiyoga.com\/wp-content\/uploads\/2025\/04\/joga-za-zene-u-menopauzi-9-768x453.jpg 768w, https:\/\/tikiyoga.com\/wp-content\/uploads\/2025\/04\/joga-za-zene-u-menopauzi-9-1536x906.jpg 1536w\" sizes=\"(max-width: 1920px) 100vw, 1920px\" \/>[\/vc_column_text][\/vc_column][\/vc_row][vc_row full_width=&#8221;stretch_row&#8221; bg_type=&#8221;bg_color&#8221;][vc_column][vc_empty_space height=&#8221;60&#8243;][vc_column_text]\n<h2>Klju\u010dne koristi<\/h2>\n<ul>\n<li>Ubla\u017eava <strong>valunge, nesanicu i promene raspolo\u017eenja<\/strong><\/li>\n<li>Oja\u010dava <strong>kosti, mi\u0161i\u0107e i zglobove<\/strong> \u2013 prevencija osteoporoze<\/li>\n<li>Smanjuje <strong>stres i anksioznost<\/strong> kroz disanje i meditaciju<\/li>\n<li>Poma\u017ee u <strong>balansiranju hormona<\/strong> prirodnim putem<\/li>\n<li>Pobolj\u0161ava <strong>cirkulaciju, san i emocionalnu stabilnost<\/strong><\/li>\n<li>Ja\u010danje <strong>karli\u010dnog dna<\/strong>, smanjuje <strong>inkontinenciju<\/strong> i pospe\u0161uje oporavak nakon <strong>hiru\u0161kih intervencija<\/strong><\/li>\n<\/ul>\n[\/vc_column_text][vc_empty_space][\/vc_column][\/vc_row][vc_row full_width=&#8221;stretch_row_content_no_spaces&#8221;][vc_column][vc_empty_space][vc_column_text]<img decoding=\"async\" class=\"aligncenter wp-image-5735 size-full\" src=\"https:\/\/tikiyoga.com\/wp-content\/uploads\/2025\/04\/joga-za-zene-u-menopauzi-11.jpg\" alt=\"\" width=\"1920\" height=\"1132\" srcset=\"https:\/\/tikiyoga.com\/wp-content\/uploads\/2025\/04\/joga-za-zene-u-menopauzi-11.jpg 1920w, https:\/\/tikiyoga.com\/wp-content\/uploads\/2025\/04\/joga-za-zene-u-menopauzi-11-500x295.jpg 500w, https:\/\/tikiyoga.com\/wp-content\/uploads\/2025\/04\/joga-za-zene-u-menopauzi-11-800x472.jpg 800w, https:\/\/tikiyoga.com\/wp-content\/uploads\/2025\/04\/joga-za-zene-u-menopauzi-11-300x177.jpg 300w, https:\/\/tikiyoga.com\/wp-content\/uploads\/2025\/04\/joga-za-zene-u-menopauzi-11-1024x604.jpg 1024w, https:\/\/tikiyoga.com\/wp-content\/uploads\/2025\/04\/joga-za-zene-u-menopauzi-11-768x453.jpg 768w, https:\/\/tikiyoga.com\/wp-content\/uploads\/2025\/04\/joga-za-zene-u-menopauzi-11-1536x906.jpg 1536w\" sizes=\"(max-width: 1920px) 100vw, 1920px\" \/>[\/vc_column_text][\/vc_column][\/vc_row][vc_row][vc_column][vc_empty_space][vc_column_text]\n<h4>Pridru\u017ei se stotinama \u017eena koje su kroz ovaj program osetile novi talas energije, unutra\u0161njeg mira i \u017eenske snage.<\/h4>\n[\/vc_column_text][vc_empty_space][\/vc_column][\/vc_row][vc_row full_width=&#8221;stretch_row&#8221; bg_type=&#8221;bg_color&#8221; bg_color_value=&#8221;rgba(145,137,52,0.06)&#8221;][vc_column][vc_empty_space][vc_column_text]\n<h6 style=\"text-align: justify;\"><span style=\"color: #333333;\"><strong>Zdravstveni programi<\/strong> osmi\u0161ljeni su na osnovu savremenih medicinskih saznanja i integrativnih metoda koje podr\u017eavaju \u017eensko zdravlje tokom menopauze. Kroz spoj nauke, joge i holisti\u010dkih tehnika, program pru\u017ea celovitu podr\u0161ku telu, hormonima i emocijama \u2013 za ravnote\u017eu, vitalnost i unutra\u0161nji mir.<\/span><\/h6>\n<h6 style=\"text-align: justify;\"><span style=\"color: #333333;\">Program je kreirala <a style=\"color: #333333;\" href=\"https:\/\/tikiyoga.com\/o-nama\/#zeljka-zdravkovic\">\u017deljka Zdravkovi\u0107<\/a>, master menad\u017eer zdravstvene za\u0161tite i doktorand medicinskog fakulteta, specijalizovana za integrativne pristupe u radu sa \u017eenama. Vi\u0161e od decenije radi sa vulnerabilnim grupama, spajaju\u0107i medicinu, jogu i energetske terapije u praksi.<\/span><\/h6>\n<h6 style=\"text-align: justify;\"><span style=\"color: #333333;\">\u26a0\ufe0f Napomena: Ovi programi ne predstavljaju zamenu za medicinsko le\u010denje niti dijagnosti\u010dke procedure. Namenjeni su kao dodatna, podr\u017eavaju\u0107a praksa u okviru celokupnog zdravstvenog pristupa. <\/span><span style=\"color: #333333;\">Svi u\u010desnici se upu\u0107uju da konsultuju svog lekara u vezi sa individualnim zdravstvenim stanjima. Organizator ne snosi odgovornost za nepravilno kori\u0161\u0107enje sadr\u017eaja programa.<\/span><\/h6>\n[\/vc_column_text][vc_empty_space height=&#8221;20&#8243;]<style type=\"text\/css\" data-type=\"the7_shortcodes-inline-css\">#default-btn-23ccb95235d5cf31350d698dfe7987b5.ico-right-side > i {\n  margin-right: 0px;\n  margin-left: 8px;\n}\n#default-btn-23ccb95235d5cf31350d698dfe7987b5 > i {\n  margin-right: 8px;\n}\n#default-btn-23ccb95235d5cf31350d698dfe7987b5 * {\n  vertical-align: middle;\n}\n<\/style><div class=\"btn-align-left\"><a href=\"https:\/\/tikiyoga.com\/joga-za-zene-u-menopauzi\/\" class=\"default-btn-shortcode dt-btn dt-btn-m link-hover-off \" target=\"_blank\" id=\"default-btn-23ccb95235d5cf31350d698dfe7987b5\" rel=\"noopener\"><span>\ud83d\udc49 VI\u0160E O PROGRAMU<\/span><\/a><\/div>[vc_empty_space][\/vc_column][\/vc_row]\n","protected":false},"excerpt":{"rendered":"<h3>Zdravstveni holisti\u010dki paket<\/h3>\n<h4>Program za hormonalni balans, snagu i emotivnu stabilnost<\/h4>\n<p>Ovaj joga program je posebno osmi\u0161ljen za \u017eene koje prolaze kroz menopauzu \u2013 fazu u kojoj telo tra\u017ei novu ravnote\u017eu.<\/p>\n<p>Pomo\u0107u pa\u017eljivo odabranih ve\u017ebi, disanja, meditacija i edukacije, ovaj paket poma\u017ee u ubla\u017eavanju simptoma menopauze i vra\u0107a ose\u0107aj snage i vitalnosti.<\/p>\n<p>&nbsp;<\/p>\n<h6>Pristup svim materijalima tokom trajanja programa. Mese\u010dno obnavljanje programa. Mogu\u0107nost poha\u0111anja samo joga \u010dasova ili kupovine samo hipnomeditacija.<\/h6>\n","protected":false},"featured_media":5824,"template":"","meta":[],"product_brand":[],"product_cat":[61],"product_tag":[],"class_list":{"0":"post-5667","1":"product","2":"type-product","3":"status-publish","4":"has-post-thumbnail","6":"product_cat-shop","7":"description-off","9":"first","10":"instock","11":"shipping-taxable","12":"purchasable","13":"product-type-simple"},"yoast_head":"<!-- This site is optimized with the Yoast SEO plugin v26.9 - https:\/\/yoast.com\/product\/yoast-seo-wordpress\/ -->\n<title>Joga za \u017eene u menopauzi - Tiki Yoga<\/title>\n<meta name=\"robots\" content=\"index, follow, max-snippet:-1, max-image-preview:large, max-video-preview:-1\" \/>\n<link rel=\"canonical\" href=\"https:\/\/tikiyoga.com\/proizvod\/joga-za-zene-u-menopauzi\/\" \/>\n<meta property=\"og:locale\" content=\"en_US\" \/>\n<meta property=\"og:type\" content=\"article\" \/>\n<meta property=\"og:title\" content=\"Joga za \u017eene u menopauzi - Tiki Yoga\" \/>\n<meta property=\"og:description\" content=\"Zdravstveni holisti\u010dki paket Program za hormonalni balans, snagu i emotivnu stabilnost Ovaj joga program je posebno osmi\u0161ljen za \u017eene koje prolaze kroz menopauzu \u2013 fazu u kojoj telo tra\u017ei novu ravnote\u017eu.  Pomo\u0107u pa\u017eljivo odabranih ve\u017ebi, disanja, meditacija i edukacije, ovaj paket poma\u017ee u ubla\u017eavanju simptoma menopauze i vra\u0107a ose\u0107aj snage i vitalnosti.  &nbsp; Pristup svim materijalima tokom trajanja programa. Mese\u010dno obnavljanje programa. Mogu\u0107nost poha\u0111anja samo joga \u010dasova ili kupovine samo hipnomeditacija.\" \/>\n<meta property=\"og:url\" content=\"https:\/\/tikiyoga.com\/proizvod\/joga-za-zene-u-menopauzi\/\" \/>\n<meta property=\"og:site_name\" content=\"Tiki Yoga\" \/>\n<meta property=\"article:publisher\" content=\"https:\/\/www.facebook.com\/ZeljkaTikiYoga\" \/>\n<meta property=\"article:modified_time\" content=\"2025-04-24T07:13:20+00:00\" \/>\n<meta property=\"og:image\" content=\"https:\/\/tikiyoga.com\/wp-content\/uploads\/2025\/04\/Joga-za-zene-u-menopauzi-13.jpg\" \/>\n\t<meta property=\"og:image:width\" content=\"800\" \/>\n\t<meta property=\"og:image:height\" content=\"530\" \/>\n\t<meta property=\"og:image:type\" content=\"image\/jpeg\" \/>\n<meta name=\"twitter:card\" content=\"summary_large_image\" \/>\n<meta name=\"twitter:label1\" content=\"Est. reading time\" \/>\n\t<meta name=\"twitter:data1\" content=\"3 minutes\" \/>\n<script type=\"application\/ld+json\" class=\"yoast-schema-graph\">{\"@context\":\"https:\/\/schema.org\",\"@graph\":[{\"@type\":\"WebPage\",\"@id\":\"https:\/\/tikiyoga.com\/proizvod\/joga-za-zene-u-menopauzi\/\",\"url\":\"https:\/\/tikiyoga.com\/proizvod\/joga-za-zene-u-menopauzi\/\",\"name\":\"Joga za \u017eene u menopauzi - Tiki Yoga\",\"isPartOf\":{\"@id\":\"https:\/\/tikiyoga.com\/#website\"},\"primaryImageOfPage\":{\"@id\":\"https:\/\/tikiyoga.com\/proizvod\/joga-za-zene-u-menopauzi\/#primaryimage\"},\"image\":{\"@id\":\"https:\/\/tikiyoga.com\/proizvod\/joga-za-zene-u-menopauzi\/#primaryimage\"},\"thumbnailUrl\":\"https:\/\/tikiyoga.com\/wp-content\/uploads\/2025\/04\/Joga-za-zene-u-menopauzi-13.jpg\",\"datePublished\":\"2025-04-09T20:46:46+00:00\",\"dateModified\":\"2025-04-24T07:13:20+00:00\",\"breadcrumb\":{\"@id\":\"https:\/\/tikiyoga.com\/proizvod\/joga-za-zene-u-menopauzi\/#breadcrumb\"},\"inLanguage\":\"en-US\",\"potentialAction\":[{\"@type\":\"ReadAction\",\"target\":[\"https:\/\/tikiyoga.com\/proizvod\/joga-za-zene-u-menopauzi\/\"]}]},{\"@type\":\"ImageObject\",\"inLanguage\":\"en-US\",\"@id\":\"https:\/\/tikiyoga.com\/proizvod\/joga-za-zene-u-menopauzi\/#primaryimage\",\"url\":\"https:\/\/tikiyoga.com\/wp-content\/uploads\/2025\/04\/Joga-za-zene-u-menopauzi-13.jpg\",\"contentUrl\":\"https:\/\/tikiyoga.com\/wp-content\/uploads\/2025\/04\/Joga-za-zene-u-menopauzi-13.jpg\",\"width\":800,\"height\":530},{\"@type\":\"BreadcrumbList\",\"@id\":\"https:\/\/tikiyoga.com\/proizvod\/joga-za-zene-u-menopauzi\/#breadcrumb\",\"itemListElement\":[{\"@type\":\"ListItem\",\"position\":1,\"name\":\"Home\",\"item\":\"https:\/\/tikiyoga.com\/en\/\"},{\"@type\":\"ListItem\",\"position\":2,\"name\":\"Proizvodi\",\"item\":\"https:\/\/tikiyoga.com\/shop\/\"},{\"@type\":\"ListItem\",\"position\":3,\"name\":\"Joga za \u017eene u menopauzi\"}]},{\"@type\":\"WebSite\",\"@id\":\"https:\/\/tikiyoga.com\/#website\",\"url\":\"https:\/\/tikiyoga.com\/\",\"name\":\"Tiki Yoga\",\"description\":\"Promocija zdravih stilova \u017eivota, edukacija, mentalno, fizi\u010dko i duhovno zdravlje\",\"publisher\":{\"@id\":\"https:\/\/tikiyoga.com\/#organization\"},\"potentialAction\":[{\"@type\":\"SearchAction\",\"target\":{\"@type\":\"EntryPoint\",\"urlTemplate\":\"https:\/\/tikiyoga.com\/?s={search_term_string}\"},\"query-input\":{\"@type\":\"PropertyValueSpecification\",\"valueRequired\":true,\"valueName\":\"search_term_string\"}}],\"inLanguage\":\"en-US\"},{\"@type\":\"Organization\",\"@id\":\"https:\/\/tikiyoga.com\/#organization\",\"name\":\"Tiki Yoga\",\"url\":\"https:\/\/tikiyoga.com\/\",\"logo\":{\"@type\":\"ImageObject\",\"inLanguage\":\"en-US\",\"@id\":\"https:\/\/tikiyoga.com\/#\/schema\/logo\/image\/\",\"url\":\"https:\/\/tikiyoga.com\/wp-content\/uploads\/2021\/11\/tiki-yoga-logo.png\",\"contentUrl\":\"https:\/\/tikiyoga.com\/wp-content\/uploads\/2021\/11\/tiki-yoga-logo.png\",\"width\":150,\"height\":150,\"caption\":\"Tiki Yoga\"},\"image\":{\"@id\":\"https:\/\/tikiyoga.com\/#\/schema\/logo\/image\/\"},\"sameAs\":[\"https:\/\/www.facebook.com\/ZeljkaTikiYoga\",\"https:\/\/www.youtube.com\/@tikiyoga\"]}]}<\/script>\n<!-- \/ Yoast SEO plugin. -->","yoast_head_json":{"title":"Joga za \u017eene u menopauzi - Tiki Yoga","robots":{"index":"index","follow":"follow","max-snippet":"max-snippet:-1","max-image-preview":"max-image-preview:large","max-video-preview":"max-video-preview:-1"},"canonical":"https:\/\/tikiyoga.com\/proizvod\/joga-za-zene-u-menopauzi\/","og_locale":"en_US","og_type":"article","og_title":"Joga za \u017eene u menopauzi - Tiki Yoga","og_description":"Zdravstveni holisti\u010dki paket Program za hormonalni balans, snagu i emotivnu stabilnost Ovaj joga program je posebno osmi\u0161ljen za \u017eene koje prolaze kroz menopauzu \u2013 fazu u kojoj telo tra\u017ei novu ravnote\u017eu.  Pomo\u0107u pa\u017eljivo odabranih ve\u017ebi, disanja, meditacija i edukacije, ovaj paket poma\u017ee u ubla\u017eavanju simptoma menopauze i vra\u0107a ose\u0107aj snage i vitalnosti.  &nbsp; Pristup svim materijalima tokom trajanja programa. Mese\u010dno obnavljanje programa. Mogu\u0107nost poha\u0111anja samo joga \u010dasova ili kupovine samo hipnomeditacija.","og_url":"https:\/\/tikiyoga.com\/proizvod\/joga-za-zene-u-menopauzi\/","og_site_name":"Tiki Yoga","article_publisher":"https:\/\/www.facebook.com\/ZeljkaTikiYoga","article_modified_time":"2025-04-24T07:13:20+00:00","og_image":[{"width":800,"height":530,"url":"https:\/\/tikiyoga.com\/wp-content\/uploads\/2025\/04\/Joga-za-zene-u-menopauzi-13.jpg","type":"image\/jpeg"}],"twitter_card":"summary_large_image","twitter_misc":{"Est. reading time":"3 minutes"},"schema":{"@context":"https:\/\/schema.org","@graph":[{"@type":"WebPage","@id":"https:\/\/tikiyoga.com\/proizvod\/joga-za-zene-u-menopauzi\/","url":"https:\/\/tikiyoga.com\/proizvod\/joga-za-zene-u-menopauzi\/","name":"Joga za \u017eene u menopauzi - Tiki Yoga","isPartOf":{"@id":"https:\/\/tikiyoga.com\/#website"},"primaryImageOfPage":{"@id":"https:\/\/tikiyoga.com\/proizvod\/joga-za-zene-u-menopauzi\/#primaryimage"},"image":{"@id":"https:\/\/tikiyoga.com\/proizvod\/joga-za-zene-u-menopauzi\/#primaryimage"},"thumbnailUrl":"https:\/\/tikiyoga.com\/wp-content\/uploads\/2025\/04\/Joga-za-zene-u-menopauzi-13.jpg","datePublished":"2025-04-09T20:46:46+00:00","dateModified":"2025-04-24T07:13:20+00:00","breadcrumb":{"@id":"https:\/\/tikiyoga.com\/proizvod\/joga-za-zene-u-menopauzi\/#breadcrumb"},"inLanguage":"en-US","potentialAction":[{"@type":"ReadAction","target":["https:\/\/tikiyoga.com\/proizvod\/joga-za-zene-u-menopauzi\/"]}]},{"@type":"ImageObject","inLanguage":"en-US","@id":"https:\/\/tikiyoga.com\/proizvod\/joga-za-zene-u-menopauzi\/#primaryimage","url":"https:\/\/tikiyoga.com\/wp-content\/uploads\/2025\/04\/Joga-za-zene-u-menopauzi-13.jpg","contentUrl":"https:\/\/tikiyoga.com\/wp-content\/uploads\/2025\/04\/Joga-za-zene-u-menopauzi-13.jpg","width":800,"height":530},{"@type":"BreadcrumbList","@id":"https:\/\/tikiyoga.com\/proizvod\/joga-za-zene-u-menopauzi\/#breadcrumb","itemListElement":[{"@type":"ListItem","position":1,"name":"Home","item":"https:\/\/tikiyoga.com\/en\/"},{"@type":"ListItem","position":2,"name":"Proizvodi","item":"https:\/\/tikiyoga.com\/shop\/"},{"@type":"ListItem","position":3,"name":"Joga za \u017eene u menopauzi"}]},{"@type":"WebSite","@id":"https:\/\/tikiyoga.com\/#website","url":"https:\/\/tikiyoga.com\/","name":"Tiki Yoga","description":"Promocija zdravih stilova \u017eivota, edukacija, mentalno, fizi\u010dko i duhovno zdravlje","publisher":{"@id":"https:\/\/tikiyoga.com\/#organization"},"potentialAction":[{"@type":"SearchAction","target":{"@type":"EntryPoint","urlTemplate":"https:\/\/tikiyoga.com\/?s={search_term_string}"},"query-input":{"@type":"PropertyValueSpecification","valueRequired":true,"valueName":"search_term_string"}}],"inLanguage":"en-US"},{"@type":"Organization","@id":"https:\/\/tikiyoga.com\/#organization","name":"Tiki Yoga","url":"https:\/\/tikiyoga.com\/","logo":{"@type":"ImageObject","inLanguage":"en-US","@id":"https:\/\/tikiyoga.com\/#\/schema\/logo\/image\/","url":"https:\/\/tikiyoga.com\/wp-content\/uploads\/2021\/11\/tiki-yoga-logo.png","contentUrl":"https:\/\/tikiyoga.com\/wp-content\/uploads\/2021\/11\/tiki-yoga-logo.png","width":150,"height":150,"caption":"Tiki Yoga"},"image":{"@id":"https:\/\/tikiyoga.com\/#\/schema\/logo\/image\/"},"sameAs":["https:\/\/www.facebook.com\/ZeljkaTikiYoga","https:\/\/www.youtube.com\/@tikiyoga"]}]}},"_links":{"self":[{"href":"https:\/\/tikiyoga.com\/en\/wp-json\/wp\/v2\/product\/5667","targetHints":{"allow":["GET"]}}],"collection":[{"href":"https:\/\/tikiyoga.com\/en\/wp-json\/wp\/v2\/product"}],"about":[{"href":"https:\/\/tikiyoga.com\/en\/wp-json\/wp\/v2\/types\/product"}],"wp:featuredmedia":[{"embeddable":true,"href":"https:\/\/tikiyoga.com\/en\/wp-json\/wp\/v2\/media\/5824"}],"wp:attachment":[{"href":"https:\/\/tikiyoga.com\/en\/wp-json\/wp\/v2\/media?parent=5667"}],"wp:term":[{"taxonomy":"product_brand","embeddable":true,"href":"https:\/\/tikiyoga.com\/en\/wp-json\/wp\/v2\/product_brand?post=5667"},{"taxonomy":"product_cat","embeddable":true,"href":"https:\/\/tikiyoga.com\/en\/wp-json\/wp\/v2\/product_cat?post=5667"},{"taxonomy":"product_tag","embeddable":true,"href":"https:\/\/tikiyoga.com\/en\/wp-json\/wp\/v2\/product_tag?post=5667"}],"curies":[{"name":"wp","href":"https:\/\/api.w.org\/{rel}","templated":true}]}}