{"id":5756,"date":"2025-04-14T16:04:30","date_gmt":"2025-04-14T16:04:30","guid":{"rendered":"https:\/\/tikiyoga.com\/?post_type=product&#038;p=5756"},"modified":"2025-04-24T07:11:45","modified_gmt":"2025-04-24T07:11:45","slug":"harmonija-tela-i-uma-joga-podrska-u-lecenju-autoimunih-i-psihosomatskih-bolesti","status":"publish","type":"product","link":"https:\/\/tikiyoga.com\/en\/proizvod\/harmonija-tela-i-uma-joga-podrska-u-lecenju-autoimunih-i-psihosomatskih-bolesti\/","title":{"rendered":"Joga podr\u0161ka u le\u010denju autoimunih i psihosomatskih bolesti"},"content":{"rendered":"[vc_row full_width=&#8221;stretch_row&#8221; bg_type=&#8221;bg_color&#8221; css=&#8221;.vc_custom_1744120663400{background-color: rgba(255,255,255,0.06) !important;*background-color: rgb(255,255,255) !important;}&#8221;][vc_column][vc_empty_space][vc_column_text]\n<h2>\u0160ta sadr\u017ei ovaj paket?<\/h2>\n[\/vc_column_text][vc_empty_space]<div class=\"smile_icon_list_wrap ult_info_list_container ult-adjust-bottom-margin  \"><ul class=\"smile_icon_list left square with_bg\"><li class=\"icon_list_item\" style=\" font-size:36px;\"><div class=\"icon_list_icon\" data-animation=\"\" data-animation-delay=\"03\" style=\"font-size:12px;border-width:1px;border-style:none;background:rgba(255,255,255,0.01);color:#333333;border-color:#333333;\"><img decoding=\"async\" class=\"list-img-icon\" alt=\"null\" src=\"https:\/\/tikiyoga.com\/wp-content\/uploads\/2024\/09\/zeleni-cvet-png-1.png\"\/><\/div><div class=\"icon_description\" id=\"Info-list-wrap-5854\" style=\"font-size:12px;\"><h3 class=\"ult-responsive info-list-heading\"  data-ultimate-target='#Info-list-wrap-5854 h3'  data-responsive-json-new='{\"font-size\":\"desktop:22px;\",\"line-height\":\"desktop:35px;\"}'  style=\"\"><\/p>\n<h2>8 vo\u0111enih joga \u010dasova mese\u010dno putem Zoom-a<\/h2>\n<p><\/h3><div class=\"icon_description_text ult-responsive\"  data-ultimate-target='#Info-list-wrap-5854 .icon_description_text'  data-responsive-json-new='{\"font-size\":\"desktop:18px;\",\"line-height\":\"desktop:22px;\"}'  style=\"\"><div class=\"gap\" style=\"line-height: 10px; height: 10px;\"><\/div>\n<p>Blage, pa\u017eljivo vo\u0111ene prakse sa fokusom na nervni sistem, upalne procese i energetski balans.<\/p>\n<p><em>Svi \u010dasovi ostaju dostupni kao snimci \u2013 ve\u017ebaj kada ti najvi\u0161e prija, sa svoje korisni\u010dke stranice.<\/em><\/p>\n<\/div><\/div><div class=\"icon_list_connector\"  style=\"border-right-width: 1px;border-right-style: dashed;border-color: #ffffff;\"><\/div><\/li><li class=\"icon_list_item\" style=\" font-size:36px;\"><div class=\"icon_list_icon\" data-animation=\"\" data-animation-delay=\"03\" style=\"font-size:12px;border-width:1px;border-style:none;background:rgba(255,255,255,0.01);color:#333333;border-color:#333333;\"><img decoding=\"async\" class=\"list-img-icon\" alt=\"null\" src=\"https:\/\/tikiyoga.com\/wp-content\/uploads\/2024\/09\/zeleni-cvet-png-1.png\"\/><\/div><div class=\"icon_description\" id=\"Info-list-wrap-7307\" style=\"font-size:12px;\"><h3 class=\"ult-responsive info-list-heading\"  data-ultimate-target='#Info-list-wrap-7307 h3'  data-responsive-json-new='{\"font-size\":\"desktop:22px;\",\"line-height\":\"desktop:35px;\"}'  style=\"\"><\/p>\n<h2>Video vodi\u010di sa joga terapijom i tehnikama disanja<\/h2>\n<p><\/h3><div class=\"icon_description_text ult-responsive\"  data-ultimate-target='#Info-list-wrap-7307 .icon_description_text'  data-responsive-json-new='{\"font-size\":\"desktop:18px;\",\"line-height\":\"desktop:22px;\"}'  style=\"\"><div class=\"gap\" style=\"line-height: 10px; height: 10px;\"><\/div>\n<p>Prakti\u010dne ve\u017ebe i uputstva koje poma\u017eu kod svakodnevnog umora, bola i disbalansa.<\/p>\n<\/div><\/div><div class=\"icon_list_connector\"  style=\"border-right-width: 1px;border-right-style: dashed;border-color: #ffffff;\"><\/div><\/li><li class=\"icon_list_item\" style=\" font-size:36px;\"><div class=\"icon_list_icon\" data-animation=\"\" data-animation-delay=\"03\" style=\"font-size:12px;border-width:1px;border-style:none;background:rgba(255,255,255,0.01);color:#333333;border-color:#333333;\"><img decoding=\"async\" class=\"list-img-icon\" alt=\"null\" src=\"https:\/\/tikiyoga.com\/wp-content\/uploads\/2024\/09\/zeleni-cvet-png-1.png\"\/><\/div><div class=\"icon_description\" id=\"Info-list-wrap-9722\" style=\"font-size:12px;\"><h3 class=\"ult-responsive info-list-heading\"  data-ultimate-target='#Info-list-wrap-9722 h3'  data-responsive-json-new='{\"font-size\":\"desktop:22px;\",\"line-height\":\"desktop:35px;\"}'  style=\"\"><\/p>\n<h2>Paket hipnomeditacija<br \/>\n(5 vo\u0111enih sesija)<\/h2>\n<p><\/h3><div class=\"icon_description_text ult-responsive\"  data-ultimate-target='#Info-list-wrap-9722 .icon_description_text'  data-responsive-json-new='{\"font-size\":\"desktop:18px;\",\"line-height\":\"desktop:22px;\"}'  style=\"\"><div class=\"gap\" style=\"line-height: 10px; height: 10px;\"><\/div>\n<p>Meditacije za umirenje nervnog sistema, emocionalnu stabilnost i regeneraciju tela.<\/p>\n<\/div><\/div><div class=\"icon_list_connector\"  style=\"border-right-width: 1px;border-right-style: dashed;border-color: #ffffff;\"><\/div><\/li><li class=\"icon_list_item\" style=\" font-size:36px;\"><div class=\"icon_list_icon\" data-animation=\"\" data-animation-delay=\"03\" style=\"font-size:12px;border-width:1px;border-style:none;background:rgba(255,255,255,0.01);color:#333333;border-color:#333333;\"><img decoding=\"async\" class=\"list-img-icon\" alt=\"null\" src=\"https:\/\/tikiyoga.com\/wp-content\/uploads\/2024\/09\/zeleni-cvet-png-1.png\"\/><\/div><div class=\"icon_description\" id=\"Info-list-wrap-6720\" style=\"font-size:12px;\"><h3 class=\"ult-responsive info-list-heading\"  data-ultimate-target='#Info-list-wrap-6720 h3'  data-responsive-json-new='{\"font-size\":\"desktop:22px;\",\"line-height\":\"desktop:35px;\"}'  style=\"\"><\/p>\n<h2>\ud83c\udf81 BONUS<br \/>\nCheck-in sesija<\/h2>\n<p><\/h3><div class=\"icon_description_text ult-responsive\"  data-ultimate-target='#Info-list-wrap-6720 .icon_description_text'  data-responsive-json-new='{\"font-size\":\"desktop:18px;\",\"line-height\":\"desktop:22px;\"}'  style=\"\"><div class=\"gap\" style=\"line-height: 10px; height: 10px;\"><\/div><br \/>\nLi\u010dna konsultacija za dodatnu podr\u0161ku, pitanja i vo\u0111enje kroz program.<\/p>\n<\/div><\/div><div class=\"icon_list_connector\"  style=\"border-right-width: 1px;border-right-style: dashed;border-color: #ffffff;\"><\/div><\/li><\/ul><\/div>[vc_empty_space][\/vc_column][\/vc_row][vc_row full_width=&#8221;stretch_row_content_no_spaces&#8221;][vc_column][vc_empty_space][vc_column_text]<img decoding=\"async\" class=\"aligncenter size-full wp-image-5766\" src=\"https:\/\/tikiyoga.com\/wp-content\/uploads\/2025\/04\/Joga-podrska-u-lecenju-autoimunih-i-psihosomatskih-bolesti.5.jpg\" alt=\"\" width=\"1920\" height=\"1132\" srcset=\"https:\/\/tikiyoga.com\/wp-content\/uploads\/2025\/04\/Joga-podrska-u-lecenju-autoimunih-i-psihosomatskih-bolesti.5.jpg 1920w, https:\/\/tikiyoga.com\/wp-content\/uploads\/2025\/04\/Joga-podrska-u-lecenju-autoimunih-i-psihosomatskih-bolesti.5-500x295.jpg 500w, https:\/\/tikiyoga.com\/wp-content\/uploads\/2025\/04\/Joga-podrska-u-lecenju-autoimunih-i-psihosomatskih-bolesti.5-800x472.jpg 800w, https:\/\/tikiyoga.com\/wp-content\/uploads\/2025\/04\/Joga-podrska-u-lecenju-autoimunih-i-psihosomatskih-bolesti.5-300x177.jpg 300w, https:\/\/tikiyoga.com\/wp-content\/uploads\/2025\/04\/Joga-podrska-u-lecenju-autoimunih-i-psihosomatskih-bolesti.5-1024x604.jpg 1024w, https:\/\/tikiyoga.com\/wp-content\/uploads\/2025\/04\/Joga-podrska-u-lecenju-autoimunih-i-psihosomatskih-bolesti.5-768x453.jpg 768w, https:\/\/tikiyoga.com\/wp-content\/uploads\/2025\/04\/Joga-podrska-u-lecenju-autoimunih-i-psihosomatskih-bolesti.5-1536x906.jpg 1536w\" sizes=\"(max-width: 1920px) 100vw, 1920px\" \/>[\/vc_column_text][\/vc_column][\/vc_row][vc_row full_width=&#8221;stretch_row&#8221; bg_type=&#8221;bg_color&#8221;][vc_column][vc_empty_space height=&#8221;60&#8243;][vc_column_text]\n<h2>Klju\u010dne koristi<\/h2>\n<ul>\n<li><strong>Ja\u010danje imunog sistema<\/strong> i prirodnih odbrambenih mehanizama<\/li>\n<li><strong>Ubla\u017eavanje<\/strong> simptoma <strong>depresije, stresa i anksioznosti<\/strong><\/li>\n<li>Bolja probava, hormonalna ravnote\u017ea i <strong>podr\u0161ka digestivnom zdravlju<\/strong><\/li>\n<li>Sigurna praksa za sve nivoe <strong>fizi\u010dke kondicije<\/strong><\/li>\n<li>Smanjenje simptoma <strong>upale i fizi\u010dkog bola<\/strong><\/li>\n<\/ul>\n[\/vc_column_text][vc_empty_space][\/vc_column][\/vc_row][vc_row full_width=&#8221;stretch_row_content_no_spaces&#8221;][vc_column][vc_empty_space][vc_column_text]<img decoding=\"async\" class=\"aligncenter size-full wp-image-5768\" src=\"https:\/\/tikiyoga.com\/wp-content\/uploads\/2025\/04\/Joga-podrska-u-lecenju-autoimunih-i-psihosomatskih-bolesti6.jpg\" alt=\"\" width=\"1920\" height=\"1132\" srcset=\"https:\/\/tikiyoga.com\/wp-content\/uploads\/2025\/04\/Joga-podrska-u-lecenju-autoimunih-i-psihosomatskih-bolesti6.jpg 1920w, https:\/\/tikiyoga.com\/wp-content\/uploads\/2025\/04\/Joga-podrska-u-lecenju-autoimunih-i-psihosomatskih-bolesti6-500x295.jpg 500w, https:\/\/tikiyoga.com\/wp-content\/uploads\/2025\/04\/Joga-podrska-u-lecenju-autoimunih-i-psihosomatskih-bolesti6-800x472.jpg 800w, https:\/\/tikiyoga.com\/wp-content\/uploads\/2025\/04\/Joga-podrska-u-lecenju-autoimunih-i-psihosomatskih-bolesti6-300x177.jpg 300w, https:\/\/tikiyoga.com\/wp-content\/uploads\/2025\/04\/Joga-podrska-u-lecenju-autoimunih-i-psihosomatskih-bolesti6-1024x604.jpg 1024w, https:\/\/tikiyoga.com\/wp-content\/uploads\/2025\/04\/Joga-podrska-u-lecenju-autoimunih-i-psihosomatskih-bolesti6-768x453.jpg 768w, https:\/\/tikiyoga.com\/wp-content\/uploads\/2025\/04\/Joga-podrska-u-lecenju-autoimunih-i-psihosomatskih-bolesti6-1536x906.jpg 1536w\" sizes=\"(max-width: 1920px) 100vw, 1920px\" \/>[\/vc_column_text][\/vc_column][\/vc_row][vc_row][vc_column][vc_empty_space][vc_column_text]\n<h4>Pridru\u017ei se ljudima koji su kroz \u201eHarmoniju tela i uma\u201c nau\u010dili da slu\u0161aju svoje telo, vratili e svom prirodnom ritmu i lako\u0107i \u017eivljenja!<\/h4>\n<p>Neka i tvoje telo postane tvoj saveznik, a ne izvor borbe.[\/vc_column_text][vc_empty_space][\/vc_column][\/vc_row][vc_row full_width=&#8221;stretch_row&#8221; bg_type=&#8221;bg_color&#8221; bg_color_value=&#8221;rgba(145,137,52,0.06)&#8221;][vc_column][vc_empty_space][vc_column_text]\n<h6 style=\"text-align: justify;\"><span style=\"color: #333333;\"><strong>\u201eHarmonija i Balans\u201c<\/strong> je specijalizovani program iz serije Zdravstvenih programa, osmi\u0161ljen za osobe koje \u017eive sa autoimunim oboljenjima. Program je kreiran od strane sertifikovanog joga terapeuta sa vi\u0161egodi\u0161njim iskustvom u radu sa hroni\u010dnim stanjima i vulnerabilnim grupama.<\/span><\/h6>\n<h6 style=\"text-align: justify;\"><span style=\"color: #333333;\">Zasnovan na savremenim medicinskim saznanjima o autoimunim bolestima, program integri\u0161e ne\u017ene joga sekvence, tehnike disanja, svesnu relaksaciju i emocionalnu podr\u0161ku \u2013 sa ciljem da se podr\u017ei imuni sistem, smanji inflamacija i povrati ose\u0107aj unutra\u0161njeg balansa. <\/span><span style=\"color: #333333;\">\u201eHarmonija i Balans\u201c nudi bezbedan, nenaporan i personalizovan pristup koji poma\u017ee u regulaciji stresa, smanjenju simptoma i unapre\u0111enju kvaliteta svakodnevnog \u017eivota.<\/span><\/h6>\n<h6 style=\"text-align: justify;\"><span style=\"color: #333333;\">Program je kreirala \u017deljka Zdravkovi\u0107, master menad\u017eer zdravstvene za\u0161tite i doktorand medicine, sa fokusom na inovacije u zdravstvenim praksama za osobe sa hroni\u010dnim i autoimunim oboljenjima. U svom radu spaja znanja iz medicine, joge i energetskih terapija, kroz vi\u0161e od decenije iskustva.<\/span><\/h6>\n<h6 style=\"text-align: justify;\"><span style=\"color: #333333;\">\u26a0\ufe0f Napomena: Ovaj program ne predstavlja zamenu za medicinsku terapiju ili klini\u010dki nadzor. Namenjen je kao dopunski, podr\u017eavaju\u0107i pristup uz postoje\u0107e medicinsko le\u010denje. Svim u\u010desnicima preporu\u010duje se konsultacija sa izabranim lekarom pre po\u010detka programa. Organizator ne snosi odgovornost za nepravilno kori\u0161\u0107enje sadr\u017eaja programa.<\/span><\/h6>\n[\/vc_column_text][vc_empty_space height=&#8221;20&#8243;]<style type=\"text\/css\" data-type=\"the7_shortcodes-inline-css\">#default-btn-2ebe3f5532ddaa730dca1cd05d7d5c55.ico-right-side > i {\n  margin-right: 0px;\n  margin-left: 8px;\n}\n#default-btn-2ebe3f5532ddaa730dca1cd05d7d5c55 > i {\n  margin-right: 8px;\n}\n#default-btn-2ebe3f5532ddaa730dca1cd05d7d5c55 * {\n  vertical-align: middle;\n}\n<\/style><div class=\"btn-align-left\"><a href=\"https:\/\/tikiyoga.com\/program-harmonija-tela-i-uma\/\" class=\"default-btn-shortcode dt-btn dt-btn-m link-hover-off \" target=\"_blank\" id=\"default-btn-2ebe3f5532ddaa730dca1cd05d7d5c55\" rel=\"noopener\"><span>\ud83d\udc49 VI\u0160E O PROGRAMU<\/span><\/a><\/div>[vc_empty_space][\/vc_column][\/vc_row]\n","protected":false},"excerpt":{"rendered":"<h3>Holisti\u010dki zdravstveni program za telo i psihu<\/h3>\n<p>Ovaj program je namenjen osobama koje \u017eive sa autoimunim i inflamatornim bolestima, kao i psihosomatskim poreme\u0107ajima, a \u017eele da pobolj\u0161aju kvalitet \u017eivota kroz celovit pristup telu i umu.<\/p>\n<p>Kroz pa\u017eljivo vo\u0111ene prakse joge, svesnog disanja, hipnoterapije i mentalne relaksacije, program pru\u017ea podr\u0161ku u regulaciji nervnog sistema, osloba\u0111anju stresa i obnavljanju unutra\u0161nje ravnote\u017ee \u2013 bez pritiska, u tvom ritmu i u skladu sa tvojim telom.<\/p>\n<p>&nbsp;<\/p>\n<h6>Pristup svim materijalima tokom trajanja programa. Mese\u010dno obnavljanje programa. Mogu\u0107nost poha\u0111anja samo joga \u010dasova ili kupovine samo hipnomeditacija.<\/h6>\n","protected":false},"featured_media":5830,"template":"","meta":[],"product_brand":[],"product_cat":[61],"product_tag":[],"class_list":{"0":"post-5756","1":"product","2":"type-product","3":"status-publish","4":"has-post-thumbnail","6":"product_cat-shop","7":"description-off","9":"first","10":"instock","11":"shipping-taxable","12":"purchasable","13":"product-type-simple"},"yoast_head":"<!-- This site is optimized with the Yoast SEO plugin v26.9 - https:\/\/yoast.com\/product\/yoast-seo-wordpress\/ -->\n<title>Joga podr\u0161ka u le\u010denju autoimunih i psihosomatskih bolesti - Tiki Yoga<\/title>\n<meta name=\"robots\" content=\"index, follow, max-snippet:-1, max-image-preview:large, max-video-preview:-1\" \/>\n<link rel=\"canonical\" href=\"https:\/\/tikiyoga.com\/proizvod\/harmonija-tela-i-uma-joga-podrska-u-lecenju-autoimunih-i-psihosomatskih-bolesti\/\" \/>\n<meta property=\"og:locale\" content=\"en_US\" \/>\n<meta property=\"og:type\" content=\"article\" \/>\n<meta property=\"og:title\" content=\"Joga podr\u0161ka u le\u010denju autoimunih i psihosomatskih bolesti - Tiki Yoga\" \/>\n<meta property=\"og:description\" content=\"Holisti\u010dki zdravstveni program za telo i psihu Ovaj program je namenjen osobama koje \u017eive sa autoimunim i inflamatornim bolestima, kao i psihosomatskim poreme\u0107ajima, a \u017eele da pobolj\u0161aju kvalitet \u017eivota kroz celovit pristup telu i umu.  Kroz pa\u017eljivo vo\u0111ene prakse joge, svesnog disanja, hipnoterapije i mentalne relaksacije, program pru\u017ea podr\u0161ku u regulaciji nervnog sistema, osloba\u0111anju stresa i obnavljanju unutra\u0161nje ravnote\u017ee \u2013 bez pritiska, u tvom ritmu i u skladu sa tvojim telom.  &nbsp; Pristup svim materijalima tokom trajanja programa. Mese\u010dno obnavljanje programa. Mogu\u0107nost poha\u0111anja samo joga \u010dasova ili kupovine samo hipnomeditacija.\" \/>\n<meta property=\"og:url\" content=\"https:\/\/tikiyoga.com\/proizvod\/harmonija-tela-i-uma-joga-podrska-u-lecenju-autoimunih-i-psihosomatskih-bolesti\/\" \/>\n<meta property=\"og:site_name\" content=\"Tiki Yoga\" \/>\n<meta property=\"article:publisher\" content=\"https:\/\/www.facebook.com\/ZeljkaTikiYoga\" \/>\n<meta property=\"article:modified_time\" content=\"2025-04-24T07:11:45+00:00\" \/>\n<meta property=\"og:image\" content=\"https:\/\/tikiyoga.com\/wp-content\/uploads\/2025\/04\/Joga-podrska-u-lecenju-autoimunih-i-psihosomatskih-bolesti-2.jpg\" \/>\n\t<meta property=\"og:image:width\" content=\"800\" \/>\n\t<meta property=\"og:image:height\" content=\"530\" \/>\n\t<meta property=\"og:image:type\" content=\"image\/jpeg\" \/>\n<meta name=\"twitter:card\" content=\"summary_large_image\" \/>\n<meta name=\"twitter:label1\" content=\"Est. reading time\" \/>\n\t<meta name=\"twitter:data1\" content=\"3 minutes\" \/>\n<script type=\"application\/ld+json\" class=\"yoast-schema-graph\">{\"@context\":\"https:\/\/schema.org\",\"@graph\":[{\"@type\":\"WebPage\",\"@id\":\"https:\/\/tikiyoga.com\/proizvod\/harmonija-tela-i-uma-joga-podrska-u-lecenju-autoimunih-i-psihosomatskih-bolesti\/\",\"url\":\"https:\/\/tikiyoga.com\/proizvod\/harmonija-tela-i-uma-joga-podrska-u-lecenju-autoimunih-i-psihosomatskih-bolesti\/\",\"name\":\"Joga podr\u0161ka u le\u010denju autoimunih i psihosomatskih bolesti - Tiki Yoga\",\"isPartOf\":{\"@id\":\"https:\/\/tikiyoga.com\/#website\"},\"primaryImageOfPage\":{\"@id\":\"https:\/\/tikiyoga.com\/proizvod\/harmonija-tela-i-uma-joga-podrska-u-lecenju-autoimunih-i-psihosomatskih-bolesti\/#primaryimage\"},\"image\":{\"@id\":\"https:\/\/tikiyoga.com\/proizvod\/harmonija-tela-i-uma-joga-podrska-u-lecenju-autoimunih-i-psihosomatskih-bolesti\/#primaryimage\"},\"thumbnailUrl\":\"https:\/\/tikiyoga.com\/wp-content\/uploads\/2025\/04\/Joga-podrska-u-lecenju-autoimunih-i-psihosomatskih-bolesti-2.jpg\",\"datePublished\":\"2025-04-14T16:04:30+00:00\",\"dateModified\":\"2025-04-24T07:11:45+00:00\",\"breadcrumb\":{\"@id\":\"https:\/\/tikiyoga.com\/proizvod\/harmonija-tela-i-uma-joga-podrska-u-lecenju-autoimunih-i-psihosomatskih-bolesti\/#breadcrumb\"},\"inLanguage\":\"en-US\",\"potentialAction\":[{\"@type\":\"ReadAction\",\"target\":[\"https:\/\/tikiyoga.com\/proizvod\/harmonija-tela-i-uma-joga-podrska-u-lecenju-autoimunih-i-psihosomatskih-bolesti\/\"]}]},{\"@type\":\"ImageObject\",\"inLanguage\":\"en-US\",\"@id\":\"https:\/\/tikiyoga.com\/proizvod\/harmonija-tela-i-uma-joga-podrska-u-lecenju-autoimunih-i-psihosomatskih-bolesti\/#primaryimage\",\"url\":\"https:\/\/tikiyoga.com\/wp-content\/uploads\/2025\/04\/Joga-podrska-u-lecenju-autoimunih-i-psihosomatskih-bolesti-2.jpg\",\"contentUrl\":\"https:\/\/tikiyoga.com\/wp-content\/uploads\/2025\/04\/Joga-podrska-u-lecenju-autoimunih-i-psihosomatskih-bolesti-2.jpg\",\"width\":800,\"height\":530},{\"@type\":\"BreadcrumbList\",\"@id\":\"https:\/\/tikiyoga.com\/proizvod\/harmonija-tela-i-uma-joga-podrska-u-lecenju-autoimunih-i-psihosomatskih-bolesti\/#breadcrumb\",\"itemListElement\":[{\"@type\":\"ListItem\",\"position\":1,\"name\":\"Home\",\"item\":\"https:\/\/tikiyoga.com\/en\/\"},{\"@type\":\"ListItem\",\"position\":2,\"name\":\"Proizvodi\",\"item\":\"https:\/\/tikiyoga.com\/shop\/\"},{\"@type\":\"ListItem\",\"position\":3,\"name\":\"Joga podr\u0161ka u le\u010denju autoimunih i psihosomatskih bolesti\"}]},{\"@type\":\"WebSite\",\"@id\":\"https:\/\/tikiyoga.com\/#website\",\"url\":\"https:\/\/tikiyoga.com\/\",\"name\":\"Tiki Yoga\",\"description\":\"Promocija zdravih stilova \u017eivota, edukacija, mentalno, fizi\u010dko i duhovno zdravlje\",\"publisher\":{\"@id\":\"https:\/\/tikiyoga.com\/#organization\"},\"potentialAction\":[{\"@type\":\"SearchAction\",\"target\":{\"@type\":\"EntryPoint\",\"urlTemplate\":\"https:\/\/tikiyoga.com\/?s={search_term_string}\"},\"query-input\":{\"@type\":\"PropertyValueSpecification\",\"valueRequired\":true,\"valueName\":\"search_term_string\"}}],\"inLanguage\":\"en-US\"},{\"@type\":\"Organization\",\"@id\":\"https:\/\/tikiyoga.com\/#organization\",\"name\":\"Tiki Yoga\",\"url\":\"https:\/\/tikiyoga.com\/\",\"logo\":{\"@type\":\"ImageObject\",\"inLanguage\":\"en-US\",\"@id\":\"https:\/\/tikiyoga.com\/#\/schema\/logo\/image\/\",\"url\":\"https:\/\/tikiyoga.com\/wp-content\/uploads\/2021\/11\/tiki-yoga-logo.png\",\"contentUrl\":\"https:\/\/tikiyoga.com\/wp-content\/uploads\/2021\/11\/tiki-yoga-logo.png\",\"width\":150,\"height\":150,\"caption\":\"Tiki Yoga\"},\"image\":{\"@id\":\"https:\/\/tikiyoga.com\/#\/schema\/logo\/image\/\"},\"sameAs\":[\"https:\/\/www.facebook.com\/ZeljkaTikiYoga\",\"https:\/\/www.youtube.com\/@tikiyoga\"]}]}<\/script>\n<!-- \/ Yoast SEO plugin. -->","yoast_head_json":{"title":"Joga podr\u0161ka u le\u010denju autoimunih i psihosomatskih bolesti - Tiki Yoga","robots":{"index":"index","follow":"follow","max-snippet":"max-snippet:-1","max-image-preview":"max-image-preview:large","max-video-preview":"max-video-preview:-1"},"canonical":"https:\/\/tikiyoga.com\/proizvod\/harmonija-tela-i-uma-joga-podrska-u-lecenju-autoimunih-i-psihosomatskih-bolesti\/","og_locale":"en_US","og_type":"article","og_title":"Joga podr\u0161ka u le\u010denju autoimunih i psihosomatskih bolesti - Tiki Yoga","og_description":"Holisti\u010dki zdravstveni program za telo i psihu Ovaj program je namenjen osobama koje \u017eive sa autoimunim i inflamatornim bolestima, kao i psihosomatskim poreme\u0107ajima, a \u017eele da pobolj\u0161aju kvalitet \u017eivota kroz celovit pristup telu i umu.  Kroz pa\u017eljivo vo\u0111ene prakse joge, svesnog disanja, hipnoterapije i mentalne relaksacije, program pru\u017ea podr\u0161ku u regulaciji nervnog sistema, osloba\u0111anju stresa i obnavljanju unutra\u0161nje ravnote\u017ee \u2013 bez pritiska, u tvom ritmu i u skladu sa tvojim telom.  &nbsp; Pristup svim materijalima tokom trajanja programa. Mese\u010dno obnavljanje programa. Mogu\u0107nost poha\u0111anja samo joga \u010dasova ili kupovine samo hipnomeditacija.","og_url":"https:\/\/tikiyoga.com\/proizvod\/harmonija-tela-i-uma-joga-podrska-u-lecenju-autoimunih-i-psihosomatskih-bolesti\/","og_site_name":"Tiki Yoga","article_publisher":"https:\/\/www.facebook.com\/ZeljkaTikiYoga","article_modified_time":"2025-04-24T07:11:45+00:00","og_image":[{"width":800,"height":530,"url":"https:\/\/tikiyoga.com\/wp-content\/uploads\/2025\/04\/Joga-podrska-u-lecenju-autoimunih-i-psihosomatskih-bolesti-2.jpg","type":"image\/jpeg"}],"twitter_card":"summary_large_image","twitter_misc":{"Est. reading time":"3 minutes"},"schema":{"@context":"https:\/\/schema.org","@graph":[{"@type":"WebPage","@id":"https:\/\/tikiyoga.com\/proizvod\/harmonija-tela-i-uma-joga-podrska-u-lecenju-autoimunih-i-psihosomatskih-bolesti\/","url":"https:\/\/tikiyoga.com\/proizvod\/harmonija-tela-i-uma-joga-podrska-u-lecenju-autoimunih-i-psihosomatskih-bolesti\/","name":"Joga podr\u0161ka u le\u010denju autoimunih i psihosomatskih bolesti - Tiki Yoga","isPartOf":{"@id":"https:\/\/tikiyoga.com\/#website"},"primaryImageOfPage":{"@id":"https:\/\/tikiyoga.com\/proizvod\/harmonija-tela-i-uma-joga-podrska-u-lecenju-autoimunih-i-psihosomatskih-bolesti\/#primaryimage"},"image":{"@id":"https:\/\/tikiyoga.com\/proizvod\/harmonija-tela-i-uma-joga-podrska-u-lecenju-autoimunih-i-psihosomatskih-bolesti\/#primaryimage"},"thumbnailUrl":"https:\/\/tikiyoga.com\/wp-content\/uploads\/2025\/04\/Joga-podrska-u-lecenju-autoimunih-i-psihosomatskih-bolesti-2.jpg","datePublished":"2025-04-14T16:04:30+00:00","dateModified":"2025-04-24T07:11:45+00:00","breadcrumb":{"@id":"https:\/\/tikiyoga.com\/proizvod\/harmonija-tela-i-uma-joga-podrska-u-lecenju-autoimunih-i-psihosomatskih-bolesti\/#breadcrumb"},"inLanguage":"en-US","potentialAction":[{"@type":"ReadAction","target":["https:\/\/tikiyoga.com\/proizvod\/harmonija-tela-i-uma-joga-podrska-u-lecenju-autoimunih-i-psihosomatskih-bolesti\/"]}]},{"@type":"ImageObject","inLanguage":"en-US","@id":"https:\/\/tikiyoga.com\/proizvod\/harmonija-tela-i-uma-joga-podrska-u-lecenju-autoimunih-i-psihosomatskih-bolesti\/#primaryimage","url":"https:\/\/tikiyoga.com\/wp-content\/uploads\/2025\/04\/Joga-podrska-u-lecenju-autoimunih-i-psihosomatskih-bolesti-2.jpg","contentUrl":"https:\/\/tikiyoga.com\/wp-content\/uploads\/2025\/04\/Joga-podrska-u-lecenju-autoimunih-i-psihosomatskih-bolesti-2.jpg","width":800,"height":530},{"@type":"BreadcrumbList","@id":"https:\/\/tikiyoga.com\/proizvod\/harmonija-tela-i-uma-joga-podrska-u-lecenju-autoimunih-i-psihosomatskih-bolesti\/#breadcrumb","itemListElement":[{"@type":"ListItem","position":1,"name":"Home","item":"https:\/\/tikiyoga.com\/en\/"},{"@type":"ListItem","position":2,"name":"Proizvodi","item":"https:\/\/tikiyoga.com\/shop\/"},{"@type":"ListItem","position":3,"name":"Joga podr\u0161ka u le\u010denju autoimunih i psihosomatskih bolesti"}]},{"@type":"WebSite","@id":"https:\/\/tikiyoga.com\/#website","url":"https:\/\/tikiyoga.com\/","name":"Tiki Yoga","description":"Promocija zdravih stilova \u017eivota, edukacija, mentalno, fizi\u010dko i duhovno zdravlje","publisher":{"@id":"https:\/\/tikiyoga.com\/#organization"},"potentialAction":[{"@type":"SearchAction","target":{"@type":"EntryPoint","urlTemplate":"https:\/\/tikiyoga.com\/?s={search_term_string}"},"query-input":{"@type":"PropertyValueSpecification","valueRequired":true,"valueName":"search_term_string"}}],"inLanguage":"en-US"},{"@type":"Organization","@id":"https:\/\/tikiyoga.com\/#organization","name":"Tiki Yoga","url":"https:\/\/tikiyoga.com\/","logo":{"@type":"ImageObject","inLanguage":"en-US","@id":"https:\/\/tikiyoga.com\/#\/schema\/logo\/image\/","url":"https:\/\/tikiyoga.com\/wp-content\/uploads\/2021\/11\/tiki-yoga-logo.png","contentUrl":"https:\/\/tikiyoga.com\/wp-content\/uploads\/2021\/11\/tiki-yoga-logo.png","width":150,"height":150,"caption":"Tiki Yoga"},"image":{"@id":"https:\/\/tikiyoga.com\/#\/schema\/logo\/image\/"},"sameAs":["https:\/\/www.facebook.com\/ZeljkaTikiYoga","https:\/\/www.youtube.com\/@tikiyoga"]}]}},"_links":{"self":[{"href":"https:\/\/tikiyoga.com\/en\/wp-json\/wp\/v2\/product\/5756","targetHints":{"allow":["GET"]}}],"collection":[{"href":"https:\/\/tikiyoga.com\/en\/wp-json\/wp\/v2\/product"}],"about":[{"href":"https:\/\/tikiyoga.com\/en\/wp-json\/wp\/v2\/types\/product"}],"wp:featuredmedia":[{"embeddable":true,"href":"https:\/\/tikiyoga.com\/en\/wp-json\/wp\/v2\/media\/5830"}],"wp:attachment":[{"href":"https:\/\/tikiyoga.com\/en\/wp-json\/wp\/v2\/media?parent=5756"}],"wp:term":[{"taxonomy":"product_brand","embeddable":true,"href":"https:\/\/tikiyoga.com\/en\/wp-json\/wp\/v2\/product_brand?post=5756"},{"taxonomy":"product_cat","embeddable":true,"href":"https:\/\/tikiyoga.com\/en\/wp-json\/wp\/v2\/product_cat?post=5756"},{"taxonomy":"product_tag","embeddable":true,"href":"https:\/\/tikiyoga.com\/en\/wp-json\/wp\/v2\/product_tag?post=5756"}],"curies":[{"name":"wp","href":"https:\/\/api.w.org\/{rel}","templated":true}]}}