{"id":5794,"date":"2025-04-22T16:30:52","date_gmt":"2025-04-22T16:30:52","guid":{"rendered":"https:\/\/tikiyoga.com\/?post_type=product&#038;p=5794"},"modified":"2025-04-24T07:13:58","modified_gmt":"2025-04-24T07:13:58","slug":"holisticka-podrska-u-procesu-lecenja-infertiliteta-i-pripremi-za-trudnocu","status":"publish","type":"product","link":"https:\/\/tikiyoga.com\/en\/proizvod\/holisticka-podrska-u-procesu-lecenja-infertiliteta-i-pripremi-za-trudnocu\/","title":{"rendered":"Holisti\u010dka podr\u0161ka u procesu le\u010denja infertiliteta i pripremi za trudno\u0107u"},"content":{"rendered":"[vc_row full_width=&#8221;stretch_row&#8221; bg_type=&#8221;bg_color&#8221; css=&#8221;.vc_custom_1744120663400{background-color: rgba(255,255,255,0.06) !important;*background-color: rgb(255,255,255) !important;}&#8221;][vc_column][vc_empty_space][vc_column_text]\n<h2>\u0160ta sadr\u017ei ovaj paket?<\/h2>\n[\/vc_column_text][vc_empty_space]<div class=\"smile_icon_list_wrap ult_info_list_container ult-adjust-bottom-margin  \"><ul class=\"smile_icon_list left square with_bg\"><li class=\"icon_list_item\" style=\" font-size:36px;\"><div class=\"icon_list_icon\" data-animation=\"\" data-animation-delay=\"03\" style=\"font-size:12px;border-width:1px;border-style:none;background:rgba(255,255,255,0.01);color:#333333;border-color:#333333;\"><img decoding=\"async\" class=\"list-img-icon\" alt=\"null\" src=\"https:\/\/tikiyoga.com\/wp-content\/uploads\/2024\/09\/zeleni-cvet-png-1.png\"\/><\/div><div class=\"icon_description\" id=\"Info-list-wrap-8028\" style=\"font-size:12px;\"><h3 class=\"ult-responsive info-list-heading\"  data-ultimate-target='#Info-list-wrap-8028 h3'  data-responsive-json-new='{\"font-size\":\"desktop:22px;\",\"line-height\":\"desktop:35px;\"}'  style=\"\"><\/p>\n<h2>8 vo\u0111enih \u010dasova mese\u010dno putem Zoom-a<\/h2>\n<p><\/h3><div class=\"icon_description_text ult-responsive\"  data-ultimate-target='#Info-list-wrap-8028 .icon_description_text'  data-responsive-json-new='{\"font-size\":\"desktop:18px;\",\"line-height\":\"desktop:22px;\"}'  style=\"\"><div class=\"gap\" style=\"line-height: 10px; height: 10px;\"><\/div>\n<p>Ne\u017ena joga praksa sa fokusom na balans hormona, otvaranje karlice i relaksaciju tela i uma.<\/p>\n<p><em>Svi \u010dasovi dostupni i kao snimci \u2013 ve\u017ebaj u svom ritmu, sa svoje korisni\u010dke stranice.<\/em><\/p>\n<\/div><\/div><div class=\"icon_list_connector\"  style=\"border-right-width: 1px;border-right-style: dashed;border-color: #ffffff;\"><\/div><\/li><li class=\"icon_list_item\" style=\" font-size:36px;\"><div class=\"icon_list_icon\" data-animation=\"\" data-animation-delay=\"03\" style=\"font-size:12px;border-width:1px;border-style:none;background:rgba(255,255,255,0.01);color:#333333;border-color:#333333;\"><img decoding=\"async\" class=\"list-img-icon\" alt=\"null\" src=\"https:\/\/tikiyoga.com\/wp-content\/uploads\/2024\/09\/zeleni-cvet-png-1.png\"\/><\/div><div class=\"icon_description\" id=\"Info-list-wrap-6991\" style=\"font-size:12px;\"><h3 class=\"ult-responsive info-list-heading\"  data-ultimate-target='#Info-list-wrap-6991 h3'  data-responsive-json-new='{\"font-size\":\"desktop:22px;\",\"line-height\":\"desktop:35px;\"}'  style=\"\"><\/p>\n<h2>Paket hipnomeditacija<br \/>\n(4 vo\u0111ene sesije)<\/h2>\n<p><\/h3><div class=\"icon_description_text ult-responsive\"  data-ultimate-target='#Info-list-wrap-6991 .icon_description_text'  data-responsive-json-new='{\"font-size\":\"desktop:18px;\",\"line-height\":\"desktop:22px;\"}'  style=\"\"><div class=\"gap\" style=\"line-height: 10px; height: 10px;\"><\/div>\n<p>Vo\u0111ene sesije koje te vode kroz otpu\u0161tanje podsvesnih strahova i negativnih uverenja.<\/p>\n<p>Poma\u017eu ti da se pove\u017ee\u0161 sa svojom matericom, umiri\u0161 nervni sistem i aktivira\u0161 ose\u0107aj sigurnosti u telu. Kreiraju prostor poverenja, mira i otvorenosti za novi \u017eivot.<\/p>\n<\/div><\/div><div class=\"icon_list_connector\"  style=\"border-right-width: 1px;border-right-style: dashed;border-color: #ffffff;\"><\/div><\/li><li class=\"icon_list_item\" style=\" font-size:36px;\"><div class=\"icon_list_icon\" data-animation=\"\" data-animation-delay=\"03\" style=\"font-size:12px;border-width:1px;border-style:none;background:rgba(255,255,255,0.01);color:#333333;border-color:#333333;\"><img decoding=\"async\" class=\"list-img-icon\" alt=\"null\" src=\"https:\/\/tikiyoga.com\/wp-content\/uploads\/2024\/09\/zeleni-cvet-png-1.png\"\/><\/div><div class=\"icon_description\" id=\"Info-list-wrap-4110\" style=\"font-size:12px;\"><h3 class=\"ult-responsive info-list-heading\"  data-ultimate-target='#Info-list-wrap-4110 h3'  data-responsive-json-new='{\"font-size\":\"desktop:22px;\",\"line-height\":\"desktop:35px;\"}'  style=\"\"><\/p>\n<h2>\ud83c\udf81 BONUS:<br \/>\nCheck-in sesija<\/h2>\n<p><\/h3><div class=\"icon_description_text ult-responsive\"  data-ultimate-target='#Info-list-wrap-4110 .icon_description_text'  data-responsive-json-new='{\"font-size\":\"desktop:18px;\",\"line-height\":\"desktop:22px;\"}'  style=\"\"><div class=\"gap\" style=\"line-height: 10px; height: 10px;\"><\/div>\n<p>Li\u010dna konsultacija za dodatnu podr\u0161ku, pitanja i vo\u0111enje kroz program.<\/p>\n<\/div><\/div><div class=\"icon_list_connector\"  style=\"border-right-width: 1px;border-right-style: dashed;border-color: #ffffff;\"><\/div><\/li><\/ul><\/div>[vc_empty_space][\/vc_column][\/vc_row][vc_row full_width=&#8221;stretch_row_content_no_spaces&#8221;][vc_column][vc_empty_space][vc_column_text]<img decoding=\"async\" class=\"aligncenter size-full wp-image-5797\" src=\"http:\/\/tikiyoga.com\/wp-content\/uploads\/2025\/04\/lecenja-infertiliteta-i-pripremi-za-trudnocu.jpg\" alt=\"\" width=\"1920\" height=\"1132\" srcset=\"https:\/\/tikiyoga.com\/wp-content\/uploads\/2025\/04\/lecenja-infertiliteta-i-pripremi-za-trudnocu.jpg 1920w, https:\/\/tikiyoga.com\/wp-content\/uploads\/2025\/04\/lecenja-infertiliteta-i-pripremi-za-trudnocu-500x295.jpg 500w, https:\/\/tikiyoga.com\/wp-content\/uploads\/2025\/04\/lecenja-infertiliteta-i-pripremi-za-trudnocu-800x472.jpg 800w, https:\/\/tikiyoga.com\/wp-content\/uploads\/2025\/04\/lecenja-infertiliteta-i-pripremi-za-trudnocu-300x177.jpg 300w, https:\/\/tikiyoga.com\/wp-content\/uploads\/2025\/04\/lecenja-infertiliteta-i-pripremi-za-trudnocu-1024x604.jpg 1024w, https:\/\/tikiyoga.com\/wp-content\/uploads\/2025\/04\/lecenja-infertiliteta-i-pripremi-za-trudnocu-768x453.jpg 768w, https:\/\/tikiyoga.com\/wp-content\/uploads\/2025\/04\/lecenja-infertiliteta-i-pripremi-za-trudnocu-1536x906.jpg 1536w\" sizes=\"(max-width: 1920px) 100vw, 1920px\" \/>[\/vc_column_text][\/vc_column][\/vc_row][vc_row full_width=&#8221;stretch_row&#8221; bg_type=&#8221;bg_color&#8221;][vc_column][vc_empty_space height=&#8221;60&#8243;][vc_column_text]\n<h2>Klju\u010dne koristi<\/h2>\n<ul>\n<li>Osloba\u0111anje strahova i trauma vezanih za za\u010de\u0107e<\/li>\n<li>Pobolj\u0161anje menstrualnog ciklusa i hormonalne ravnote\u017ee<\/li>\n<li>Emocionalna priprema za trudno\u0107u i roditeljstvo<\/li>\n<li>Smanjenje stresa, pove\u0107ano poverenje u telo i intuiciju<\/li>\n<li>Kreiranje prostora za dolazak bebe kroz unutra\u0161nji mir<\/li>\n<\/ul>\n[\/vc_column_text][vc_empty_space][\/vc_column][\/vc_row][vc_row full_width=&#8221;stretch_row_content_no_spaces&#8221;][vc_column][vc_empty_space][vc_column_text]<img decoding=\"async\" class=\"aligncenter size-full wp-image-5799\" src=\"http:\/\/tikiyoga.com\/wp-content\/uploads\/2025\/04\/lecenja-infertiliteta-i-pripremi-za-trudnocu-1.jpg\" alt=\"\" width=\"1920\" height=\"1132\" srcset=\"https:\/\/tikiyoga.com\/wp-content\/uploads\/2025\/04\/lecenja-infertiliteta-i-pripremi-za-trudnocu-1.jpg 1920w, https:\/\/tikiyoga.com\/wp-content\/uploads\/2025\/04\/lecenja-infertiliteta-i-pripremi-za-trudnocu-1-500x295.jpg 500w, https:\/\/tikiyoga.com\/wp-content\/uploads\/2025\/04\/lecenja-infertiliteta-i-pripremi-za-trudnocu-1-800x472.jpg 800w, https:\/\/tikiyoga.com\/wp-content\/uploads\/2025\/04\/lecenja-infertiliteta-i-pripremi-za-trudnocu-1-300x177.jpg 300w, https:\/\/tikiyoga.com\/wp-content\/uploads\/2025\/04\/lecenja-infertiliteta-i-pripremi-za-trudnocu-1-1024x604.jpg 1024w, https:\/\/tikiyoga.com\/wp-content\/uploads\/2025\/04\/lecenja-infertiliteta-i-pripremi-za-trudnocu-1-768x453.jpg 768w, https:\/\/tikiyoga.com\/wp-content\/uploads\/2025\/04\/lecenja-infertiliteta-i-pripremi-za-trudnocu-1-1536x906.jpg 1536w\" sizes=\"(max-width: 1920px) 100vw, 1920px\" \/>[\/vc_column_text][\/vc_column][\/vc_row][vc_row][vc_column][vc_empty_space][vc_column_text]\n<h4>Pridru\u017ei se stotinama \u017eena koje su kroz ovaj program osetile novi talas energije, unutra\u0161njeg mira i \u017eenske snage.<\/h4>\n[\/vc_column_text][vc_empty_space][\/vc_column][\/vc_row][vc_row full_width=&#8221;stretch_row&#8221; bg_type=&#8221;bg_color&#8221; bg_color_value=&#8221;rgba(145,137,52,0.06)&#8221;][vc_column][vc_empty_space][vc_column_text]\n<h6 style=\"text-align: justify;\"><span style=\"color: #333333;\">\u201ePodr\u0161ka u le\u010denju infertiliteta i priprema za trudno\u0107u\u201c je specijalizovani program iz serije Zdravstvenih programa, namenjen \u017eenama koje se nalaze na putu ka trudno\u0107i \u2013 bilo da su u procesu prirodnog za\u010de\u0107a, asistirane reprodukcije ili se pripremaju fizi\u010dki i emocionalno za maj\u010dinstvo.<\/span><\/h6>\n<h6 style=\"text-align: justify;\"><span style=\"color: #333333;\">Program se zasniva na savremenim saznanjima iz oblasti reproduktivnog zdravlja, psihosomatske medicine i podr\u017eavaju\u0107ih tehnika koje mogu doprineti ravnote\u017ei hormona, smanjenju stresa i pobolj\u0161anju ukupne pripreme tela i psihe za za\u010de\u0107e. Kroz ne\u017enu jogu, vo\u0111ene relaksacije, disajne tehnike i emocionalnu podr\u0161ku, program poma\u017ee \u017eenama da obnove poverenje u sopstveno telo, oslobode napetost i stvore optimalno unutra\u0161nje okru\u017eenje za novu \u017eivotnu ulogu.<\/span><\/h6>\n<h6 style=\"text-align: justify;\"><span style=\"color: #333333;\">Program je osmislila \u017deljka Zdravkovi\u0107, master menad\u017eer zdravstvene za\u0161tite i doktorand medicine, sa bogatim iskustvom u radu sa \u017eenama koje se suo\u010davaju sa izazovima infertiliteta. U svom pristupu integri\u0161e savremena medicinska znanja sa jogom, emocionalnim tehnikama i energetskim terapijama, pru\u017eaju\u0107i \u017eenama sveobuhvatnu podr\u0161ku na putu ka trudno\u0107i.<\/span><\/h6>\n<h6 style=\"text-align: justify;\"><span style=\"color: #333333;\">\u26a0\ufe0f Napomena: Program ne zamenjuje medicinske tretmane za le\u010denje infertiliteta niti bilo koju formu klini\u010dkog nadzora. Namenjen je kao dopunska podr\u0161ka u procesu le\u010denja i pripreme za trudno\u0107u. Svim u\u010desnicama savetuje se konsultacija sa izabranim ginekologom ili specijalistom za fertilitet pre po\u010detka programa. Organizator ne snosi odgovornost za nepravilno kori\u0161\u0107enje sadr\u017eaja programa.<\/span><\/h6>\n[\/vc_column_text][vc_empty_space height=&#8221;20&#8243;]<style type=\"text\/css\" data-type=\"the7_shortcodes-inline-css\">#default-btn-4e7f407877168722397aca272bbce0b8.ico-right-side > i {\n  margin-right: 0px;\n  margin-left: 8px;\n}\n#default-btn-4e7f407877168722397aca272bbce0b8 > i {\n  margin-right: 8px;\n}\n#default-btn-4e7f407877168722397aca272bbce0b8 * {\n  vertical-align: middle;\n}\n<\/style><div class=\"btn-align-left\"><a href=\"https:\/\/tikiyoga.com\/program-harmonija-plodnosti\/\" class=\"default-btn-shortcode dt-btn dt-btn-m link-hover-off \" target=\"_blank\" id=\"default-btn-4e7f407877168722397aca272bbce0b8\" rel=\"noopener\"><span>\ud83d\udc49 VI\u0160E O PROGRAMU<\/span><\/a><\/div>[vc_empty_space][\/vc_column][\/vc_row]\n","protected":false},"excerpt":{"rendered":"<h3>Harmonija plodnosti<\/h3>\n<p>Plodnost je vi\u0161e od fiziologije \u2013 ona je stanje celokupnog bi\u0107a.<\/p>\n<p>Ovaj program je namenjen \u017eenama koje \u017eele da podr\u017ee svoj proces za\u010de\u0107a ili se pripreme za trudno\u0107u na dubljem nivou, kroz balansiranje tela, emocija i uma. Kroz kombinaciju joge, svesnog disanja, hipnoterapije, meditacije i emocionalnog rada, kreiramo prostor za unutra\u0161nji mir, regulaciju nervnog sistema i otpu\u0161tanje blokada koje mogu uticati na plodnost.<\/p>\n<p>Program je zasnovan na principima integrativne medicine i somatskog pristupa, i razvijen na osnovu znanja iz oblasti holisti\u010dke podr\u0161ke \u017eenama, uz vi\u0161egodi\u0161nju primenu tehnika joge, svesnog pokreta, disanja i emocionalnog rada.<\/p>\n<p>Ne zamenjuje medicinski tretman, ve\u0107 pru\u017ea sigurnu, ne\u017enu i osna\u017euju\u0107u podr\u0161ku \u017eenama koje \u017eele da se pove\u017eu sa sobom i svojim telom \u2013 sa poverenjem, prisutno\u0161\u0107u i svesnom namerom da otvore prostor za novi \u017eivot.<\/p>\n<p>&nbsp;<\/p>\n<h6>Pristup svim materijalima tokom trajanja programa. Mese\u010dno obnavljanje programa. Mogu\u0107nost poha\u0111anja samo joga \u010dasova ili kupovine samo hipnomeditacija.<\/h6>\n","protected":false},"featured_media":5832,"template":"","meta":[],"product_brand":[],"product_cat":[61],"product_tag":[],"class_list":{"0":"post-5794","1":"product","2":"type-product","3":"status-publish","4":"has-post-thumbnail","6":"product_cat-shop","7":"description-off","9":"first","10":"instock","11":"shipping-taxable","12":"purchasable","13":"product-type-simple"},"yoast_head":"<!-- This site is optimized with the Yoast SEO plugin v26.9 - https:\/\/yoast.com\/product\/yoast-seo-wordpress\/ -->\n<title>Holisti\u010dka podr\u0161ka u procesu le\u010denja infertiliteta i pripremi za trudno\u0107u - Tiki Yoga<\/title>\n<meta name=\"robots\" content=\"index, follow, max-snippet:-1, max-image-preview:large, max-video-preview:-1\" \/>\n<link rel=\"canonical\" href=\"http:\/\/tikiyoga.com\/en\/proizvod\/holisticka-podrska-u-procesu-lecenja-infertiliteta-i-pripremi-za-trudnocu\/\" \/>\n<meta property=\"og:locale\" content=\"en_US\" \/>\n<meta property=\"og:type\" content=\"article\" \/>\n<meta property=\"og:title\" content=\"Holisti\u010dka podr\u0161ka u procesu le\u010denja infertiliteta i pripremi za trudno\u0107u - Tiki Yoga\" \/>\n<meta property=\"og:description\" content=\"Harmonija plodnosti Plodnost je vi\u0161e od fiziologije \u2013 ona je stanje celokupnog bi\u0107a.  Ovaj program je namenjen \u017eenama koje \u017eele da podr\u017ee svoj proces za\u010de\u0107a ili se pripreme za trudno\u0107u na dubljem nivou, kroz balansiranje tela, emocija i uma. Kroz kombinaciju joge, svesnog disanja, hipnoterapije, meditacije i emocionalnog rada, kreiramo prostor za unutra\u0161nji mir, regulaciju nervnog sistema i otpu\u0161tanje blokada koje mogu uticati na plodnost.  Program je zasnovan na principima integrativne medicine i somatskog pristupa, i razvijen na osnovu znanja iz oblasti holisti\u010dke podr\u0161ke \u017eenama, uz vi\u0161egodi\u0161nju primenu tehnika joge, svesnog pokreta, disanja i emocionalnog rada.  Ne zamenjuje medicinski tretman, ve\u0107 pru\u017ea sigurnu, ne\u017enu i osna\u017euju\u0107u podr\u0161ku \u017eenama koje \u017eele da se pove\u017eu sa sobom i svojim telom \u2013 sa poverenjem, prisutno\u0161\u0107u i svesnom namerom da otvore prostor za novi \u017eivot.   &nbsp; Pristup svim materijalima tokom trajanja programa. Mese\u010dno obnavljanje programa. Mogu\u0107nost poha\u0111anja samo joga \u010dasova ili kupovine samo hipnomeditacija.\" \/>\n<meta property=\"og:url\" content=\"http:\/\/tikiyoga.com\/en\/proizvod\/holisticka-podrska-u-procesu-lecenja-infertiliteta-i-pripremi-za-trudnocu\/\" \/>\n<meta property=\"og:site_name\" content=\"Tiki Yoga\" \/>\n<meta property=\"article:publisher\" content=\"https:\/\/www.facebook.com\/ZeljkaTikiYoga\" \/>\n<meta property=\"article:modified_time\" content=\"2025-04-24T07:13:58+00:00\" \/>\n<meta property=\"og:image\" content=\"http:\/\/tikiyoga.com\/wp-content\/uploads\/2025\/04\/podrska-u-procesu-lecenja-infertiliteta-i-pripremi-za-trudnocu.jpg\" \/>\n\t<meta property=\"og:image:width\" content=\"800\" \/>\n\t<meta property=\"og:image:height\" content=\"530\" \/>\n\t<meta property=\"og:image:type\" content=\"image\/jpeg\" \/>\n<meta name=\"twitter:card\" content=\"summary_large_image\" \/>\n<meta name=\"twitter:label1\" content=\"Est. reading time\" \/>\n\t<meta name=\"twitter:data1\" content=\"3 minutes\" \/>\n<script type=\"application\/ld+json\" class=\"yoast-schema-graph\">{\"@context\":\"https:\/\/schema.org\",\"@graph\":[{\"@type\":\"WebPage\",\"@id\":\"http:\/\/tikiyoga.com\/en\/proizvod\/holisticka-podrska-u-procesu-lecenja-infertiliteta-i-pripremi-za-trudnocu\/\",\"url\":\"http:\/\/tikiyoga.com\/en\/proizvod\/holisticka-podrska-u-procesu-lecenja-infertiliteta-i-pripremi-za-trudnocu\/\",\"name\":\"Holisti\u010dka podr\u0161ka u procesu le\u010denja infertiliteta i pripremi za trudno\u0107u - Tiki Yoga\",\"isPartOf\":{\"@id\":\"https:\/\/tikiyoga.com\/#website\"},\"primaryImageOfPage\":{\"@id\":\"http:\/\/tikiyoga.com\/en\/proizvod\/holisticka-podrska-u-procesu-lecenja-infertiliteta-i-pripremi-za-trudnocu\/#primaryimage\"},\"image\":{\"@id\":\"http:\/\/tikiyoga.com\/en\/proizvod\/holisticka-podrska-u-procesu-lecenja-infertiliteta-i-pripremi-za-trudnocu\/#primaryimage\"},\"thumbnailUrl\":\"https:\/\/tikiyoga.com\/wp-content\/uploads\/2025\/04\/podrska-u-procesu-lecenja-infertiliteta-i-pripremi-za-trudnocu.jpg\",\"datePublished\":\"2025-04-22T16:30:52+00:00\",\"dateModified\":\"2025-04-24T07:13:58+00:00\",\"breadcrumb\":{\"@id\":\"http:\/\/tikiyoga.com\/en\/proizvod\/holisticka-podrska-u-procesu-lecenja-infertiliteta-i-pripremi-za-trudnocu\/#breadcrumb\"},\"inLanguage\":\"en-US\",\"potentialAction\":[{\"@type\":\"ReadAction\",\"target\":[\"http:\/\/tikiyoga.com\/en\/proizvod\/holisticka-podrska-u-procesu-lecenja-infertiliteta-i-pripremi-za-trudnocu\/\"]}]},{\"@type\":\"ImageObject\",\"inLanguage\":\"en-US\",\"@id\":\"http:\/\/tikiyoga.com\/en\/proizvod\/holisticka-podrska-u-procesu-lecenja-infertiliteta-i-pripremi-za-trudnocu\/#primaryimage\",\"url\":\"https:\/\/tikiyoga.com\/wp-content\/uploads\/2025\/04\/podrska-u-procesu-lecenja-infertiliteta-i-pripremi-za-trudnocu.jpg\",\"contentUrl\":\"https:\/\/tikiyoga.com\/wp-content\/uploads\/2025\/04\/podrska-u-procesu-lecenja-infertiliteta-i-pripremi-za-trudnocu.jpg\",\"width\":800,\"height\":530},{\"@type\":\"BreadcrumbList\",\"@id\":\"http:\/\/tikiyoga.com\/en\/proizvod\/holisticka-podrska-u-procesu-lecenja-infertiliteta-i-pripremi-za-trudnocu\/#breadcrumb\",\"itemListElement\":[{\"@type\":\"ListItem\",\"position\":1,\"name\":\"Home\",\"item\":\"https:\/\/tikiyoga.com\/en\/\"},{\"@type\":\"ListItem\",\"position\":2,\"name\":\"Proizvodi\",\"item\":\"https:\/\/tikiyoga.com\/shop\/\"},{\"@type\":\"ListItem\",\"position\":3,\"name\":\"Holisti\u010dka podr\u0161ka u procesu le\u010denja infertiliteta i pripremi za trudno\u0107u\"}]},{\"@type\":\"WebSite\",\"@id\":\"https:\/\/tikiyoga.com\/#website\",\"url\":\"https:\/\/tikiyoga.com\/\",\"name\":\"Tiki Yoga\",\"description\":\"Promocija zdravih stilova \u017eivota, edukacija, mentalno, fizi\u010dko i duhovno zdravlje\",\"publisher\":{\"@id\":\"https:\/\/tikiyoga.com\/#organization\"},\"potentialAction\":[{\"@type\":\"SearchAction\",\"target\":{\"@type\":\"EntryPoint\",\"urlTemplate\":\"https:\/\/tikiyoga.com\/?s={search_term_string}\"},\"query-input\":{\"@type\":\"PropertyValueSpecification\",\"valueRequired\":true,\"valueName\":\"search_term_string\"}}],\"inLanguage\":\"en-US\"},{\"@type\":\"Organization\",\"@id\":\"https:\/\/tikiyoga.com\/#organization\",\"name\":\"Tiki Yoga\",\"url\":\"https:\/\/tikiyoga.com\/\",\"logo\":{\"@type\":\"ImageObject\",\"inLanguage\":\"en-US\",\"@id\":\"https:\/\/tikiyoga.com\/#\/schema\/logo\/image\/\",\"url\":\"https:\/\/tikiyoga.com\/wp-content\/uploads\/2021\/11\/tiki-yoga-logo.png\",\"contentUrl\":\"https:\/\/tikiyoga.com\/wp-content\/uploads\/2021\/11\/tiki-yoga-logo.png\",\"width\":150,\"height\":150,\"caption\":\"Tiki Yoga\"},\"image\":{\"@id\":\"https:\/\/tikiyoga.com\/#\/schema\/logo\/image\/\"},\"sameAs\":[\"https:\/\/www.facebook.com\/ZeljkaTikiYoga\",\"https:\/\/www.youtube.com\/@tikiyoga\"]}]}<\/script>\n<!-- \/ Yoast SEO plugin. -->","yoast_head_json":{"title":"Holisti\u010dka podr\u0161ka u procesu le\u010denja infertiliteta i pripremi za trudno\u0107u - Tiki Yoga","robots":{"index":"index","follow":"follow","max-snippet":"max-snippet:-1","max-image-preview":"max-image-preview:large","max-video-preview":"max-video-preview:-1"},"canonical":"http:\/\/tikiyoga.com\/en\/proizvod\/holisticka-podrska-u-procesu-lecenja-infertiliteta-i-pripremi-za-trudnocu\/","og_locale":"en_US","og_type":"article","og_title":"Holisti\u010dka podr\u0161ka u procesu le\u010denja infertiliteta i pripremi za trudno\u0107u - Tiki Yoga","og_description":"Harmonija plodnosti Plodnost je vi\u0161e od fiziologije \u2013 ona je stanje celokupnog bi\u0107a.  Ovaj program je namenjen \u017eenama koje \u017eele da podr\u017ee svoj proces za\u010de\u0107a ili se pripreme za trudno\u0107u na dubljem nivou, kroz balansiranje tela, emocija i uma. Kroz kombinaciju joge, svesnog disanja, hipnoterapije, meditacije i emocionalnog rada, kreiramo prostor za unutra\u0161nji mir, regulaciju nervnog sistema i otpu\u0161tanje blokada koje mogu uticati na plodnost.  Program je zasnovan na principima integrativne medicine i somatskog pristupa, i razvijen na osnovu znanja iz oblasti holisti\u010dke podr\u0161ke \u017eenama, uz vi\u0161egodi\u0161nju primenu tehnika joge, svesnog pokreta, disanja i emocionalnog rada.  Ne zamenjuje medicinski tretman, ve\u0107 pru\u017ea sigurnu, ne\u017enu i osna\u017euju\u0107u podr\u0161ku \u017eenama koje \u017eele da se pove\u017eu sa sobom i svojim telom \u2013 sa poverenjem, prisutno\u0161\u0107u i svesnom namerom da otvore prostor za novi \u017eivot.   &nbsp; Pristup svim materijalima tokom trajanja programa. Mese\u010dno obnavljanje programa. Mogu\u0107nost poha\u0111anja samo joga \u010dasova ili kupovine samo hipnomeditacija.","og_url":"http:\/\/tikiyoga.com\/en\/proizvod\/holisticka-podrska-u-procesu-lecenja-infertiliteta-i-pripremi-za-trudnocu\/","og_site_name":"Tiki Yoga","article_publisher":"https:\/\/www.facebook.com\/ZeljkaTikiYoga","article_modified_time":"2025-04-24T07:13:58+00:00","og_image":[{"width":800,"height":530,"url":"http:\/\/tikiyoga.com\/wp-content\/uploads\/2025\/04\/podrska-u-procesu-lecenja-infertiliteta-i-pripremi-za-trudnocu.jpg","type":"image\/jpeg"}],"twitter_card":"summary_large_image","twitter_misc":{"Est. reading time":"3 minutes"},"schema":{"@context":"https:\/\/schema.org","@graph":[{"@type":"WebPage","@id":"http:\/\/tikiyoga.com\/en\/proizvod\/holisticka-podrska-u-procesu-lecenja-infertiliteta-i-pripremi-za-trudnocu\/","url":"http:\/\/tikiyoga.com\/en\/proizvod\/holisticka-podrska-u-procesu-lecenja-infertiliteta-i-pripremi-za-trudnocu\/","name":"Holisti\u010dka podr\u0161ka u procesu le\u010denja infertiliteta i pripremi za trudno\u0107u - Tiki Yoga","isPartOf":{"@id":"https:\/\/tikiyoga.com\/#website"},"primaryImageOfPage":{"@id":"http:\/\/tikiyoga.com\/en\/proizvod\/holisticka-podrska-u-procesu-lecenja-infertiliteta-i-pripremi-za-trudnocu\/#primaryimage"},"image":{"@id":"http:\/\/tikiyoga.com\/en\/proizvod\/holisticka-podrska-u-procesu-lecenja-infertiliteta-i-pripremi-za-trudnocu\/#primaryimage"},"thumbnailUrl":"https:\/\/tikiyoga.com\/wp-content\/uploads\/2025\/04\/podrska-u-procesu-lecenja-infertiliteta-i-pripremi-za-trudnocu.jpg","datePublished":"2025-04-22T16:30:52+00:00","dateModified":"2025-04-24T07:13:58+00:00","breadcrumb":{"@id":"http:\/\/tikiyoga.com\/en\/proizvod\/holisticka-podrska-u-procesu-lecenja-infertiliteta-i-pripremi-za-trudnocu\/#breadcrumb"},"inLanguage":"en-US","potentialAction":[{"@type":"ReadAction","target":["http:\/\/tikiyoga.com\/en\/proizvod\/holisticka-podrska-u-procesu-lecenja-infertiliteta-i-pripremi-za-trudnocu\/"]}]},{"@type":"ImageObject","inLanguage":"en-US","@id":"http:\/\/tikiyoga.com\/en\/proizvod\/holisticka-podrska-u-procesu-lecenja-infertiliteta-i-pripremi-za-trudnocu\/#primaryimage","url":"https:\/\/tikiyoga.com\/wp-content\/uploads\/2025\/04\/podrska-u-procesu-lecenja-infertiliteta-i-pripremi-za-trudnocu.jpg","contentUrl":"https:\/\/tikiyoga.com\/wp-content\/uploads\/2025\/04\/podrska-u-procesu-lecenja-infertiliteta-i-pripremi-za-trudnocu.jpg","width":800,"height":530},{"@type":"BreadcrumbList","@id":"http:\/\/tikiyoga.com\/en\/proizvod\/holisticka-podrska-u-procesu-lecenja-infertiliteta-i-pripremi-za-trudnocu\/#breadcrumb","itemListElement":[{"@type":"ListItem","position":1,"name":"Home","item":"https:\/\/tikiyoga.com\/en\/"},{"@type":"ListItem","position":2,"name":"Proizvodi","item":"https:\/\/tikiyoga.com\/shop\/"},{"@type":"ListItem","position":3,"name":"Holisti\u010dka podr\u0161ka u procesu le\u010denja infertiliteta i pripremi za trudno\u0107u"}]},{"@type":"WebSite","@id":"https:\/\/tikiyoga.com\/#website","url":"https:\/\/tikiyoga.com\/","name":"Tiki Yoga","description":"Promocija zdravih stilova \u017eivota, edukacija, mentalno, fizi\u010dko i duhovno zdravlje","publisher":{"@id":"https:\/\/tikiyoga.com\/#organization"},"potentialAction":[{"@type":"SearchAction","target":{"@type":"EntryPoint","urlTemplate":"https:\/\/tikiyoga.com\/?s={search_term_string}"},"query-input":{"@type":"PropertyValueSpecification","valueRequired":true,"valueName":"search_term_string"}}],"inLanguage":"en-US"},{"@type":"Organization","@id":"https:\/\/tikiyoga.com\/#organization","name":"Tiki Yoga","url":"https:\/\/tikiyoga.com\/","logo":{"@type":"ImageObject","inLanguage":"en-US","@id":"https:\/\/tikiyoga.com\/#\/schema\/logo\/image\/","url":"https:\/\/tikiyoga.com\/wp-content\/uploads\/2021\/11\/tiki-yoga-logo.png","contentUrl":"https:\/\/tikiyoga.com\/wp-content\/uploads\/2021\/11\/tiki-yoga-logo.png","width":150,"height":150,"caption":"Tiki Yoga"},"image":{"@id":"https:\/\/tikiyoga.com\/#\/schema\/logo\/image\/"},"sameAs":["https:\/\/www.facebook.com\/ZeljkaTikiYoga","https:\/\/www.youtube.com\/@tikiyoga"]}]}},"_links":{"self":[{"href":"https:\/\/tikiyoga.com\/en\/wp-json\/wp\/v2\/product\/5794","targetHints":{"allow":["GET"]}}],"collection":[{"href":"https:\/\/tikiyoga.com\/en\/wp-json\/wp\/v2\/product"}],"about":[{"href":"https:\/\/tikiyoga.com\/en\/wp-json\/wp\/v2\/types\/product"}],"wp:featuredmedia":[{"embeddable":true,"href":"https:\/\/tikiyoga.com\/en\/wp-json\/wp\/v2\/media\/5832"}],"wp:attachment":[{"href":"https:\/\/tikiyoga.com\/en\/wp-json\/wp\/v2\/media?parent=5794"}],"wp:term":[{"taxonomy":"product_brand","embeddable":true,"href":"https:\/\/tikiyoga.com\/en\/wp-json\/wp\/v2\/product_brand?post=5794"},{"taxonomy":"product_cat","embeddable":true,"href":"https:\/\/tikiyoga.com\/en\/wp-json\/wp\/v2\/product_cat?post=5794"},{"taxonomy":"product_tag","embeddable":true,"href":"https:\/\/tikiyoga.com\/en\/wp-json\/wp\/v2\/product_tag?post=5794"}],"curies":[{"name":"wp","href":"https:\/\/api.w.org\/{rel}","templated":true}]}}