{"id":5847,"date":"2025-04-24T08:32:26","date_gmt":"2025-04-24T08:32:26","guid":{"rendered":"https:\/\/tikiyoga.com\/?post_type=product&#038;p=5847"},"modified":"2025-04-24T08:44:17","modified_gmt":"2025-04-24T08:44:17","slug":"casovi-hatha-yoge","status":"publish","type":"product","link":"https:\/\/tikiyoga.com\/en\/proizvod\/casovi-hatha-yoge\/","title":{"rendered":"\u010casovi Hatha Yoge"},"content":{"rendered":"[vc_row full_width=&#8221;stretch_row&#8221; bg_type=&#8221;bg_color&#8221; css=&#8221;.vc_custom_1744120663400{background-color: rgba(255,255,255,0.06) !important;*background-color: rgb(255,255,255) !important;}&#8221;][vc_column][vc_empty_space][vc_column_text]\n<h2>\u0160ta \u0107ete dobiti u mese\u010dnom paketu \u010dasova?<\/h2>\n[\/vc_column_text][vc_empty_space]<div class=\"smile_icon_list_wrap ult_info_list_container ult-adjust-bottom-margin  \"><ul class=\"smile_icon_list left square with_bg\"><li class=\"icon_list_item\" style=\" font-size:36px;\"><div class=\"icon_list_icon\" data-animation=\"\" data-animation-delay=\"03\" style=\"font-size:12px;border-width:1px;border-style:none;background:rgba(255,255,255,0.01);color:#333333;border-color:#333333;\"><img decoding=\"async\" class=\"list-img-icon\" alt=\"null\" src=\"https:\/\/tikiyoga.com\/wp-content\/uploads\/2024\/09\/zeleni-cvet-png-1.png\"\/><\/div><div class=\"icon_description\" id=\"Info-list-wrap-8094\" style=\"font-size:12px;\"><h3 class=\"ult-responsive info-list-heading\"  data-ultimate-target='#Info-list-wrap-8094 h3'  data-responsive-json-new='{\"font-size\":\"desktop:22px;\",\"line-height\":\"desktop:35px;\"}'  style=\"\"><\/p>\n<h2>12 Online \u010dasova Hatha Yoge<\/h2>\n<p><\/h3><div class=\"icon_description_text ult-responsive\"  data-ultimate-target='#Info-list-wrap-8094 .icon_description_text'  data-responsive-json-new='{\"font-size\":\"desktop:18px;\",\"line-height\":\"desktop:22px;\"}'  style=\"\"><div class=\"gap\" style=\"line-height: 10px; height: 10px;\"><\/div>\n<p>Prilago\u0111eni va\u0161im potrebama, ovi \u010dasovi uklju\u010duju osnovne i napredne ve\u017ebe koje \u0107e pobolj\u0161ati snagu, fleksibilnost i ravnote\u017eu. Svaki \u010das je osmi\u0161ljen tako da se pove\u017eete sa svojim telom, smanjite stres i pobolj\u0161ate cirkulaciju.<\/p>\n<\/div><\/div><div class=\"icon_list_connector\"  style=\"border-right-width: 1px;border-right-style: dashed;border-color: #ffffff;\"><\/div><\/li><li class=\"icon_list_item\" style=\" font-size:36px;\"><div class=\"icon_list_icon\" data-animation=\"\" data-animation-delay=\"03\" style=\"font-size:12px;border-width:1px;border-style:none;background:rgba(255,255,255,0.01);color:#333333;border-color:#333333;\"><img decoding=\"async\" class=\"list-img-icon\" alt=\"null\" src=\"https:\/\/tikiyoga.com\/wp-content\/uploads\/2024\/09\/zeleni-cvet-png-1.png\"\/><\/div><div class=\"icon_description\" id=\"Info-list-wrap-6613\" style=\"font-size:12px;\"><h3 class=\"ult-responsive info-list-heading\"  data-ultimate-target='#Info-list-wrap-6613 h3'  data-responsive-json-new='{\"font-size\":\"desktop:22px;\",\"line-height\":\"desktop:35px;\"}'  style=\"\"><\/p>\n<h2>Tehnike disanja za ravnote\u017eu hormona<\/h2>\n<p><\/h3><div class=\"icon_description_text ult-responsive\"  data-ultimate-target='#Info-list-wrap-6613 .icon_description_text'  data-responsive-json-new='{\"font-size\":\"desktop:18px;\",\"line-height\":\"desktop:22px;\"}'  style=\"\"><div class=\"gap\" style=\"line-height: 10px; height: 10px;\"><\/div>\n<p>Nau\u010di\u0107ete disanje koje smanjuje stres, balansira nivo hormona i smanjuje simptome poput, nesanice i umora ili napetosti.<\/p>\n<\/div><\/div><div class=\"icon_list_connector\"  style=\"border-right-width: 1px;border-right-style: dashed;border-color: #ffffff;\"><\/div><\/li><li class=\"icon_list_item\" style=\" font-size:36px;\"><div class=\"icon_list_icon\" data-animation=\"\" data-animation-delay=\"03\" style=\"font-size:12px;border-width:1px;border-style:none;background:rgba(255,255,255,0.01);color:#333333;border-color:#333333;\"><img decoding=\"async\" class=\"list-img-icon\" alt=\"null\" src=\"https:\/\/tikiyoga.com\/wp-content\/uploads\/2024\/09\/zeleni-cvet-png-1.png\"\/><\/div><div class=\"icon_description\" id=\"Info-list-wrap-8159\" style=\"font-size:12px;\"><h3 class=\"ult-responsive info-list-heading\"  data-ultimate-target='#Info-list-wrap-8159 h3'  data-responsive-json-new='{\"font-size\":\"desktop:22px;\",\"line-height\":\"desktop:35px;\"}'  style=\"\"><\/p>\n<h2>Emocionalna stabilnost i antistres program<\/h2>\n<p><\/h3><div class=\"icon_description_text ult-responsive\"  data-ultimate-target='#Info-list-wrap-8159 .icon_description_text'  data-responsive-json-new='{\"font-size\":\"desktop:18px;\",\"line-height\":\"desktop:22px;\"}'  style=\"\"><div class=\"gap\" style=\"line-height: 10px; height: 10px;\"><\/div>\n<p>Kroz asane koje pobolj\u0161avaju cirkulaciju, smanjuju napetost u telu i umu, oja\u010davate svoju emocionalnu stabilnost i zdravlje.<\/p>\n<\/div><\/div><div class=\"icon_list_connector\"  style=\"border-right-width: 1px;border-right-style: dashed;border-color: #ffffff;\"><\/div><\/li><li class=\"icon_list_item\" style=\" font-size:36px;\"><div class=\"icon_list_icon\" data-animation=\"\" data-animation-delay=\"03\" style=\"font-size:12px;border-width:1px;border-style:none;background:rgba(255,255,255,0.01);color:#333333;border-color:#333333;\"><img decoding=\"async\" class=\"list-img-icon\" alt=\"null\" src=\"https:\/\/tikiyoga.com\/wp-content\/uploads\/2024\/09\/zeleni-cvet-png-1.png\"\/><\/div><div class=\"icon_description\" id=\"Info-list-wrap-3328\" style=\"font-size:12px;\"><h3 class=\"ult-responsive info-list-heading\"  data-ultimate-target='#Info-list-wrap-3328 h3'  data-responsive-json-new='{\"font-size\":\"desktop:22px;\",\"line-height\":\"desktop:35px;\"}'  style=\"\"><\/p>\n<h2>Hipnomeditacije za emocionalnu ravnote\u017eu<\/h2>\n<p><\/h3><div class=\"icon_description_text ult-responsive\"  data-ultimate-target='#Info-list-wrap-3328 .icon_description_text'  data-responsive-json-new='{\"font-size\":\"desktop:18px;\",\"line-height\":\"desktop:22px;\"}'  style=\"\"><div class=\"gap\" style=\"line-height: 10px; height: 10px;\"><\/div><br \/>\nNa kraju svakog \u010dasa, praktikuje se vo\u0111ena meditacija koja vam poma\u017ee da se pove\u017eete sa sobom, smanjite anksioznost i oja\u010date unutra\u0161nju snagu.<\/p>\n<\/div><\/div><div class=\"icon_list_connector\"  style=\"border-right-width: 1px;border-right-style: dashed;border-color: #ffffff;\"><\/div><\/li><\/ul><\/div>[vc_empty_space][\/vc_column][\/vc_row][vc_row full_width=&#8221;stretch_row_content_no_spaces&#8221;][vc_column][vc_empty_space][vc_column_text]<img decoding=\"async\" class=\"aligncenter size-full wp-image-5848\" src=\"http:\/\/tikiyoga.com\/wp-content\/uploads\/2025\/04\/Hatha-YogA.-1.jpg\" alt=\"\" width=\"1920\" height=\"1132\" srcset=\"https:\/\/tikiyoga.com\/wp-content\/uploads\/2025\/04\/Hatha-YogA.-1.jpg 1920w, https:\/\/tikiyoga.com\/wp-content\/uploads\/2025\/04\/Hatha-YogA.-1-300x177.jpg 300w, https:\/\/tikiyoga.com\/wp-content\/uploads\/2025\/04\/Hatha-YogA.-1-1024x604.jpg 1024w, https:\/\/tikiyoga.com\/wp-content\/uploads\/2025\/04\/Hatha-YogA.-1-768x453.jpg 768w, https:\/\/tikiyoga.com\/wp-content\/uploads\/2025\/04\/Hatha-YogA.-1-1536x906.jpg 1536w, https:\/\/tikiyoga.com\/wp-content\/uploads\/2025\/04\/Hatha-YogA.-1-500x295.jpg 500w, https:\/\/tikiyoga.com\/wp-content\/uploads\/2025\/04\/Hatha-YogA.-1-800x472.jpg 800w\" sizes=\"(max-width: 1920px) 100vw, 1920px\" \/>[\/vc_column_text][\/vc_column][\/vc_row][vc_row full_width=&#8221;stretch_row&#8221; bg_type=&#8221;bg_color&#8221;][vc_column][vc_empty_space height=&#8221;60&#8243;][vc_column_text]\n<h2>Kako funkcioni\u0161e?<\/h2>\n<ul>\n<li><strong>Pristupite bilo kada:<\/strong> \u010casovi su dostupni online, ve\u017ebajte iz udobnosti svog doma, u terminu kada je Vama najoptimalnije i u svom ritmu.<\/li>\n<li><strong>U\u010dite u svom ritmu:<\/strong> Prilagodite intenzitet ve\u017ebi prema va\u0161im potrebama i nivoima energije.<\/li>\n<li><strong>Pla\u0107anje na mese\u010dnom nivou<\/strong>: kotizacija za \u010dasove se obanvlja na mese\u010dnom nivou<\/li>\n<\/ul>\n[\/vc_column_text][vc_empty_space][\/vc_column][\/vc_row][vc_row full_width=&#8221;stretch_row_content_no_spaces&#8221;][vc_column][vc_empty_space][vc_column_text]<img decoding=\"async\" class=\"aligncenter size-full wp-image-5850\" src=\"http:\/\/tikiyoga.com\/wp-content\/uploads\/2025\/04\/Hatha-YogA.jpg\" alt=\"\" width=\"1920\" height=\"1132\" srcset=\"https:\/\/tikiyoga.com\/wp-content\/uploads\/2025\/04\/Hatha-YogA.jpg 1920w, https:\/\/tikiyoga.com\/wp-content\/uploads\/2025\/04\/Hatha-YogA-300x177.jpg 300w, https:\/\/tikiyoga.com\/wp-content\/uploads\/2025\/04\/Hatha-YogA-1024x604.jpg 1024w, https:\/\/tikiyoga.com\/wp-content\/uploads\/2025\/04\/Hatha-YogA-768x453.jpg 768w, https:\/\/tikiyoga.com\/wp-content\/uploads\/2025\/04\/Hatha-YogA-1536x906.jpg 1536w, https:\/\/tikiyoga.com\/wp-content\/uploads\/2025\/04\/Hatha-YogA-500x295.jpg 500w, https:\/\/tikiyoga.com\/wp-content\/uploads\/2025\/04\/Hatha-YogA-800x472.jpg 800w\" sizes=\"(max-width: 1920px) 100vw, 1920px\" \/>[\/vc_column_text][\/vc_column][\/vc_row][vc_row][vc_column][vc_empty_space][vc_column_text]\n<h3>Za\u0161to odabrati \u010dasove Hatha Yoge?<\/h3>\n<ul>\n<li><strong>Stru\u010dnost i podr\u0161ka:<\/strong> \u010casove vodi \u017deljka Zdravkovi\u0107, doktorand Medicinskog fakulteta i sertifikovani instructor vi\u0161e stilova joge sa vi\u0161egodi\u0161njim iskustvom u radu sa \u017eenama. Program je prilago\u0111en va\u0161im specifi\u010dnim potrebama i stanjima, sa ciljem da pobolj\u0161ate kvalitet \u017eivota.<\/li>\n<li><strong>Kompletna fizi\u010dka i emocionalna priprema:<\/strong> Program vas priprema da se oslobodite stresa, oja\u010date telo i postignete emocionalnu ravnote\u017eu.<\/li>\n<\/ul>\n[\/vc_column_text][vc_empty_space height=&#8221;20&#8243;]<style type=\"text\/css\" data-type=\"the7_shortcodes-inline-css\">#default-btn-6936391334ea913bed855657c467a6bd.ico-right-side > i {\n  margin-right: 0px;\n  margin-left: 8px;\n}\n#default-btn-6936391334ea913bed855657c467a6bd > i {\n  margin-right: 8px;\n}\n#default-btn-6936391334ea913bed855657c467a6bd * {\n  vertical-align: middle;\n}\n<\/style><div class=\"btn-align-left\"><a href=\"https:\/\/tikiyoga.com\/hatha-joga\/\" class=\"default-btn-shortcode dt-btn dt-btn-m link-hover-off \" target=\"_blank\" id=\"default-btn-6936391334ea913bed855657c467a6bd\" rel=\"noopener\"><span>\ud83d\udc49 VI\u0160E O \u010cASOVIMA HATHA YOGE<\/span><\/a><\/div>[vc_empty_space][\/vc_column][\/vc_row]\n","protected":false},"excerpt":{"rendered":"<p>Zapo\u010dnite put ka fizi\u010dkom, mentalnom i emocionalnom balansu kroz na\u0161e \u010casove Hatha Yoge, osmi\u0161ljene kako bi vam pomogle da se oslobodite napetosti, bolova u le\u0111ima, oja\u010date telo i obnovite energiju.<\/p>\n<p>Hatha Yoga online \u010dasovi su pogodni kako za po\u010detnike, tako i iskusne ve\u017eba\u010de. Ovaj stil ve\u017ebanja je ne\u017ean i postepen pa ga mogu praktikovati i ljudi sa povredama, osobe koje su u godinama, osobe sa disbalansom hormona, osobe koje se oporavljaju od operacija i \u017eele da oja\u010daju svoje telo.<\/p>\n<p>&nbsp;<\/p>\n<h6>Kotizacija za \u010dasove se obanvlja na mese\u010dnom nivou.<\/h6>\n","protected":false},"featured_media":5858,"template":"","meta":[],"product_brand":[],"product_cat":[61],"product_tag":[],"class_list":{"0":"post-5847","1":"product","2":"type-product","3":"status-publish","4":"has-post-thumbnail","6":"product_cat-shop","7":"description-off","9":"first","10":"instock","11":"shipping-taxable","12":"purchasable","13":"product-type-simple"},"yoast_head":"<!-- This site is optimized with the Yoast SEO plugin v26.9 - https:\/\/yoast.com\/product\/yoast-seo-wordpress\/ -->\n<title>\u010casovi Hatha Yoge - Tiki Yoga<\/title>\n<meta name=\"robots\" content=\"index, follow, max-snippet:-1, max-image-preview:large, max-video-preview:-1\" \/>\n<link rel=\"canonical\" href=\"https:\/\/tikiyoga.com\/proizvod\/casovi-hatha-yoge\/\" \/>\n<meta property=\"og:locale\" content=\"en_US\" \/>\n<meta property=\"og:type\" content=\"article\" \/>\n<meta property=\"og:title\" content=\"\u010casovi Hatha Yoge - Tiki Yoga\" \/>\n<meta property=\"og:description\" content=\"Zapo\u010dnite put ka fizi\u010dkom, mentalnom i emocionalnom balansu kroz na\u0161e \u010casove Hatha Yoge, osmi\u0161ljene kako bi vam pomogle da se oslobodite napetosti, bolova u le\u0111ima, oja\u010date telo i obnovite energiju.  Hatha Yoga online \u010dasovi su pogodni kako za po\u010detnike, tako i iskusne ve\u017eba\u010de. Ovaj stil ve\u017ebanja je ne\u017ean i postepen pa ga mogu praktikovati i ljudi sa povredama, osobe koje su u godinama, osobe sa disbalansom hormona, osobe koje se oporavljaju od operacija i \u017eele da oja\u010daju svoje telo.  &nbsp; Kotizacija za \u010dasove se obanvlja na mese\u010dnom nivou.\" \/>\n<meta property=\"og:url\" content=\"https:\/\/tikiyoga.com\/proizvod\/casovi-hatha-yoge\/\" \/>\n<meta property=\"og:site_name\" content=\"Tiki Yoga\" \/>\n<meta property=\"article:publisher\" content=\"https:\/\/www.facebook.com\/ZeljkaTikiYoga\" \/>\n<meta property=\"article:modified_time\" content=\"2025-04-24T08:44:17+00:00\" \/>\n<meta property=\"og:image\" content=\"https:\/\/tikiyoga.com\/wp-content\/uploads\/2025\/04\/Hatha-YogA-4-1.jpg\" \/>\n\t<meta property=\"og:image:width\" content=\"800\" \/>\n\t<meta property=\"og:image:height\" content=\"530\" \/>\n\t<meta property=\"og:image:type\" content=\"image\/jpeg\" \/>\n<meta name=\"twitter:card\" content=\"summary_large_image\" \/>\n<meta name=\"twitter:label1\" content=\"Est. reading time\" \/>\n\t<meta name=\"twitter:data1\" content=\"3 minutes\" \/>\n<script type=\"application\/ld+json\" class=\"yoast-schema-graph\">{\"@context\":\"https:\/\/schema.org\",\"@graph\":[{\"@type\":\"WebPage\",\"@id\":\"https:\/\/tikiyoga.com\/proizvod\/casovi-hatha-yoge\/\",\"url\":\"https:\/\/tikiyoga.com\/proizvod\/casovi-hatha-yoge\/\",\"name\":\"\u010casovi Hatha Yoge - Tiki Yoga\",\"isPartOf\":{\"@id\":\"https:\/\/tikiyoga.com\/#website\"},\"primaryImageOfPage\":{\"@id\":\"https:\/\/tikiyoga.com\/proizvod\/casovi-hatha-yoge\/#primaryimage\"},\"image\":{\"@id\":\"https:\/\/tikiyoga.com\/proizvod\/casovi-hatha-yoge\/#primaryimage\"},\"thumbnailUrl\":\"https:\/\/tikiyoga.com\/wp-content\/uploads\/2025\/04\/Hatha-YogA-4-1.jpg\",\"datePublished\":\"2025-04-24T08:32:26+00:00\",\"dateModified\":\"2025-04-24T08:44:17+00:00\",\"breadcrumb\":{\"@id\":\"https:\/\/tikiyoga.com\/proizvod\/casovi-hatha-yoge\/#breadcrumb\"},\"inLanguage\":\"en-US\",\"potentialAction\":[{\"@type\":\"ReadAction\",\"target\":[\"https:\/\/tikiyoga.com\/proizvod\/casovi-hatha-yoge\/\"]}]},{\"@type\":\"ImageObject\",\"inLanguage\":\"en-US\",\"@id\":\"https:\/\/tikiyoga.com\/proizvod\/casovi-hatha-yoge\/#primaryimage\",\"url\":\"https:\/\/tikiyoga.com\/wp-content\/uploads\/2025\/04\/Hatha-YogA-4-1.jpg\",\"contentUrl\":\"https:\/\/tikiyoga.com\/wp-content\/uploads\/2025\/04\/Hatha-YogA-4-1.jpg\",\"width\":800,\"height\":530},{\"@type\":\"BreadcrumbList\",\"@id\":\"https:\/\/tikiyoga.com\/proizvod\/casovi-hatha-yoge\/#breadcrumb\",\"itemListElement\":[{\"@type\":\"ListItem\",\"position\":1,\"name\":\"Home\",\"item\":\"https:\/\/tikiyoga.com\/en\/\"},{\"@type\":\"ListItem\",\"position\":2,\"name\":\"Proizvodi\",\"item\":\"https:\/\/tikiyoga.com\/shop\/\"},{\"@type\":\"ListItem\",\"position\":3,\"name\":\"\u010casovi Hatha Yoge\"}]},{\"@type\":\"WebSite\",\"@id\":\"https:\/\/tikiyoga.com\/#website\",\"url\":\"https:\/\/tikiyoga.com\/\",\"name\":\"Tiki Yoga\",\"description\":\"Promocija zdravih stilova \u017eivota, edukacija, mentalno, fizi\u010dko i duhovno zdravlje\",\"publisher\":{\"@id\":\"https:\/\/tikiyoga.com\/#organization\"},\"potentialAction\":[{\"@type\":\"SearchAction\",\"target\":{\"@type\":\"EntryPoint\",\"urlTemplate\":\"https:\/\/tikiyoga.com\/?s={search_term_string}\"},\"query-input\":{\"@type\":\"PropertyValueSpecification\",\"valueRequired\":true,\"valueName\":\"search_term_string\"}}],\"inLanguage\":\"en-US\"},{\"@type\":\"Organization\",\"@id\":\"https:\/\/tikiyoga.com\/#organization\",\"name\":\"Tiki Yoga\",\"url\":\"https:\/\/tikiyoga.com\/\",\"logo\":{\"@type\":\"ImageObject\",\"inLanguage\":\"en-US\",\"@id\":\"https:\/\/tikiyoga.com\/#\/schema\/logo\/image\/\",\"url\":\"https:\/\/tikiyoga.com\/wp-content\/uploads\/2021\/11\/tiki-yoga-logo.png\",\"contentUrl\":\"https:\/\/tikiyoga.com\/wp-content\/uploads\/2021\/11\/tiki-yoga-logo.png\",\"width\":150,\"height\":150,\"caption\":\"Tiki Yoga\"},\"image\":{\"@id\":\"https:\/\/tikiyoga.com\/#\/schema\/logo\/image\/\"},\"sameAs\":[\"https:\/\/www.facebook.com\/ZeljkaTikiYoga\",\"https:\/\/www.youtube.com\/@tikiyoga\"]}]}<\/script>\n<!-- \/ Yoast SEO plugin. -->","yoast_head_json":{"title":"\u010casovi Hatha Yoge - Tiki Yoga","robots":{"index":"index","follow":"follow","max-snippet":"max-snippet:-1","max-image-preview":"max-image-preview:large","max-video-preview":"max-video-preview:-1"},"canonical":"https:\/\/tikiyoga.com\/proizvod\/casovi-hatha-yoge\/","og_locale":"en_US","og_type":"article","og_title":"\u010casovi Hatha Yoge - Tiki Yoga","og_description":"Zapo\u010dnite put ka fizi\u010dkom, mentalnom i emocionalnom balansu kroz na\u0161e \u010casove Hatha Yoge, osmi\u0161ljene kako bi vam pomogle da se oslobodite napetosti, bolova u le\u0111ima, oja\u010date telo i obnovite energiju.  Hatha Yoga online \u010dasovi su pogodni kako za po\u010detnike, tako i iskusne ve\u017eba\u010de. Ovaj stil ve\u017ebanja je ne\u017ean i postepen pa ga mogu praktikovati i ljudi sa povredama, osobe koje su u godinama, osobe sa disbalansom hormona, osobe koje se oporavljaju od operacija i \u017eele da oja\u010daju svoje telo.  &nbsp; Kotizacija za \u010dasove se obanvlja na mese\u010dnom nivou.","og_url":"https:\/\/tikiyoga.com\/proizvod\/casovi-hatha-yoge\/","og_site_name":"Tiki Yoga","article_publisher":"https:\/\/www.facebook.com\/ZeljkaTikiYoga","article_modified_time":"2025-04-24T08:44:17+00:00","og_image":[{"width":800,"height":530,"url":"https:\/\/tikiyoga.com\/wp-content\/uploads\/2025\/04\/Hatha-YogA-4-1.jpg","type":"image\/jpeg"}],"twitter_card":"summary_large_image","twitter_misc":{"Est. reading time":"3 minutes"},"schema":{"@context":"https:\/\/schema.org","@graph":[{"@type":"WebPage","@id":"https:\/\/tikiyoga.com\/proizvod\/casovi-hatha-yoge\/","url":"https:\/\/tikiyoga.com\/proizvod\/casovi-hatha-yoge\/","name":"\u010casovi Hatha Yoge - Tiki Yoga","isPartOf":{"@id":"https:\/\/tikiyoga.com\/#website"},"primaryImageOfPage":{"@id":"https:\/\/tikiyoga.com\/proizvod\/casovi-hatha-yoge\/#primaryimage"},"image":{"@id":"https:\/\/tikiyoga.com\/proizvod\/casovi-hatha-yoge\/#primaryimage"},"thumbnailUrl":"https:\/\/tikiyoga.com\/wp-content\/uploads\/2025\/04\/Hatha-YogA-4-1.jpg","datePublished":"2025-04-24T08:32:26+00:00","dateModified":"2025-04-24T08:44:17+00:00","breadcrumb":{"@id":"https:\/\/tikiyoga.com\/proizvod\/casovi-hatha-yoge\/#breadcrumb"},"inLanguage":"en-US","potentialAction":[{"@type":"ReadAction","target":["https:\/\/tikiyoga.com\/proizvod\/casovi-hatha-yoge\/"]}]},{"@type":"ImageObject","inLanguage":"en-US","@id":"https:\/\/tikiyoga.com\/proizvod\/casovi-hatha-yoge\/#primaryimage","url":"https:\/\/tikiyoga.com\/wp-content\/uploads\/2025\/04\/Hatha-YogA-4-1.jpg","contentUrl":"https:\/\/tikiyoga.com\/wp-content\/uploads\/2025\/04\/Hatha-YogA-4-1.jpg","width":800,"height":530},{"@type":"BreadcrumbList","@id":"https:\/\/tikiyoga.com\/proizvod\/casovi-hatha-yoge\/#breadcrumb","itemListElement":[{"@type":"ListItem","position":1,"name":"Home","item":"https:\/\/tikiyoga.com\/en\/"},{"@type":"ListItem","position":2,"name":"Proizvodi","item":"https:\/\/tikiyoga.com\/shop\/"},{"@type":"ListItem","position":3,"name":"\u010casovi Hatha Yoge"}]},{"@type":"WebSite","@id":"https:\/\/tikiyoga.com\/#website","url":"https:\/\/tikiyoga.com\/","name":"Tiki Yoga","description":"Promocija zdravih stilova \u017eivota, edukacija, mentalno, fizi\u010dko i duhovno zdravlje","publisher":{"@id":"https:\/\/tikiyoga.com\/#organization"},"potentialAction":[{"@type":"SearchAction","target":{"@type":"EntryPoint","urlTemplate":"https:\/\/tikiyoga.com\/?s={search_term_string}"},"query-input":{"@type":"PropertyValueSpecification","valueRequired":true,"valueName":"search_term_string"}}],"inLanguage":"en-US"},{"@type":"Organization","@id":"https:\/\/tikiyoga.com\/#organization","name":"Tiki Yoga","url":"https:\/\/tikiyoga.com\/","logo":{"@type":"ImageObject","inLanguage":"en-US","@id":"https:\/\/tikiyoga.com\/#\/schema\/logo\/image\/","url":"https:\/\/tikiyoga.com\/wp-content\/uploads\/2021\/11\/tiki-yoga-logo.png","contentUrl":"https:\/\/tikiyoga.com\/wp-content\/uploads\/2021\/11\/tiki-yoga-logo.png","width":150,"height":150,"caption":"Tiki Yoga"},"image":{"@id":"https:\/\/tikiyoga.com\/#\/schema\/logo\/image\/"},"sameAs":["https:\/\/www.facebook.com\/ZeljkaTikiYoga","https:\/\/www.youtube.com\/@tikiyoga"]}]}},"_links":{"self":[{"href":"https:\/\/tikiyoga.com\/en\/wp-json\/wp\/v2\/product\/5847","targetHints":{"allow":["GET"]}}],"collection":[{"href":"https:\/\/tikiyoga.com\/en\/wp-json\/wp\/v2\/product"}],"about":[{"href":"https:\/\/tikiyoga.com\/en\/wp-json\/wp\/v2\/types\/product"}],"wp:featuredmedia":[{"embeddable":true,"href":"https:\/\/tikiyoga.com\/en\/wp-json\/wp\/v2\/media\/5858"}],"wp:attachment":[{"href":"https:\/\/tikiyoga.com\/en\/wp-json\/wp\/v2\/media?parent=5847"}],"wp:term":[{"taxonomy":"product_brand","embeddable":true,"href":"https:\/\/tikiyoga.com\/en\/wp-json\/wp\/v2\/product_brand?post=5847"},{"taxonomy":"product_cat","embeddable":true,"href":"https:\/\/tikiyoga.com\/en\/wp-json\/wp\/v2\/product_cat?post=5847"},{"taxonomy":"product_tag","embeddable":true,"href":"https:\/\/tikiyoga.com\/en\/wp-json\/wp\/v2\/product_tag?post=5847"}],"curies":[{"name":"wp","href":"https:\/\/api.w.org\/{rel}","templated":true}]}}