{"id":5862,"date":"2025-04-24T08:48:16","date_gmt":"2025-04-24T08:48:16","guid":{"rendered":"https:\/\/tikiyoga.com\/?post_type=product&#038;p=5862"},"modified":"2025-04-24T09:14:26","modified_gmt":"2025-04-24T09:14:26","slug":"casovi-power-yoge","status":"publish","type":"product","link":"https:\/\/tikiyoga.com\/en\/proizvod\/casovi-power-yoge\/","title":{"rendered":"\u010casovi Power Yoge"},"content":{"rendered":"[vc_row full_width=&#8221;stretch_row&#8221; bg_type=&#8221;bg_color&#8221; css=&#8221;.vc_custom_1744120663400{background-color: rgba(255,255,255,0.06) !important;*background-color: rgb(255,255,255) !important;}&#8221;][vc_column][vc_empty_space][vc_column_text]\n<h2>\u0160ta \u0107ete dobiti u mese\u010dnom paketu \u010dasova?<\/h2>\n[\/vc_column_text][vc_empty_space]<div class=\"smile_icon_list_wrap ult_info_list_container ult-adjust-bottom-margin  \"><ul class=\"smile_icon_list left square with_bg\"><li class=\"icon_list_item\" style=\" font-size:36px;\"><div class=\"icon_list_icon\" data-animation=\"\" data-animation-delay=\"03\" style=\"font-size:12px;border-width:1px;border-style:none;background:rgba(255,255,255,0.01);color:#333333;border-color:#333333;\"><img decoding=\"async\" class=\"list-img-icon\" alt=\"null\" src=\"https:\/\/tikiyoga.com\/wp-content\/uploads\/2024\/09\/zeleni-cvet-png-1.png\"\/><\/div><div class=\"icon_description\" id=\"Info-list-wrap-7560\" style=\"font-size:12px;\"><h3 class=\"ult-responsive info-list-heading\"  data-ultimate-target='#Info-list-wrap-7560 h3'  data-responsive-json-new='{\"font-size\":\"desktop:22px;\",\"line-height\":\"desktop:35px;\"}'  style=\"\"><\/p>\n<h2>8 Online \u010dasova<\/h2>\n<p><\/h3><div class=\"icon_description_text ult-responsive\"  data-ultimate-target='#Info-list-wrap-7560 .icon_description_text'  data-responsive-json-new='{\"font-size\":\"desktop:18px;\",\"line-height\":\"desktop:22px;\"}'  style=\"\"><div class=\"gap\" style=\"line-height: 10px; height: 10px;\"><\/div>\n<p>Program se sastoji od 8 dinami\u010dnih online \u010dasova koji uklju\u010duju izazovne ve\u017ebe koje oblikuju telo, pobolj\u0161avaju fleksibilnost i osve\u017eavaju energiju. \u010casove mo\u017eete pratiti u svom tempu, bilo kada i bilo gde.<\/p>\n<\/div><\/div><div class=\"icon_list_connector\"  style=\"border-right-width: 1px;border-right-style: dashed;border-color: #ffffff;\"><\/div><\/li><li class=\"icon_list_item\" style=\" font-size:36px;\"><div class=\"icon_list_icon\" data-animation=\"\" data-animation-delay=\"03\" style=\"font-size:12px;border-width:1px;border-style:none;background:rgba(255,255,255,0.01);color:#333333;border-color:#333333;\"><img decoding=\"async\" class=\"list-img-icon\" alt=\"null\" src=\"https:\/\/tikiyoga.com\/wp-content\/uploads\/2024\/09\/zeleni-cvet-png-1.png\"\/><\/div><div class=\"icon_description\" id=\"Info-list-wrap-2971\" style=\"font-size:12px;\"><h3 class=\"ult-responsive info-list-heading\"  data-ultimate-target='#Info-list-wrap-2971 h3'  data-responsive-json-new='{\"font-size\":\"desktop:22px;\",\"line-height\":\"desktop:35px;\"}'  style=\"\"><\/p>\n<h2>Tehnike disanja za ravnote\u017eu hormona<\/h2>\n<p><\/h3><div class=\"icon_description_text ult-responsive\"  data-ultimate-target='#Info-list-wrap-2971 .icon_description_text'  data-responsive-json-new='{\"font-size\":\"desktop:18px;\",\"line-height\":\"desktop:22px;\"}'  style=\"\"><div class=\"gap\" style=\"line-height: 10px; height: 10px;\"><\/div>\n<p>Power Yoga poma\u017ee u balansiranju hormona, \u0161to je klju\u010dno za plodnost, i podsti\u010de zdravu ravnote\u017eu hormona u telu. Tehnike disanja u Power Yogi posebno poma\u017eu u stabilizaciji hormona, pobolj\u0161avaju\u0107i va\u0161u plodnost i reproduktivno zdravlje.<\/p>\n<\/div><\/div><div class=\"icon_list_connector\"  style=\"border-right-width: 1px;border-right-style: dashed;border-color: #ffffff;\"><\/div><\/li><li class=\"icon_list_item\" style=\" font-size:36px;\"><div class=\"icon_list_icon\" data-animation=\"\" data-animation-delay=\"03\" style=\"font-size:12px;border-width:1px;border-style:none;background:rgba(255,255,255,0.01);color:#333333;border-color:#333333;\"><img decoding=\"async\" class=\"list-img-icon\" alt=\"null\" src=\"https:\/\/tikiyoga.com\/wp-content\/uploads\/2024\/09\/zeleni-cvet-png-1.png\"\/><\/div><div class=\"icon_description\" id=\"Info-list-wrap-8405\" style=\"font-size:12px;\"><h3 class=\"ult-responsive info-list-heading\"  data-ultimate-target='#Info-list-wrap-8405 h3'  data-responsive-json-new='{\"font-size\":\"desktop:22px;\",\"line-height\":\"desktop:35px;\"}'  style=\"\"><\/p>\n<h2>Energetske ve\u017ebe<\/h2>\n<p><\/h3><div class=\"icon_description_text ult-responsive\"  data-ultimate-target='#Info-list-wrap-8405 .icon_description_text'  data-responsive-json-new='{\"font-size\":\"desktop:18px;\",\"line-height\":\"desktop:22px;\"}'  style=\"\"><div class=\"gap\" style=\"line-height: 10px; height: 10px;\"><\/div>\n<p>iz isto\u010dnja\u010dkih tradicionalnih sistema za detoksikaciju na \u0107elijskom nivou, samomasa\u017ee i tehnike limfne drena\u017ee koje podsti\u010du detoksikacione procese i vra\u0107aju telu mladolikost i vitalnost.<\/p>\n<\/div><\/div><div class=\"icon_list_connector\"  style=\"border-right-width: 1px;border-right-style: dashed;border-color: #ffffff;\"><\/div><\/li><li class=\"icon_list_item\" style=\" font-size:36px;\"><div class=\"icon_list_icon\" data-animation=\"\" data-animation-delay=\"03\" style=\"font-size:12px;border-width:1px;border-style:none;background:rgba(255,255,255,0.01);color:#333333;border-color:#333333;\"><img decoding=\"async\" class=\"list-img-icon\" alt=\"null\" src=\"https:\/\/tikiyoga.com\/wp-content\/uploads\/2024\/09\/zeleni-cvet-png-1.png\"\/><\/div><div class=\"icon_description\" id=\"Info-list-wrap-8295\" style=\"font-size:12px;\"><h3 class=\"ult-responsive info-list-heading\"  data-ultimate-target='#Info-list-wrap-8295 h3'  data-responsive-json-new='{\"font-size\":\"desktop:22px;\",\"line-height\":\"desktop:35px;\"}'  style=\"\"><\/p>\n<h2>Hipnomeditacije za emocionalnu ravnote\u017eu<\/h2>\n<p><\/h3><div class=\"icon_description_text ult-responsive\"  data-ultimate-target='#Info-list-wrap-8295 .icon_description_text'  data-responsive-json-new='{\"font-size\":\"desktop:18px;\",\"line-height\":\"desktop:22px;\"}'  style=\"\"><div class=\"gap\" style=\"line-height: 10px; height: 10px;\"><\/div><br \/>\nNa kraju svakog \u010dasa, praktikuje se vo\u0111ena meditacija koja vam poma\u017ee da se pove\u017eete sa sobom, smanjite anksioznost i oja\u010date unutra\u0161nju snagu.<\/p>\n<\/div><\/div><div class=\"icon_list_connector\"  style=\"border-right-width: 1px;border-right-style: dashed;border-color: #ffffff;\"><\/div><\/li><\/ul><\/div>[vc_empty_space][\/vc_column][\/vc_row][vc_row full_width=&#8221;stretch_row_content_no_spaces&#8221;][vc_column][vc_empty_space][vc_column_text]<img decoding=\"async\" class=\"aligncenter size-full wp-image-5863\" src=\"http:\/\/tikiyoga.com\/wp-content\/uploads\/2025\/04\/POWER-YOGA-1.jpg\" alt=\"\" width=\"1920\" height=\"1132\" srcset=\"https:\/\/tikiyoga.com\/wp-content\/uploads\/2025\/04\/POWER-YOGA-1.jpg 1920w, https:\/\/tikiyoga.com\/wp-content\/uploads\/2025\/04\/POWER-YOGA-1-300x177.jpg 300w, https:\/\/tikiyoga.com\/wp-content\/uploads\/2025\/04\/POWER-YOGA-1-1024x604.jpg 1024w, https:\/\/tikiyoga.com\/wp-content\/uploads\/2025\/04\/POWER-YOGA-1-768x453.jpg 768w, https:\/\/tikiyoga.com\/wp-content\/uploads\/2025\/04\/POWER-YOGA-1-1536x906.jpg 1536w, https:\/\/tikiyoga.com\/wp-content\/uploads\/2025\/04\/POWER-YOGA-1-500x295.jpg 500w, https:\/\/tikiyoga.com\/wp-content\/uploads\/2025\/04\/POWER-YOGA-1-800x472.jpg 800w\" sizes=\"(max-width: 1920px) 100vw, 1920px\" \/>[\/vc_column_text][\/vc_column][\/vc_row][vc_row full_width=&#8221;stretch_row&#8221; bg_type=&#8221;bg_color&#8221;][vc_column][vc_empty_space height=&#8221;60&#8243;][vc_column_text]\n<h3>Klju\u010dne koristi:<\/h3>\n<ul>\n<li><strong>Pove\u0107ava tonus i oblikuje mi\u0161i\u0107e:<\/strong> Intenzivne ve\u017ebe snage oblikuju i u\u010dvr\u0161\u0107uju mi\u0161i\u0107e, pru\u017eaju\u0107i vam sna\u017eno i vitko telo.<\/li>\n<li><strong>Pove\u0107ava fleksibilnost i mobilnost u zglobovima:<\/strong> Kroz dinami\u010dne asane, va\u0161i zglobovi postaju fleksibilniji, \u010dime se smanjuje rizik od povreda.<\/li>\n<li><strong>Vra\u0107a telu gipkost:<\/strong> Aktivne pozicije pobolj\u0161avaju va\u0161u gipkost i elasti\u010dnost, \u010dine\u0107i vas pokretljivijim i agilnijim.<\/li>\n<li><strong>Ja\u010da zglobno-ko\u0161tani sistem:<\/strong> Power Yoga je savr\u0161ena za izgradnju sna\u017enih kostiju i zglobova, pobolj\u0161avaju\u0107i va\u0161 ukupni zdravlje zglobova.<\/li>\n<li><strong>Pobolj\u0161ava koordinaciju izme\u0111u disanja i pokreta:<\/strong> Svaka ve\u017eba je dizajnirana da pove\u017ee disanje sa pokretom, \u0161to pobolj\u0161ava va\u0161u koordinaciju i kontrolu tela.<\/li>\n<li><strong>Vra\u0107a i obnavlja energiju u telu:<\/strong> Dinami\u010dne serije ve\u017ebi pove\u0107avaju nivo va\u0161e energije, poma\u017eu\u0107i vam da se ose\u0107ate osve\u017eeno i vitalno.<\/li>\n<li><strong>Pove\u0107ava koncentraciju:<\/strong> Power Yoga poma\u017ee u fokusu, smanjuje distrakcije i pobolj\u0161ava va\u0161u mentalnu jasno\u0107u.<\/li>\n<li><strong>Smanjuje i otklanja stres:<\/strong> Kroz fizi\u010dki izazovne asane, osloba\u0111ate napetosti i osloba\u0111ate se stresa, stvaraju\u0107i mir u umu i telu.<\/li>\n<li><strong>Stabilizuje krvni pritisak:<\/strong> Redovno praktikovanje Power Yoge poma\u017ee u stabilizaciji krvnog pritiska, \u010dine\u0107i va\u0161 kardiovaskularni sistem zdravijim.<\/li>\n<li><strong>Pobolj\u0161ava cirkulaciju i ubrzava metabolizam:<\/strong> Brzi i sna\u017eni pokreti ubrzavaju cirkulaciju i metabolizam, \u010dine\u0107i vas zdravijima i energi\u010dnijima.<\/li>\n<li><strong>Uti\u010de na plodnost i balansira hormone:<\/strong> Power Yoga poma\u017ee u balansiranju hormona, \u0161to je klju\u010dno za plodnost, i podsti\u010de zdravu ravnote\u017eu hormona u telu.<\/li>\n<\/ul>\n<h3>Kako funkcioni\u0161e?<\/h3>\n<ul>\n<li><strong>Pristupite bilo kada:<\/strong> \u010casovi su dostupni online, ve\u017ebajte iz udobnosti svog doma, u terminu kada je Vama najoptimalnije i u svom ritmu.<\/li>\n<li><strong>U\u010dite u svom ritmu:<\/strong> Prilagodite intenzitet ve\u017ebi prema va\u0161im potrebama i nivoima energije.<\/li>\n<li><strong>Pla\u0107anje na mese\u010dnom nivou<\/strong> \u2013 kotizacija za \u010dasove se obanvlja na mese\u010dnom nivou<\/li>\n<\/ul>\n[\/vc_column_text][vc_empty_space][\/vc_column][\/vc_row][vc_row full_width=&#8221;stretch_row_content_no_spaces&#8221;][vc_column][vc_empty_space][vc_column_text]<img decoding=\"async\" class=\"aligncenter size-full wp-image-5865\" src=\"http:\/\/tikiyoga.com\/wp-content\/uploads\/2025\/04\/POWER-YOGA.jpg\" alt=\"\" width=\"1920\" height=\"1132\" srcset=\"https:\/\/tikiyoga.com\/wp-content\/uploads\/2025\/04\/POWER-YOGA.jpg 1920w, https:\/\/tikiyoga.com\/wp-content\/uploads\/2025\/04\/POWER-YOGA-300x177.jpg 300w, https:\/\/tikiyoga.com\/wp-content\/uploads\/2025\/04\/POWER-YOGA-1024x604.jpg 1024w, https:\/\/tikiyoga.com\/wp-content\/uploads\/2025\/04\/POWER-YOGA-768x453.jpg 768w, https:\/\/tikiyoga.com\/wp-content\/uploads\/2025\/04\/POWER-YOGA-1536x906.jpg 1536w, https:\/\/tikiyoga.com\/wp-content\/uploads\/2025\/04\/POWER-YOGA-500x295.jpg 500w, https:\/\/tikiyoga.com\/wp-content\/uploads\/2025\/04\/POWER-YOGA-800x472.jpg 800w\" sizes=\"(max-width: 1920px) 100vw, 1920px\" \/>[\/vc_column_text][\/vc_column][\/vc_row][vc_row][vc_column][vc_empty_space][vc_column_text]\n<h3>Za\u0161to odabrati Power Yogu?<\/h3>\n<ul>\n<li><strong>Brza transformacija tela i uma:<\/strong> Ako \u017eelite da izgradite snagu, pobolj\u0161ate fleksibilnost i energiju, Power Yoga je pravi izbor za vas.<\/li>\n<li><strong>Kompletna fizi\u010dka i mentalna priprema:<\/strong> Na\u0161i \u010dasovi donose rezultate na fizi\u010dkom i mentalnom nivou, poma\u017eu\u0107i vam da \u017eivite zdravije i uravnote\u017eenije.<\/li>\n<li><strong>Stru\u010dnost i podr\u0161ka:<\/strong> \u010casove vodi \u017deljka Zdravkovi\u0107, doktorand Medicinskog fakulteta i sertifikovani instruktor joge sa vi\u0161e od 10 godina iskustva u radu sa \u017eenama. Kroz godine iskustva, \u017deljka je razvila pristup koji kombinuje tradicionalne jogi\u010dke tehnike sa energetskim tehnikama i ve\u017ebama iz borila\u010dkih ve\u0161tina, koje u kombinaciji dovode do detoksikacionih procesa i balansiraju hormone. Osim toga, \u017deljka je licencirani hipnoterapeut, koji ne\u017eno, ali sna\u017eno, koristi re\u010di da dopre do podsvesnih obrazaca, pru\u017eaju\u0107i podr\u0161ku u procesu transformacije i radu na emocionalnom balansu kroz suo\u010davanje sa traumama. \u010cesta je podr\u0161ka u le\u010denju infertiliteta i radu na traumi od gubitka trudno\u0107e, omogu\u0107avaju\u0107i duboko emocionalno isceljenje.<\/li>\n<\/ul>\n[\/vc_column_text][vc_empty_space height=&#8221;20&#8243;]<style type=\"text\/css\" data-type=\"the7_shortcodes-inline-css\">#default-btn-53f0578381827c3bccb059efd574b06c.ico-right-side > i {\n  margin-right: 0px;\n  margin-left: 8px;\n}\n#default-btn-53f0578381827c3bccb059efd574b06c > i {\n  margin-right: 8px;\n}\n#default-btn-53f0578381827c3bccb059efd574b06c * {\n  vertical-align: middle;\n}\n<\/style><div class=\"btn-align-left\"><a href=\"https:\/\/tikiyoga.com\/power-joga\/\" class=\"default-btn-shortcode dt-btn dt-btn-m link-hover-off \" target=\"_blank\" id=\"default-btn-53f0578381827c3bccb059efd574b06c\" rel=\"noopener\"><span>\ud83d\udc49 VI\u0160E O \u010cASOVIMA POWER YOGE<\/span><\/a><\/div>[vc_empty_space][\/vc_column][\/vc_row]\n","protected":false},"excerpt":{"rendered":"<p>Pokrenite svoju energiju, izgradite snagu i postignite ravnote\u017eu sa na\u0161im Power Yogom programom! Ovaj dinami\u010dan i intenzivan stil joge je dizajniran da transformi\u0161e va\u0161e telo i um, pobolj\u0161avaju\u0107i va\u0161u snagu, fleksibilnost i mentalnu jasno\u0107u kroz izazovne i osve\u017eavaju\u0107e ve\u017ebe.<\/p>\n<p>Pridru\u017eite nam se na Power Yogi i otkrijte kako mo\u017eete pobolj\u0161ati snagu, energiju i ravnote\u017eu, uti\u010du\u0107i pozitivno na plodnost i hormonsku ravnote\u017eu. Osvojite svoje telo, um i energiju kroz izazovnu i osve\u017eavaju\u0107u praksu koja menja \u017eivot!<\/p>\n<p>&nbsp;<\/p>\n<h6>Kotizacija za \u010dasove se obanvlja na mese\u010dnom nivou.<\/h6>\n","protected":false},"featured_media":5873,"template":"","meta":[],"product_brand":[],"product_cat":[61],"product_tag":[],"class_list":{"0":"post-5862","1":"product","2":"type-product","3":"status-publish","4":"has-post-thumbnail","6":"product_cat-shop","7":"description-off","9":"first","10":"instock","11":"shipping-taxable","12":"purchasable","13":"product-type-simple"},"yoast_head":"<!-- This site is optimized with the Yoast SEO plugin v26.9 - https:\/\/yoast.com\/product\/yoast-seo-wordpress\/ -->\n<title>\u010casovi Power Yoge - Tiki Yoga<\/title>\n<meta name=\"robots\" content=\"index, follow, max-snippet:-1, max-image-preview:large, max-video-preview:-1\" \/>\n<link rel=\"canonical\" href=\"https:\/\/tikiyoga.com\/proizvod\/casovi-power-yoge\/\" \/>\n<meta property=\"og:locale\" content=\"en_US\" \/>\n<meta property=\"og:type\" content=\"article\" \/>\n<meta property=\"og:title\" content=\"\u010casovi Power Yoge - Tiki Yoga\" \/>\n<meta property=\"og:description\" content=\"Pokrenite svoju energiju, izgradite snagu i postignite ravnote\u017eu sa na\u0161im Power Yogom programom! Ovaj dinami\u010dan i intenzivan stil joge je dizajniran da transformi\u0161e va\u0161e telo i um, pobolj\u0161avaju\u0107i va\u0161u snagu, fleksibilnost i mentalnu jasno\u0107u kroz izazovne i osve\u017eavaju\u0107e ve\u017ebe.  Pridru\u017eite nam se na Power Yogi i otkrijte kako mo\u017eete pobolj\u0161ati snagu, energiju i ravnote\u017eu, uti\u010du\u0107i pozitivno na plodnost i hormonsku ravnote\u017eu. Osvojite svoje telo, um i energiju kroz izazovnu i osve\u017eavaju\u0107u praksu koja menja \u017eivot!  &nbsp; Kotizacija za \u010dasove se obanvlja na mese\u010dnom nivou.\" \/>\n<meta property=\"og:url\" content=\"https:\/\/tikiyoga.com\/proizvod\/casovi-power-yoge\/\" \/>\n<meta property=\"og:site_name\" content=\"Tiki Yoga\" \/>\n<meta property=\"article:publisher\" content=\"https:\/\/www.facebook.com\/ZeljkaTikiYoga\" \/>\n<meta property=\"article:modified_time\" content=\"2025-04-24T09:14:26+00:00\" \/>\n<meta property=\"og:image\" content=\"https:\/\/tikiyoga.com\/wp-content\/uploads\/2025\/04\/casovi-power-yoge.jpg\" \/>\n\t<meta property=\"og:image:width\" content=\"800\" \/>\n\t<meta property=\"og:image:height\" content=\"530\" \/>\n\t<meta property=\"og:image:type\" content=\"image\/jpeg\" \/>\n<meta name=\"twitter:card\" content=\"summary_large_image\" \/>\n<meta name=\"twitter:label1\" content=\"Est. reading time\" \/>\n\t<meta name=\"twitter:data1\" content=\"4 minutes\" \/>\n<script type=\"application\/ld+json\" class=\"yoast-schema-graph\">{\"@context\":\"https:\/\/schema.org\",\"@graph\":[{\"@type\":\"WebPage\",\"@id\":\"https:\/\/tikiyoga.com\/proizvod\/casovi-power-yoge\/\",\"url\":\"https:\/\/tikiyoga.com\/proizvod\/casovi-power-yoge\/\",\"name\":\"\u010casovi Power Yoge - Tiki Yoga\",\"isPartOf\":{\"@id\":\"https:\/\/tikiyoga.com\/#website\"},\"primaryImageOfPage\":{\"@id\":\"https:\/\/tikiyoga.com\/proizvod\/casovi-power-yoge\/#primaryimage\"},\"image\":{\"@id\":\"https:\/\/tikiyoga.com\/proizvod\/casovi-power-yoge\/#primaryimage\"},\"thumbnailUrl\":\"https:\/\/tikiyoga.com\/wp-content\/uploads\/2025\/04\/casovi-power-yoge.jpg\",\"datePublished\":\"2025-04-24T08:48:16+00:00\",\"dateModified\":\"2025-04-24T09:14:26+00:00\",\"breadcrumb\":{\"@id\":\"https:\/\/tikiyoga.com\/proizvod\/casovi-power-yoge\/#breadcrumb\"},\"inLanguage\":\"en-US\",\"potentialAction\":[{\"@type\":\"ReadAction\",\"target\":[\"https:\/\/tikiyoga.com\/proizvod\/casovi-power-yoge\/\"]}]},{\"@type\":\"ImageObject\",\"inLanguage\":\"en-US\",\"@id\":\"https:\/\/tikiyoga.com\/proizvod\/casovi-power-yoge\/#primaryimage\",\"url\":\"https:\/\/tikiyoga.com\/wp-content\/uploads\/2025\/04\/casovi-power-yoge.jpg\",\"contentUrl\":\"https:\/\/tikiyoga.com\/wp-content\/uploads\/2025\/04\/casovi-power-yoge.jpg\",\"width\":800,\"height\":530},{\"@type\":\"BreadcrumbList\",\"@id\":\"https:\/\/tikiyoga.com\/proizvod\/casovi-power-yoge\/#breadcrumb\",\"itemListElement\":[{\"@type\":\"ListItem\",\"position\":1,\"name\":\"Home\",\"item\":\"https:\/\/tikiyoga.com\/en\/\"},{\"@type\":\"ListItem\",\"position\":2,\"name\":\"Proizvodi\",\"item\":\"https:\/\/tikiyoga.com\/shop\/\"},{\"@type\":\"ListItem\",\"position\":3,\"name\":\"\u010casovi Power Yoge\"}]},{\"@type\":\"WebSite\",\"@id\":\"https:\/\/tikiyoga.com\/#website\",\"url\":\"https:\/\/tikiyoga.com\/\",\"name\":\"Tiki Yoga\",\"description\":\"Promocija zdravih stilova \u017eivota, edukacija, mentalno, fizi\u010dko i duhovno zdravlje\",\"publisher\":{\"@id\":\"https:\/\/tikiyoga.com\/#organization\"},\"potentialAction\":[{\"@type\":\"SearchAction\",\"target\":{\"@type\":\"EntryPoint\",\"urlTemplate\":\"https:\/\/tikiyoga.com\/?s={search_term_string}\"},\"query-input\":{\"@type\":\"PropertyValueSpecification\",\"valueRequired\":true,\"valueName\":\"search_term_string\"}}],\"inLanguage\":\"en-US\"},{\"@type\":\"Organization\",\"@id\":\"https:\/\/tikiyoga.com\/#organization\",\"name\":\"Tiki Yoga\",\"url\":\"https:\/\/tikiyoga.com\/\",\"logo\":{\"@type\":\"ImageObject\",\"inLanguage\":\"en-US\",\"@id\":\"https:\/\/tikiyoga.com\/#\/schema\/logo\/image\/\",\"url\":\"https:\/\/tikiyoga.com\/wp-content\/uploads\/2021\/11\/tiki-yoga-logo.png\",\"contentUrl\":\"https:\/\/tikiyoga.com\/wp-content\/uploads\/2021\/11\/tiki-yoga-logo.png\",\"width\":150,\"height\":150,\"caption\":\"Tiki Yoga\"},\"image\":{\"@id\":\"https:\/\/tikiyoga.com\/#\/schema\/logo\/image\/\"},\"sameAs\":[\"https:\/\/www.facebook.com\/ZeljkaTikiYoga\",\"https:\/\/www.youtube.com\/@tikiyoga\"]}]}<\/script>\n<!-- \/ Yoast SEO plugin. -->","yoast_head_json":{"title":"\u010casovi Power Yoge - Tiki Yoga","robots":{"index":"index","follow":"follow","max-snippet":"max-snippet:-1","max-image-preview":"max-image-preview:large","max-video-preview":"max-video-preview:-1"},"canonical":"https:\/\/tikiyoga.com\/proizvod\/casovi-power-yoge\/","og_locale":"en_US","og_type":"article","og_title":"\u010casovi Power Yoge - Tiki Yoga","og_description":"Pokrenite svoju energiju, izgradite snagu i postignite ravnote\u017eu sa na\u0161im Power Yogom programom! Ovaj dinami\u010dan i intenzivan stil joge je dizajniran da transformi\u0161e va\u0161e telo i um, pobolj\u0161avaju\u0107i va\u0161u snagu, fleksibilnost i mentalnu jasno\u0107u kroz izazovne i osve\u017eavaju\u0107e ve\u017ebe.  Pridru\u017eite nam se na Power Yogi i otkrijte kako mo\u017eete pobolj\u0161ati snagu, energiju i ravnote\u017eu, uti\u010du\u0107i pozitivno na plodnost i hormonsku ravnote\u017eu. Osvojite svoje telo, um i energiju kroz izazovnu i osve\u017eavaju\u0107u praksu koja menja \u017eivot!  &nbsp; Kotizacija za \u010dasove se obanvlja na mese\u010dnom nivou.","og_url":"https:\/\/tikiyoga.com\/proizvod\/casovi-power-yoge\/","og_site_name":"Tiki Yoga","article_publisher":"https:\/\/www.facebook.com\/ZeljkaTikiYoga","article_modified_time":"2025-04-24T09:14:26+00:00","og_image":[{"width":800,"height":530,"url":"https:\/\/tikiyoga.com\/wp-content\/uploads\/2025\/04\/casovi-power-yoge.jpg","type":"image\/jpeg"}],"twitter_card":"summary_large_image","twitter_misc":{"Est. reading time":"4 minutes"},"schema":{"@context":"https:\/\/schema.org","@graph":[{"@type":"WebPage","@id":"https:\/\/tikiyoga.com\/proizvod\/casovi-power-yoge\/","url":"https:\/\/tikiyoga.com\/proizvod\/casovi-power-yoge\/","name":"\u010casovi Power Yoge - Tiki Yoga","isPartOf":{"@id":"https:\/\/tikiyoga.com\/#website"},"primaryImageOfPage":{"@id":"https:\/\/tikiyoga.com\/proizvod\/casovi-power-yoge\/#primaryimage"},"image":{"@id":"https:\/\/tikiyoga.com\/proizvod\/casovi-power-yoge\/#primaryimage"},"thumbnailUrl":"https:\/\/tikiyoga.com\/wp-content\/uploads\/2025\/04\/casovi-power-yoge.jpg","datePublished":"2025-04-24T08:48:16+00:00","dateModified":"2025-04-24T09:14:26+00:00","breadcrumb":{"@id":"https:\/\/tikiyoga.com\/proizvod\/casovi-power-yoge\/#breadcrumb"},"inLanguage":"en-US","potentialAction":[{"@type":"ReadAction","target":["https:\/\/tikiyoga.com\/proizvod\/casovi-power-yoge\/"]}]},{"@type":"ImageObject","inLanguage":"en-US","@id":"https:\/\/tikiyoga.com\/proizvod\/casovi-power-yoge\/#primaryimage","url":"https:\/\/tikiyoga.com\/wp-content\/uploads\/2025\/04\/casovi-power-yoge.jpg","contentUrl":"https:\/\/tikiyoga.com\/wp-content\/uploads\/2025\/04\/casovi-power-yoge.jpg","width":800,"height":530},{"@type":"BreadcrumbList","@id":"https:\/\/tikiyoga.com\/proizvod\/casovi-power-yoge\/#breadcrumb","itemListElement":[{"@type":"ListItem","position":1,"name":"Home","item":"https:\/\/tikiyoga.com\/en\/"},{"@type":"ListItem","position":2,"name":"Proizvodi","item":"https:\/\/tikiyoga.com\/shop\/"},{"@type":"ListItem","position":3,"name":"\u010casovi Power Yoge"}]},{"@type":"WebSite","@id":"https:\/\/tikiyoga.com\/#website","url":"https:\/\/tikiyoga.com\/","name":"Tiki Yoga","description":"Promocija zdravih stilova \u017eivota, edukacija, mentalno, fizi\u010dko i duhovno zdravlje","publisher":{"@id":"https:\/\/tikiyoga.com\/#organization"},"potentialAction":[{"@type":"SearchAction","target":{"@type":"EntryPoint","urlTemplate":"https:\/\/tikiyoga.com\/?s={search_term_string}"},"query-input":{"@type":"PropertyValueSpecification","valueRequired":true,"valueName":"search_term_string"}}],"inLanguage":"en-US"},{"@type":"Organization","@id":"https:\/\/tikiyoga.com\/#organization","name":"Tiki Yoga","url":"https:\/\/tikiyoga.com\/","logo":{"@type":"ImageObject","inLanguage":"en-US","@id":"https:\/\/tikiyoga.com\/#\/schema\/logo\/image\/","url":"https:\/\/tikiyoga.com\/wp-content\/uploads\/2021\/11\/tiki-yoga-logo.png","contentUrl":"https:\/\/tikiyoga.com\/wp-content\/uploads\/2021\/11\/tiki-yoga-logo.png","width":150,"height":150,"caption":"Tiki Yoga"},"image":{"@id":"https:\/\/tikiyoga.com\/#\/schema\/logo\/image\/"},"sameAs":["https:\/\/www.facebook.com\/ZeljkaTikiYoga","https:\/\/www.youtube.com\/@tikiyoga"]}]}},"_links":{"self":[{"href":"https:\/\/tikiyoga.com\/en\/wp-json\/wp\/v2\/product\/5862","targetHints":{"allow":["GET"]}}],"collection":[{"href":"https:\/\/tikiyoga.com\/en\/wp-json\/wp\/v2\/product"}],"about":[{"href":"https:\/\/tikiyoga.com\/en\/wp-json\/wp\/v2\/types\/product"}],"wp:featuredmedia":[{"embeddable":true,"href":"https:\/\/tikiyoga.com\/en\/wp-json\/wp\/v2\/media\/5873"}],"wp:attachment":[{"href":"https:\/\/tikiyoga.com\/en\/wp-json\/wp\/v2\/media?parent=5862"}],"wp:term":[{"taxonomy":"product_brand","embeddable":true,"href":"https:\/\/tikiyoga.com\/en\/wp-json\/wp\/v2\/product_brand?post=5862"},{"taxonomy":"product_cat","embeddable":true,"href":"https:\/\/tikiyoga.com\/en\/wp-json\/wp\/v2\/product_cat?post=5862"},{"taxonomy":"product_tag","embeddable":true,"href":"https:\/\/tikiyoga.com\/en\/wp-json\/wp\/v2\/product_tag?post=5862"}],"curies":[{"name":"wp","href":"https:\/\/api.w.org\/{rel}","templated":true}]}}