{"id":6257,"date":"2025-09-18T14:57:13","date_gmt":"2025-09-18T14:57:13","guid":{"rendered":"https:\/\/tikiyoga.com\/?post_type=product&#038;p=6257"},"modified":"2025-09-20T16:56:04","modified_gmt":"2025-09-20T16:56:04","slug":"paket-hipnomeditacija-priprema-za-porodjaj","status":"publish","type":"product","link":"https:\/\/tikiyoga.com\/en\/proizvod\/paket-hipnomeditacija-priprema-za-porodjaj\/","title":{"rendered":"Paket Hipnomeditacija &#8211; Priprema za poro\u0111aj"},"content":{"rendered":"[vc_row full_width=&#8221;stretch_row&#8221; bg_type=&#8221;bg_color&#8221; css=&#8221;.vc_custom_1744120663400{background-color: rgba(255,255,255,0.06) !important;*background-color: rgb(255,255,255) !important;}&#8221;][vc_column][vc_empty_space][vc_column_text]\n<h2>\u0160ta su hipnomeditacije i za\u0161to deluju<\/h2>\n<p>Hipnomeditacije su vo\u0111ene hipnoterapijske sesije koje uvode mozak u stanje relaksacije (alfa i theta talasi). U tom stanju:<\/p>\n<ul>\n<li>Podsvest je otvorena za promenu starih obrazaca.<\/li>\n<li>Strahovi i blokade prestaju da upravljaju telom.<\/li>\n<li>Nervni sistem u\u010di da na kontrakcije reaguje poverenjem, a ne panikom.<\/li>\n<li>Aktiviraju se prirodni hormoni poro\u0111aja \u2013 oksitocin i endorfini.<\/li>\n<li>Telo i um unapred \u201euve\u017ebavaju\u201c poro\u0111aj, \u0161to olak\u0161ava i ubrzava sam proces.<\/li>\n<\/ul>\n[\/vc_column_text][vc_empty_space][\/vc_column][\/vc_row][vc_row full_width=&#8221;stretch_row&#8221; bg_type=&#8221;bg_color&#8221; css=&#8221;.vc_custom_1744120663400{background-color: rgba(255,255,255,0.06) !important;*background-color: rgb(255,255,255) !important;}&#8221;][vc_column][vc_empty_space][vc_column_text]\n<h2>Sadr\u017eaj paketa<\/h2>\n[\/vc_column_text][vc_empty_space]<div class=\"smile_icon_list_wrap ult_info_list_container ult-adjust-bottom-margin  \"><ul class=\"smile_icon_list left square with_bg\"><li class=\"icon_list_item\" style=\" font-size:36px;\"><div class=\"icon_list_icon\" data-animation=\"\" data-animation-delay=\"03\" style=\"font-size:12px;border-width:1px;border-style:none;background:rgba(255,255,255,0.01);color:#333333;border-color:#333333;\"><img decoding=\"async\" class=\"list-img-icon\" alt=\"null\" src=\"https:\/\/tikiyoga.com\/wp-content\/uploads\/2024\/09\/zeleni-cvet-png-1.png\"\/><\/div><div class=\"icon_description\" id=\"Info-list-wrap-9065\" style=\"font-size:12px;\"><h3 class=\"ult-responsive info-list-heading\"  data-ultimate-target='#Info-list-wrap-9065 h3'  data-responsive-json-new='{\"font-size\":\"desktop:22px;\",\"line-height\":\"desktop:35px;\"}'  style=\"\"><\/p>\n<h2>Hipnomeditacije za Osloba\u0111anje od strahova i blokada<\/h2>\n<p><\/h3><div class=\"icon_description_text ult-responsive\"  data-ultimate-target='#Info-list-wrap-9065 .icon_description_text'  data-responsive-json-new='{\"font-size\":\"desktop:18px;\",\"line-height\":\"desktop:22px;\"}'  style=\"\"><div class=\"gap\" style=\"line-height: 10px; height: 10px;\"><\/div>\n<ul>\n<li>Otpu\u0161taju podsvesne strahove i negativna uverenja.<\/li>\n<li>Uklanjaju nesvesne ko\u010dnice koje usporavaju poro\u0111aj.<\/li>\n<li>Donose rastere\u0107enost i unutra\u0161nju spremnost.<\/li>\n<\/ul>\n<\/div><\/div><div class=\"icon_list_connector\"  style=\"border-right-width: 1px;border-right-style: dashed;border-color: #ffffff;\"><\/div><\/li><li class=\"icon_list_item\" style=\" font-size:36px;\"><div class=\"icon_list_icon\" data-animation=\"\" data-animation-delay=\"03\" style=\"font-size:12px;border-width:1px;border-style:none;background:rgba(255,255,255,0.01);color:#333333;border-color:#333333;\"><img decoding=\"async\" class=\"list-img-icon\" alt=\"null\" src=\"https:\/\/tikiyoga.com\/wp-content\/uploads\/2024\/09\/zeleni-cvet-png-1.png\"\/><\/div><div class=\"icon_description\" id=\"Info-list-wrap-4253\" style=\"font-size:12px;\"><h3 class=\"ult-responsive info-list-heading\"  data-ultimate-target='#Info-list-wrap-4253 h3'  data-responsive-json-new='{\"font-size\":\"desktop:22px;\",\"line-height\":\"desktop:35px;\"}'  style=\"\"><\/p>\n<h2>Hipnomeditacije za Mirnu trudno\u0107u<\/h2>\n<p><\/h3><div class=\"icon_description_text ult-responsive\"  data-ultimate-target='#Info-list-wrap-4253 .icon_description_text'  data-responsive-json-new='{\"font-size\":\"desktop:18px;\",\"line-height\":\"desktop:22px;\"}'  style=\"\"><div class=\"gap\" style=\"line-height: 10px; height: 10px;\"><\/div>\n<ul>\n<li>Smanjuju stres i anksioznost.<\/li>\n<li>Kreiraju unutra\u0161nji ose\u0107aj mira i sigurnosti.<\/li>\n<li>Podr\u017eavaju bebin razvoj kroz stabilan nervni sistem majke.<\/li>\n<\/ul>\n<\/div><\/div><div class=\"icon_list_connector\"  style=\"border-right-width: 1px;border-right-style: dashed;border-color: #ffffff;\"><\/div><\/li><li class=\"icon_list_item\" style=\" font-size:36px;\"><div class=\"icon_list_icon\" data-animation=\"\" data-animation-delay=\"03\" style=\"font-size:12px;border-width:1px;border-style:none;background:rgba(255,255,255,0.01);color:#333333;border-color:#333333;\"><img decoding=\"async\" class=\"list-img-icon\" alt=\"null\" src=\"https:\/\/tikiyoga.com\/wp-content\/uploads\/2024\/09\/zeleni-cvet-png-1.png\"\/><\/div><div class=\"icon_description\" id=\"Info-list-wrap-6914\" style=\"font-size:12px;\"><h3 class=\"ult-responsive info-list-heading\"  data-ultimate-target='#Info-list-wrap-6914 h3'  data-responsive-json-new='{\"font-size\":\"desktop:22px;\",\"line-height\":\"desktop:35px;\"}'  style=\"\"><\/p>\n<h2>Hipnomeditacije za Pripremu za prirodan i harmoni\u010dan poro\u0111aj<\/h2>\n<p><\/h3><div class=\"icon_description_text ult-responsive\"  data-ultimate-target='#Info-list-wrap-6914 .icon_description_text'  data-responsive-json-new='{\"font-size\":\"desktop:18px;\",\"line-height\":\"desktop:22px;\"}'  style=\"\"><div class=\"gap\" style=\"line-height: 10px; height: 10px;\"><\/div>\n<ul>\n<li>Vizualizuju i programiraju pozitivan tok poro\u0111aja.<\/li>\n<li>U\u010de telo i um ritmu otvaranja i disanja.<\/li>\n<li>Grade poverenje u prirodnu snagu tela.<\/li>\n<\/ul>\n<\/div><\/div><div class=\"icon_list_connector\"  style=\"border-right-width: 1px;border-right-style: dashed;border-color: #ffffff;\"><\/div><\/li><li class=\"icon_list_item\" style=\" font-size:36px;\"><div class=\"icon_list_icon\" data-animation=\"\" data-animation-delay=\"03\" style=\"font-size:12px;border-width:1px;border-style:none;background:rgba(255,255,255,0.01);color:#333333;border-color:#333333;\"><img decoding=\"async\" class=\"list-img-icon\" alt=\"null\" src=\"https:\/\/tikiyoga.com\/wp-content\/uploads\/2024\/09\/zeleni-cvet-png-1.png\"\/><\/div><div class=\"icon_description\" id=\"Info-list-wrap-3979\" style=\"font-size:12px;\"><h3 class=\"ult-responsive info-list-heading\"  data-ultimate-target='#Info-list-wrap-3979 h3'  data-responsive-json-new='{\"font-size\":\"desktop:22px;\",\"line-height\":\"desktop:35px;\"}'  style=\"\"><\/p>\n<h2>Hipnomeditacije za Smanjenje percepcije bola i prirodnu analgeziju<\/h2>\n<p><\/h3><div class=\"icon_description_text ult-responsive\"  data-ultimate-target='#Info-list-wrap-3979 .icon_description_text'  data-responsive-json-new='{\"font-size\":\"desktop:18px;\",\"line-height\":\"desktop:22px;\"}'  style=\"\"><div class=\"gap\" style=\"line-height: 10px; height: 10px;\"><\/div>\n<ul>\n<li>Menjaju na\u010din na koji mozak do\u017eivljava bol.<\/li>\n<li>Aktiviraju prirodne hormone analgezije.<\/li>\n<li>U\u010de telo da kontrakcije do\u017eivljava kao ritam, a ne kao pretnju.<\/li>\n<\/ul>\n<\/div><\/div><div class=\"icon_list_connector\"  style=\"border-right-width: 1px;border-right-style: dashed;border-color: #ffffff;\"><\/div><\/li><\/ul><\/div>[vc_empty_space][vc_column_text]Ovaj paket se oslanja na dokazane mehanizme iz oblasti medicine i neuronauke:<\/p>\n<ul>\n<li><strong>Neuroendokrinologija:<\/strong> Strah i stres pove\u0107avaju kortizol, hormon koji direktno usporava kontrakcije i blokira oksitocin.<\/li>\n<li><strong>Hipnoterapija:<\/strong> Klini\u010dka istra\u017eivanja pokazuju da hipnoza zna\u010dajno smanjuje percepciju bola, skra\u0107uje trajanje poro\u0111aja i pove\u0107ava zadovoljstvo iskustvom.<\/li>\n<li><strong>Prenatalna psihologija:<\/strong> Emocionalno stanje majke oblikuje razvoj nervnog sistema bebe. Stabilan i miran nervni sistem majke prenosi sigurnost na dete.<\/li>\n<\/ul>\n[\/vc_column_text][vc_empty_space][\/vc_column][\/vc_row][vc_row full_width=&#8221;stretch_row_content_no_spaces&#8221;][vc_column][vc_empty_space][vc_column_text]<img decoding=\"async\" class=\"aligncenter wp-image-6259 size-full\" src=\"http:\/\/tikiyoga.com\/wp-content\/uploads\/2025\/09\/Paket-Hipnomeditacija-Priprema-za-porodjaj.jpg\" alt=\"\" width=\"1920\" height=\"900\" srcset=\"https:\/\/tikiyoga.com\/wp-content\/uploads\/2025\/09\/Paket-Hipnomeditacija-Priprema-za-porodjaj.jpg 1920w, https:\/\/tikiyoga.com\/wp-content\/uploads\/2025\/09\/Paket-Hipnomeditacija-Priprema-za-porodjaj-300x141.jpg 300w, https:\/\/tikiyoga.com\/wp-content\/uploads\/2025\/09\/Paket-Hipnomeditacija-Priprema-za-porodjaj-1024x480.jpg 1024w, https:\/\/tikiyoga.com\/wp-content\/uploads\/2025\/09\/Paket-Hipnomeditacija-Priprema-za-porodjaj-768x360.jpg 768w, https:\/\/tikiyoga.com\/wp-content\/uploads\/2025\/09\/Paket-Hipnomeditacija-Priprema-za-porodjaj-1536x720.jpg 1536w, https:\/\/tikiyoga.com\/wp-content\/uploads\/2025\/09\/Paket-Hipnomeditacija-Priprema-za-porodjaj-500x234.jpg 500w, https:\/\/tikiyoga.com\/wp-content\/uploads\/2025\/09\/Paket-Hipnomeditacija-Priprema-za-porodjaj-800x375.jpg 800w\" sizes=\"(max-width: 1920px) 100vw, 1920px\" \/>[\/vc_column_text][\/vc_column][\/vc_row][vc_row full_width=&#8221;stretch_row&#8221; bg_type=&#8221;bg_color&#8221;][vc_column][vc_empty_space height=&#8221;60&#8243;][vc_column_text]\n<h2>Kako koristiti paket<\/h2>\n<ul>\n<li>Preporuka je da se zapo\u010dne od 28\u201330. nedelje trudno\u0107e.<\/li>\n<li>Slu\u0161ati jednu meditaciju dnevno ili po potrebi.<\/li>\n<li>Najbolje vreme je uve\u010de, kada je podsvest najotvorenija ili odmah po bu\u0111enju.<\/li>\n<li>Tokom poro\u0111aja mogu\u0107e je koristiti odabrane meditacije uz slu\u0161alice.<\/li>\n<\/ul>\n<h2>Za koga je ovaj paket<\/h2>\n<ul>\n<li>Za trudnice koje \u017eele prirodan i siguran poro\u0111aj.<\/li>\n<li>Za \u017eene koje ose\u0107aju strah od bola ili komplikacija.<\/li>\n<li>Za mame koje \u017eele unutra\u0161nju pripremu, a ne samo spolja\u0161nju edukaciju.<\/li>\n<li>Za one koje \u017eele da poro\u0111aj bude iskustvo snage i harmonije, a ne trauma.<\/li>\n<\/ul>\n[\/vc_column_text][vc_empty_space][\/vc_column][\/vc_row][vc_row full_width=&#8221;stretch_row_content_no_spaces&#8221;][vc_column][vc_empty_space][vc_column_text]<img decoding=\"async\" class=\"aligncenter wp-image-6261 size-full\" src=\"http:\/\/tikiyoga.com\/wp-content\/uploads\/2025\/09\/Paket-Hipnomeditacija-Priprema-za-porodjaj-1.jpg\" alt=\"\" width=\"1920\" height=\"900\" srcset=\"https:\/\/tikiyoga.com\/wp-content\/uploads\/2025\/09\/Paket-Hipnomeditacija-Priprema-za-porodjaj-1.jpg 1920w, https:\/\/tikiyoga.com\/wp-content\/uploads\/2025\/09\/Paket-Hipnomeditacija-Priprema-za-porodjaj-1-300x141.jpg 300w, https:\/\/tikiyoga.com\/wp-content\/uploads\/2025\/09\/Paket-Hipnomeditacija-Priprema-za-porodjaj-1-1024x480.jpg 1024w, https:\/\/tikiyoga.com\/wp-content\/uploads\/2025\/09\/Paket-Hipnomeditacija-Priprema-za-porodjaj-1-768x360.jpg 768w, https:\/\/tikiyoga.com\/wp-content\/uploads\/2025\/09\/Paket-Hipnomeditacija-Priprema-za-porodjaj-1-1536x720.jpg 1536w, https:\/\/tikiyoga.com\/wp-content\/uploads\/2025\/09\/Paket-Hipnomeditacija-Priprema-za-porodjaj-1-500x234.jpg 500w, https:\/\/tikiyoga.com\/wp-content\/uploads\/2025\/09\/Paket-Hipnomeditacija-Priprema-za-porodjaj-1-800x375.jpg 800w\" sizes=\"(max-width: 1920px) 100vw, 1920px\" \/>[\/vc_column_text][\/vc_column][\/vc_row][vc_row][vc_column][vc_empty_space][vc_column_text]\n<h2>\u0160ta dobijate<\/h2>\n<ul>\n<li>10 vo\u0111enih hipnomeditacija u audio formatu.<\/li>\n<li>Tehnike koje se mogu koristiti i tokom samog poro\u0111aja.<\/li>\n<li>Alat da ostanete u miru, poverenju i unutra\u0161njoj snazi.<\/li>\n<\/ul>\n<p>Poro\u0111aj ne mora da bude iskustvo bola i straha. Mo\u017ee da bude trenutak poverenja, snage i ljubavi.<\/p>\n<p><strong>Paket Hipnomeditacija \u2013 Priprema za poro\u0111aj<\/strong> osmi\u0161ljen je da vam pru\u017ei podr\u0161ku i oslonac, da znate da imate unutra\u0161nje alate za miran i siguran poro\u0111aj \u2013 bez obzira na okolnosti.[\/vc_column_text][vc_empty_space][\/vc_column][\/vc_row][vc_row full_width=&#8221;stretch_row&#8221; bg_type=&#8221;bg_color&#8221; bg_color_value=&#8221;rgba(145,137,52,0.06)&#8221;][vc_column][vc_empty_space]<style type=\"text\/css\" data-type=\"the7_shortcodes-inline-css\">#default-btn-6c15123bd17431174e922a5f46f9ccff.ico-right-side > i {\n  margin-right: 0px;\n  margin-left: 8px;\n}\n#default-btn-6c15123bd17431174e922a5f46f9ccff > i {\n  margin-right: 8px;\n}\n#default-btn-6c15123bd17431174e922a5f46f9ccff * {\n  vertical-align: middle;\n}\n<\/style><div class=\"btn-align-left\"><a href=\"https:\/\/tikiyoga.com\/program-mama-se-radja\/\" class=\"default-btn-shortcode dt-btn dt-btn-m link-hover-off \" target=\"_blank\" id=\"default-btn-6c15123bd17431174e922a5f46f9ccff\" rel=\"noopener\"><span>\ud83d\udc49 VI\u0160E O PROGRAMU<\/span><\/a><\/div>[vc_empty_space][\/vc_column][\/vc_row]\n","protected":false},"excerpt":{"rendered":"<h3>Nau\u010dna i prakti\u010dna priprema tvog tela i uma za siguran i svestan poro\u0111aj<\/h3>\n<p>Trudno\u0107a i poro\u0111aj nisu samo medicinski doga\u0111aji.<\/p>\n<p>Oni su transformacija kroz koju prolazi \u017eena \u2013 trenutak u kojem se istovremeno ra\u0111a beba i majka.<\/p>\n<p>Me\u0111utim, poro\u0111aj je \u010desto okru\u017een strahom, pri\u010dama o bolu i gubitku kontrole. Takva o\u010dekivanja ostaju zapisana u podsvesnom umu i uti\u010du na telo.<\/p>\n<p>Istina je da je \u017eensko telo programirano za ra\u0111anje. Potrebno je ukloniti strahove i blokade i nau\u010diti kako da se aktivira prirodna unutra\u0161nja snaga.<\/p>\n<p>Zbog toga je kreiran Paket Hipnomeditacija \u2013 Priprema za poro\u0111aj:<\/p>\n<h6>10 vo\u0111enih hipnoterapijskih sesija koje osloba\u0111aju strah, smanjuju percepciju bola i poma\u017eu da poro\u0111aj do\u017eivi\u0161 ne kao borbu, ve\u0107 kao prirodan i osna\u017euju\u0107i proces.<\/h6>\n","protected":false},"featured_media":6264,"template":"","meta":[],"product_brand":[],"product_cat":[61],"product_tag":[],"class_list":{"0":"post-6257","1":"product","2":"type-product","3":"status-publish","4":"has-post-thumbnail","6":"product_cat-shop","7":"description-off","9":"first","10":"instock","11":"shipping-taxable","12":"purchasable","13":"product-type-simple"},"yoast_head":"<!-- This site is optimized with the Yoast SEO plugin v26.9 - https:\/\/yoast.com\/product\/yoast-seo-wordpress\/ -->\n<title>Paket Hipnomeditacija - Priprema za poro\u0111aj - Tiki Yoga<\/title>\n<meta name=\"robots\" content=\"index, follow, max-snippet:-1, max-image-preview:large, max-video-preview:-1\" \/>\n<link rel=\"canonical\" href=\"https:\/\/tikiyoga.com\/proizvod\/paket-hipnomeditacija-priprema-za-porodjaj\/\" \/>\n<meta property=\"og:locale\" content=\"en_US\" \/>\n<meta property=\"og:type\" content=\"article\" \/>\n<meta property=\"og:title\" content=\"Paket Hipnomeditacija - Priprema za poro\u0111aj - Tiki Yoga\" \/>\n<meta property=\"og:description\" content=\"Nau\u010dna i prakti\u010dna priprema tvog tela i uma za siguran i svestan poro\u0111aj Trudno\u0107a i poro\u0111aj nisu samo medicinski doga\u0111aji.  Oni su transformacija kroz koju prolazi \u017eena \u2013 trenutak u kojem se istovremeno ra\u0111a beba i majka.  Me\u0111utim, poro\u0111aj je \u010desto okru\u017een strahom, pri\u010dama o bolu i gubitku kontrole. Takva o\u010dekivanja ostaju zapisana u podsvesnom umu i uti\u010du na telo.  Istina je da je \u017eensko telo programirano za ra\u0111anje. Potrebno je ukloniti strahove i blokade i nau\u010diti kako da se aktivira prirodna unutra\u0161nja snaga.  Zbog toga je kreiran Paket Hipnomeditacija \u2013 Priprema za poro\u0111aj: 10 vo\u0111enih hipnoterapijskih sesija koje osloba\u0111aju strah, smanjuju percepciju bola i poma\u017eu da poro\u0111aj do\u017eivi\u0161 ne kao borbu, ve\u0107 kao prirodan i osna\u017euju\u0107i proces.\" \/>\n<meta property=\"og:url\" content=\"https:\/\/tikiyoga.com\/proizvod\/paket-hipnomeditacija-priprema-za-porodjaj\/\" \/>\n<meta property=\"og:site_name\" content=\"Tiki Yoga\" \/>\n<meta property=\"article:publisher\" content=\"https:\/\/www.facebook.com\/ZeljkaTikiYoga\" \/>\n<meta property=\"article:modified_time\" content=\"2025-09-20T16:56:04+00:00\" \/>\n<meta property=\"og:image\" content=\"https:\/\/tikiyoga.com\/wp-content\/uploads\/2025\/09\/Paket-Hipnomeditacija-Priprema-za-porodjaj-2.jpg\" \/>\n\t<meta property=\"og:image:width\" content=\"527\" \/>\n\t<meta property=\"og:image:height\" content=\"350\" \/>\n\t<meta property=\"og:image:type\" content=\"image\/jpeg\" \/>\n<meta name=\"twitter:card\" content=\"summary_large_image\" \/>\n<meta name=\"twitter:label1\" content=\"Est. reading time\" \/>\n\t<meta name=\"twitter:data1\" content=\"4 minutes\" \/>\n<script type=\"application\/ld+json\" class=\"yoast-schema-graph\">{\"@context\":\"https:\/\/schema.org\",\"@graph\":[{\"@type\":\"WebPage\",\"@id\":\"https:\/\/tikiyoga.com\/proizvod\/paket-hipnomeditacija-priprema-za-porodjaj\/\",\"url\":\"https:\/\/tikiyoga.com\/proizvod\/paket-hipnomeditacija-priprema-za-porodjaj\/\",\"name\":\"Paket Hipnomeditacija - Priprema za poro\u0111aj - Tiki Yoga\",\"isPartOf\":{\"@id\":\"https:\/\/tikiyoga.com\/#website\"},\"primaryImageOfPage\":{\"@id\":\"https:\/\/tikiyoga.com\/proizvod\/paket-hipnomeditacija-priprema-za-porodjaj\/#primaryimage\"},\"image\":{\"@id\":\"https:\/\/tikiyoga.com\/proizvod\/paket-hipnomeditacija-priprema-za-porodjaj\/#primaryimage\"},\"thumbnailUrl\":\"https:\/\/tikiyoga.com\/wp-content\/uploads\/2025\/09\/Paket-Hipnomeditacija-Priprema-za-porodjaj-2.jpg\",\"datePublished\":\"2025-09-18T14:57:13+00:00\",\"dateModified\":\"2025-09-20T16:56:04+00:00\",\"breadcrumb\":{\"@id\":\"https:\/\/tikiyoga.com\/proizvod\/paket-hipnomeditacija-priprema-za-porodjaj\/#breadcrumb\"},\"inLanguage\":\"en-US\",\"potentialAction\":[{\"@type\":\"ReadAction\",\"target\":[\"https:\/\/tikiyoga.com\/proizvod\/paket-hipnomeditacija-priprema-za-porodjaj\/\"]}]},{\"@type\":\"ImageObject\",\"inLanguage\":\"en-US\",\"@id\":\"https:\/\/tikiyoga.com\/proizvod\/paket-hipnomeditacija-priprema-za-porodjaj\/#primaryimage\",\"url\":\"https:\/\/tikiyoga.com\/wp-content\/uploads\/2025\/09\/Paket-Hipnomeditacija-Priprema-za-porodjaj-2.jpg\",\"contentUrl\":\"https:\/\/tikiyoga.com\/wp-content\/uploads\/2025\/09\/Paket-Hipnomeditacija-Priprema-za-porodjaj-2.jpg\",\"width\":527,\"height\":350},{\"@type\":\"BreadcrumbList\",\"@id\":\"https:\/\/tikiyoga.com\/proizvod\/paket-hipnomeditacija-priprema-za-porodjaj\/#breadcrumb\",\"itemListElement\":[{\"@type\":\"ListItem\",\"position\":1,\"name\":\"Home\",\"item\":\"https:\/\/tikiyoga.com\/en\/\"},{\"@type\":\"ListItem\",\"position\":2,\"name\":\"Proizvodi\",\"item\":\"https:\/\/tikiyoga.com\/shop\/\"},{\"@type\":\"ListItem\",\"position\":3,\"name\":\"Paket Hipnomeditacija &#8211; Priprema za poro\u0111aj\"}]},{\"@type\":\"WebSite\",\"@id\":\"https:\/\/tikiyoga.com\/#website\",\"url\":\"https:\/\/tikiyoga.com\/\",\"name\":\"Tiki Yoga\",\"description\":\"Promocija zdravih stilova \u017eivota, edukacija, mentalno, fizi\u010dko i duhovno zdravlje\",\"publisher\":{\"@id\":\"https:\/\/tikiyoga.com\/#organization\"},\"potentialAction\":[{\"@type\":\"SearchAction\",\"target\":{\"@type\":\"EntryPoint\",\"urlTemplate\":\"https:\/\/tikiyoga.com\/?s={search_term_string}\"},\"query-input\":{\"@type\":\"PropertyValueSpecification\",\"valueRequired\":true,\"valueName\":\"search_term_string\"}}],\"inLanguage\":\"en-US\"},{\"@type\":\"Organization\",\"@id\":\"https:\/\/tikiyoga.com\/#organization\",\"name\":\"Tiki Yoga\",\"url\":\"https:\/\/tikiyoga.com\/\",\"logo\":{\"@type\":\"ImageObject\",\"inLanguage\":\"en-US\",\"@id\":\"https:\/\/tikiyoga.com\/#\/schema\/logo\/image\/\",\"url\":\"https:\/\/tikiyoga.com\/wp-content\/uploads\/2021\/11\/tiki-yoga-logo.png\",\"contentUrl\":\"https:\/\/tikiyoga.com\/wp-content\/uploads\/2021\/11\/tiki-yoga-logo.png\",\"width\":150,\"height\":150,\"caption\":\"Tiki Yoga\"},\"image\":{\"@id\":\"https:\/\/tikiyoga.com\/#\/schema\/logo\/image\/\"},\"sameAs\":[\"https:\/\/www.facebook.com\/ZeljkaTikiYoga\",\"https:\/\/www.youtube.com\/@tikiyoga\"]}]}<\/script>\n<!-- \/ Yoast SEO plugin. -->","yoast_head_json":{"title":"Paket Hipnomeditacija - Priprema za poro\u0111aj - Tiki Yoga","robots":{"index":"index","follow":"follow","max-snippet":"max-snippet:-1","max-image-preview":"max-image-preview:large","max-video-preview":"max-video-preview:-1"},"canonical":"https:\/\/tikiyoga.com\/proizvod\/paket-hipnomeditacija-priprema-za-porodjaj\/","og_locale":"en_US","og_type":"article","og_title":"Paket Hipnomeditacija - Priprema za poro\u0111aj - Tiki Yoga","og_description":"Nau\u010dna i prakti\u010dna priprema tvog tela i uma za siguran i svestan poro\u0111aj Trudno\u0107a i poro\u0111aj nisu samo medicinski doga\u0111aji.  Oni su transformacija kroz koju prolazi \u017eena \u2013 trenutak u kojem se istovremeno ra\u0111a beba i majka.  Me\u0111utim, poro\u0111aj je \u010desto okru\u017een strahom, pri\u010dama o bolu i gubitku kontrole. Takva o\u010dekivanja ostaju zapisana u podsvesnom umu i uti\u010du na telo.  Istina je da je \u017eensko telo programirano za ra\u0111anje. Potrebno je ukloniti strahove i blokade i nau\u010diti kako da se aktivira prirodna unutra\u0161nja snaga.  Zbog toga je kreiran Paket Hipnomeditacija \u2013 Priprema za poro\u0111aj: 10 vo\u0111enih hipnoterapijskih sesija koje osloba\u0111aju strah, smanjuju percepciju bola i poma\u017eu da poro\u0111aj do\u017eivi\u0161 ne kao borbu, ve\u0107 kao prirodan i osna\u017euju\u0107i proces.","og_url":"https:\/\/tikiyoga.com\/proizvod\/paket-hipnomeditacija-priprema-za-porodjaj\/","og_site_name":"Tiki Yoga","article_publisher":"https:\/\/www.facebook.com\/ZeljkaTikiYoga","article_modified_time":"2025-09-20T16:56:04+00:00","og_image":[{"width":527,"height":350,"url":"https:\/\/tikiyoga.com\/wp-content\/uploads\/2025\/09\/Paket-Hipnomeditacija-Priprema-za-porodjaj-2.jpg","type":"image\/jpeg"}],"twitter_card":"summary_large_image","twitter_misc":{"Est. reading time":"4 minutes"},"schema":{"@context":"https:\/\/schema.org","@graph":[{"@type":"WebPage","@id":"https:\/\/tikiyoga.com\/proizvod\/paket-hipnomeditacija-priprema-za-porodjaj\/","url":"https:\/\/tikiyoga.com\/proizvod\/paket-hipnomeditacija-priprema-za-porodjaj\/","name":"Paket Hipnomeditacija - Priprema za poro\u0111aj - Tiki Yoga","isPartOf":{"@id":"https:\/\/tikiyoga.com\/#website"},"primaryImageOfPage":{"@id":"https:\/\/tikiyoga.com\/proizvod\/paket-hipnomeditacija-priprema-za-porodjaj\/#primaryimage"},"image":{"@id":"https:\/\/tikiyoga.com\/proizvod\/paket-hipnomeditacija-priprema-za-porodjaj\/#primaryimage"},"thumbnailUrl":"https:\/\/tikiyoga.com\/wp-content\/uploads\/2025\/09\/Paket-Hipnomeditacija-Priprema-za-porodjaj-2.jpg","datePublished":"2025-09-18T14:57:13+00:00","dateModified":"2025-09-20T16:56:04+00:00","breadcrumb":{"@id":"https:\/\/tikiyoga.com\/proizvod\/paket-hipnomeditacija-priprema-za-porodjaj\/#breadcrumb"},"inLanguage":"en-US","potentialAction":[{"@type":"ReadAction","target":["https:\/\/tikiyoga.com\/proizvod\/paket-hipnomeditacija-priprema-za-porodjaj\/"]}]},{"@type":"ImageObject","inLanguage":"en-US","@id":"https:\/\/tikiyoga.com\/proizvod\/paket-hipnomeditacija-priprema-za-porodjaj\/#primaryimage","url":"https:\/\/tikiyoga.com\/wp-content\/uploads\/2025\/09\/Paket-Hipnomeditacija-Priprema-za-porodjaj-2.jpg","contentUrl":"https:\/\/tikiyoga.com\/wp-content\/uploads\/2025\/09\/Paket-Hipnomeditacija-Priprema-za-porodjaj-2.jpg","width":527,"height":350},{"@type":"BreadcrumbList","@id":"https:\/\/tikiyoga.com\/proizvod\/paket-hipnomeditacija-priprema-za-porodjaj\/#breadcrumb","itemListElement":[{"@type":"ListItem","position":1,"name":"Home","item":"https:\/\/tikiyoga.com\/en\/"},{"@type":"ListItem","position":2,"name":"Proizvodi","item":"https:\/\/tikiyoga.com\/shop\/"},{"@type":"ListItem","position":3,"name":"Paket Hipnomeditacija &#8211; Priprema za poro\u0111aj"}]},{"@type":"WebSite","@id":"https:\/\/tikiyoga.com\/#website","url":"https:\/\/tikiyoga.com\/","name":"Tiki Yoga","description":"Promocija zdravih stilova \u017eivota, edukacija, mentalno, fizi\u010dko i duhovno zdravlje","publisher":{"@id":"https:\/\/tikiyoga.com\/#organization"},"potentialAction":[{"@type":"SearchAction","target":{"@type":"EntryPoint","urlTemplate":"https:\/\/tikiyoga.com\/?s={search_term_string}"},"query-input":{"@type":"PropertyValueSpecification","valueRequired":true,"valueName":"search_term_string"}}],"inLanguage":"en-US"},{"@type":"Organization","@id":"https:\/\/tikiyoga.com\/#organization","name":"Tiki Yoga","url":"https:\/\/tikiyoga.com\/","logo":{"@type":"ImageObject","inLanguage":"en-US","@id":"https:\/\/tikiyoga.com\/#\/schema\/logo\/image\/","url":"https:\/\/tikiyoga.com\/wp-content\/uploads\/2021\/11\/tiki-yoga-logo.png","contentUrl":"https:\/\/tikiyoga.com\/wp-content\/uploads\/2021\/11\/tiki-yoga-logo.png","width":150,"height":150,"caption":"Tiki Yoga"},"image":{"@id":"https:\/\/tikiyoga.com\/#\/schema\/logo\/image\/"},"sameAs":["https:\/\/www.facebook.com\/ZeljkaTikiYoga","https:\/\/www.youtube.com\/@tikiyoga"]}]}},"_links":{"self":[{"href":"https:\/\/tikiyoga.com\/en\/wp-json\/wp\/v2\/product\/6257","targetHints":{"allow":["GET"]}}],"collection":[{"href":"https:\/\/tikiyoga.com\/en\/wp-json\/wp\/v2\/product"}],"about":[{"href":"https:\/\/tikiyoga.com\/en\/wp-json\/wp\/v2\/types\/product"}],"wp:featuredmedia":[{"embeddable":true,"href":"https:\/\/tikiyoga.com\/en\/wp-json\/wp\/v2\/media\/6264"}],"wp:attachment":[{"href":"https:\/\/tikiyoga.com\/en\/wp-json\/wp\/v2\/media?parent=6257"}],"wp:term":[{"taxonomy":"product_brand","embeddable":true,"href":"https:\/\/tikiyoga.com\/en\/wp-json\/wp\/v2\/product_brand?post=6257"},{"taxonomy":"product_cat","embeddable":true,"href":"https:\/\/tikiyoga.com\/en\/wp-json\/wp\/v2\/product_cat?post=6257"},{"taxonomy":"product_tag","embeddable":true,"href":"https:\/\/tikiyoga.com\/en\/wp-json\/wp\/v2\/product_tag?post=6257"}],"curies":[{"name":"wp","href":"https:\/\/api.w.org\/{rel}","templated":true}]}}