{"id":6301,"date":"2025-10-10T14:22:53","date_gmt":"2025-10-10T14:22:53","guid":{"rendered":"https:\/\/tikiyoga.com\/?post_type=product&#038;p=6301"},"modified":"2025-10-10T14:41:50","modified_gmt":"2025-10-10T14:41:50","slug":"online-prenatal-yoga-tromesecna-clanarina","status":"publish","type":"product","link":"https:\/\/tikiyoga.com\/en\/proizvod\/online-prenatal-yoga-tromesecna-clanarina\/","title":{"rendered":"Online Prenatal Yoga &#8211; tromese\u010dna \u010dlanarina"},"content":{"rendered":"[vc_row full_width=&#8221;stretch_row&#8221; bg_type=&#8221;bg_color&#8221; css=&#8221;.vc_custom_1744120663400{background-color: rgba(255,255,255,0.06) !important;*background-color: rgb(255,255,255) !important;}&#8221;][vc_column][vc_empty_space][vc_column_text]\n<h2>\u0160ta je uklju\u010deno u mese\u010dni paket \u010dasova?<\/h2>\n[\/vc_column_text][vc_empty_space]<div class=\"smile_icon_list_wrap ult_info_list_container ult-adjust-bottom-margin  \"><ul class=\"smile_icon_list left square with_bg\"><li class=\"icon_list_item\" style=\" font-size:36px;\"><div class=\"icon_list_icon\" data-animation=\"\" data-animation-delay=\"03\" style=\"font-size:12px;border-width:1px;border-style:none;background:rgba(255,255,255,0.01);color:#333333;border-color:#333333;\"><img decoding=\"async\" class=\"list-img-icon\" alt=\"null\" src=\"https:\/\/tikiyoga.com\/wp-content\/uploads\/2024\/09\/zeleni-cvet-png-1.png\"\/><\/div><div class=\"icon_description\" id=\"Info-list-wrap-2365\" style=\"font-size:12px;\"><h3 class=\"ult-responsive info-list-heading\"  data-ultimate-target='#Info-list-wrap-2365 h3'  data-responsive-json-new='{\"font-size\":\"desktop:22px;\",\"line-height\":\"desktop:35px;\"}'  style=\"\"><\/p>\n<h2>8 Online \u010dasova<\/h2>\n<p><\/h3><div class=\"icon_description_text ult-responsive\"  data-ultimate-target='#Info-list-wrap-2365 .icon_description_text'  data-responsive-json-new='{\"font-size\":\"desktop:18px;\",\"line-height\":\"desktop:22px;\"}'  style=\"\"><div class=\"gap\" style=\"line-height: 10px; height: 10px;\"><\/div>\n<p>Svaki \u010das je prilago\u0111en trudnici i obuhvata va\u017ene tehnike za pripremu tela i uma. Video materijal je dostupan u zajedni\u010dkoj grupi, tako da ukoliko propustite neko u\u017eivo dru\u017eenje, mo\u017eete nadoknaditi ili ve\u017ebati u terminu kada vam vi\u0161e odgovara.<\/p>\n<\/div><\/div><div class=\"icon_list_connector\"  style=\"border-right-width: 1px;border-right-style: dashed;border-color: #ffffff;\"><\/div><\/li><li class=\"icon_list_item\" style=\" font-size:36px;\"><div class=\"icon_list_icon\" data-animation=\"\" data-animation-delay=\"03\" style=\"font-size:12px;border-width:1px;border-style:none;background:rgba(255,255,255,0.01);color:#333333;border-color:#333333;\"><img decoding=\"async\" class=\"list-img-icon\" alt=\"null\" src=\"https:\/\/tikiyoga.com\/wp-content\/uploads\/2024\/09\/zeleni-cvet-png-1.png\"\/><\/div><div class=\"icon_description\" id=\"Info-list-wrap-4386\" style=\"font-size:12px;\"><h3 class=\"ult-responsive info-list-heading\"  data-ultimate-target='#Info-list-wrap-4386 h3'  data-responsive-json-new='{\"font-size\":\"desktop:22px;\",\"line-height\":\"desktop:35px;\"}'  style=\"\"><\/p>\n<h2>Tehnike disanja<\/h2>\n<p><\/h3><div class=\"icon_description_text ult-responsive\"  data-ultimate-target='#Info-list-wrap-4386 .icon_description_text'  data-responsive-json-new='{\"font-size\":\"desktop:18px;\",\"line-height\":\"desktop:22px;\"}'  style=\"\"><div class=\"gap\" style=\"line-height: 10px; height: 10px;\"><\/div>\n<p>Nau\u010di\u0107ete posebne tehnike disanja koje poma\u017eu u smanjenju stresa, ubla\u017eavaju nelagodnosti i pripremaju vas za poro\u0111aj.<\/p>\n<\/div><\/div><div class=\"icon_list_connector\"  style=\"border-right-width: 1px;border-right-style: dashed;border-color: #ffffff;\"><\/div><\/li><li class=\"icon_list_item\" style=\" font-size:36px;\"><div class=\"icon_list_icon\" data-animation=\"\" data-animation-delay=\"03\" style=\"font-size:12px;border-width:1px;border-style:none;background:rgba(255,255,255,0.01);color:#333333;border-color:#333333;\"><img decoding=\"async\" class=\"list-img-icon\" alt=\"null\" src=\"https:\/\/tikiyoga.com\/wp-content\/uploads\/2024\/09\/zeleni-cvet-png-1.png\"\/><\/div><div class=\"icon_description\" id=\"Info-list-wrap-1140\" style=\"font-size:12px;\"><h3 class=\"ult-responsive info-list-heading\"  data-ultimate-target='#Info-list-wrap-1140 h3'  data-responsive-json-new='{\"font-size\":\"desktop:22px;\",\"line-height\":\"desktop:35px;\"}'  style=\"\"><\/p>\n<h2>Ve\u017ebe sa pilates loptom\/jastu\u010detom\/stolicom<\/h2>\n<p><\/h3><div class=\"icon_description_text ult-responsive\"  data-ultimate-target='#Info-list-wrap-1140 .icon_description_text'  data-responsive-json-new='{\"font-size\":\"desktop:18px;\",\"line-height\":\"desktop:22px;\"}'  style=\"\"><div class=\"gap\" style=\"line-height: 10px; height: 10px;\"><\/div>\n<p>Kreativne i bezbedne ve\u017ebe koje pobolj\u0161avaju snagu, ravnote\u017eu i fleksibilnost, odr\u017eavaju\u0107i optimalnu telesnu te\u017einu.<\/p>\n<\/div><\/div><div class=\"icon_list_connector\"  style=\"border-right-width: 1px;border-right-style: dashed;border-color: #ffffff;\"><\/div><\/li><li class=\"icon_list_item\" style=\" font-size:36px;\"><div class=\"icon_list_icon\" data-animation=\"\" data-animation-delay=\"03\" style=\"font-size:12px;border-width:1px;border-style:none;background:rgba(255,255,255,0.01);color:#333333;border-color:#333333;\"><img decoding=\"async\" class=\"list-img-icon\" alt=\"null\" src=\"https:\/\/tikiyoga.com\/wp-content\/uploads\/2024\/09\/zeleni-cvet-png-1.png\"\/><\/div><div class=\"icon_description\" id=\"Info-list-wrap-3021\" style=\"font-size:12px;\"><h3 class=\"ult-responsive info-list-heading\"  data-ultimate-target='#Info-list-wrap-3021 h3'  data-responsive-json-new='{\"font-size\":\"desktop:22px;\",\"line-height\":\"desktop:35px;\"}'  style=\"\"><\/p>\n<h2>Jogi\u0161ke tehnike disanja<\/h2>\n<p><\/h3><div class=\"icon_description_text ult-responsive\"  data-ultimate-target='#Info-list-wrap-3021 .icon_description_text'  data-responsive-json-new='{\"font-size\":\"desktop:18px;\",\"line-height\":\"desktop:22px;\"}'  style=\"\"><div class=\"gap\" style=\"line-height: 10px; height: 10px;\"><\/div><br \/>\nFokusira\u0107emo se na tehnike disanja koje smanjuju anksioznost, pove\u0107avaju koncentraciju i olak\u0161avaju pripremu za poro\u0111aj.<\/p>\n<\/div><\/div><div class=\"icon_list_connector\"  style=\"border-right-width: 1px;border-right-style: dashed;border-color: #ffffff;\"><\/div><\/li><li class=\"icon_list_item\" style=\" font-size:36px;\"><div class=\"icon_list_icon\" data-animation=\"\" data-animation-delay=\"03\" style=\"font-size:12px;border-width:1px;border-style:none;background:rgba(255,255,255,0.01);color:#333333;border-color:#333333;\"><img decoding=\"async\" class=\"list-img-icon\" alt=\"null\" src=\"https:\/\/tikiyoga.com\/wp-content\/uploads\/2024\/09\/zeleni-cvet-png-1.png\"\/><\/div><div class=\"icon_description\" id=\"Info-list-wrap-1826\" style=\"font-size:12px;\"><h3 class=\"ult-responsive info-list-heading\"  data-ultimate-target='#Info-list-wrap-1826 h3'  data-responsive-json-new='{\"font-size\":\"desktop:22px;\",\"line-height\":\"desktop:35px;\"}'  style=\"\"><\/p>\n<h2>Hipnomeditacije<\/h2>\n<p><\/h3><div class=\"icon_description_text ult-responsive\"  data-ultimate-target='#Info-list-wrap-1826 .icon_description_text'  data-responsive-json-new='{\"font-size\":\"desktop:18px;\",\"line-height\":\"desktop:22px;\"}'  style=\"\"><div class=\"gap\" style=\"line-height: 10px; height: 10px;\"><\/div><br \/>\nPomo\u0107u vo\u0111enih meditacija na kraju \u010dasa, poveza\u0107ete se sa svojom bebom, smanji\u0107ete strahove i pove\u0107ati emocionalnu ravnote\u017eu.<\/p>\n<\/div><\/div><div class=\"icon_list_connector\"  style=\"border-right-width: 1px;border-right-style: dashed;border-color: #ffffff;\"><\/div><\/li><li class=\"icon_list_item\" style=\" font-size:36px;\"><div class=\"icon_list_icon\" data-animation=\"\" data-animation-delay=\"03\" style=\"font-size:12px;border-width:1px;border-style:none;background:rgba(255,255,255,0.01);color:#333333;border-color:#333333;\"><img decoding=\"async\" class=\"list-img-icon\" alt=\"null\" src=\"https:\/\/tikiyoga.com\/wp-content\/uploads\/2024\/09\/zeleni-cvet-png-1.png\"\/><\/div><div class=\"icon_description\" id=\"Info-list-wrap-9681\" style=\"font-size:12px;\"><h3 class=\"ult-responsive info-list-heading\"  data-ultimate-target='#Info-list-wrap-9681 h3'  data-responsive-json-new='{\"font-size\":\"desktop:22px;\",\"line-height\":\"desktop:35px;\"}'  style=\"\"><\/p>\n<h2>Edukacija o prirodnom poro\u0111aju i kontrakcijama<\/h2>\n<p><\/h3><div class=\"icon_description_text ult-responsive\"  data-ultimate-target='#Info-list-wrap-9681 .icon_description_text'  data-responsive-json-new='{\"font-size\":\"desktop:18px;\",\"line-height\":\"desktop:22px;\"}'  style=\"\"><div class=\"gap\" style=\"line-height: 10px; height: 10px;\"><\/div><br \/>\nUpozna\u0107ete se sa osnovama prirodnog poro\u0111aja kako biste se pripremili na sve \u0161to vas \u010deka.<\/p>\n<\/div><\/div><div class=\"icon_list_connector\"  style=\"border-right-width: 1px;border-right-style: dashed;border-color: #ffffff;\"><\/div><\/li><li class=\"icon_list_item\" style=\" font-size:36px;\"><div class=\"icon_list_icon\" data-animation=\"\" data-animation-delay=\"03\" style=\"font-size:12px;border-width:1px;border-style:none;background:rgba(255,255,255,0.01);color:#333333;border-color:#333333;\"><img decoding=\"async\" class=\"list-img-icon\" alt=\"null\" src=\"https:\/\/tikiyoga.com\/wp-content\/uploads\/2024\/09\/zeleni-cvet-png-1.png\"\/><\/div><div class=\"icon_description\" id=\"Info-list-wrap-4156\" style=\"font-size:12px;\"><h3 class=\"ult-responsive info-list-heading\"  data-ultimate-target='#Info-list-wrap-4156 h3'  data-responsive-json-new='{\"font-size\":\"desktop:22px;\",\"line-height\":\"desktop:35px;\"}'  style=\"\"><\/p>\n<h2>Relaksacione i energetske tehnike<\/h2>\n<p><\/h3><div class=\"icon_description_text ult-responsive\"  data-ultimate-target='#Info-list-wrap-4156 .icon_description_text'  data-responsive-json-new='{\"font-size\":\"desktop:18px;\",\"line-height\":\"desktop:22px;\"}'  style=\"\"><div class=\"gap\" style=\"line-height: 10px; height: 10px;\"><\/div><br \/>\nNau\u010di\u0107ete kako da opustite telo i um, osve\u017eite energiju i pobolj\u0161ate cirkulaciju.<\/p>\n<\/div><\/div><div class=\"icon_list_connector\"  style=\"border-right-width: 1px;border-right-style: dashed;border-color: #ffffff;\"><\/div><\/li><\/ul><\/div>[vc_empty_space][\/vc_column][\/vc_row][vc_row full_width=&#8221;stretch_row_content_no_spaces&#8221;][vc_column][vc_empty_space][vc_column_text]<img decoding=\"async\" class=\"aligncenter size-full wp-image-5839\" src=\"http:\/\/tikiyoga.com\/wp-content\/uploads\/2025\/04\/Casovi-Online-Prenatal-Yoge-1.jpg\" alt=\"\" width=\"1920\" height=\"1132\" srcset=\"https:\/\/tikiyoga.com\/wp-content\/uploads\/2025\/04\/Casovi-Online-Prenatal-Yoge-1.jpg 1920w, https:\/\/tikiyoga.com\/wp-content\/uploads\/2025\/04\/Casovi-Online-Prenatal-Yoge-1-300x177.jpg 300w, https:\/\/tikiyoga.com\/wp-content\/uploads\/2025\/04\/Casovi-Online-Prenatal-Yoge-1-1024x604.jpg 1024w, https:\/\/tikiyoga.com\/wp-content\/uploads\/2025\/04\/Casovi-Online-Prenatal-Yoge-1-768x453.jpg 768w, https:\/\/tikiyoga.com\/wp-content\/uploads\/2025\/04\/Casovi-Online-Prenatal-Yoge-1-1536x906.jpg 1536w, https:\/\/tikiyoga.com\/wp-content\/uploads\/2025\/04\/Casovi-Online-Prenatal-Yoge-1-500x295.jpg 500w, https:\/\/tikiyoga.com\/wp-content\/uploads\/2025\/04\/Casovi-Online-Prenatal-Yoge-1-800x472.jpg 800w\" sizes=\"(max-width: 1920px) 100vw, 1920px\" \/>[\/vc_column_text][\/vc_column][\/vc_row][vc_row full_width=&#8221;stretch_row&#8221; bg_type=&#8221;bg_color&#8221;][vc_column][vc_empty_space height=&#8221;60&#8243;][vc_column_text]\n<h2>Kako funkcioni\u0161e?<\/h2>\n<ul>\n<li><strong>Pristupite bilo kada:<\/strong> \u010casovi su dostupni online, ve\u017ebajte iz udobnosti svog doma, u terminu kada je Vama najoptimalnije i u svom ritmu.<\/li>\n<li><strong>Ostanite povezani sa bebom:<\/strong> Svaka tehnika ima za cilj da oja\u010da va\u0161u vezu sa bebom i pripremi vas za sve faze poro\u0111aja.<\/li>\n<li><strong>Pla\u0107anje na mese\u010dnom nivou:<\/strong> kotizacija za \u010dasove se obanvlja na mese\u010dnom nivou.<\/li>\n<\/ul>\n[\/vc_column_text][vc_empty_space][\/vc_column][\/vc_row][vc_row full_width=&#8221;stretch_row_content_no_spaces&#8221;][vc_column][vc_empty_space][vc_column_text]<img decoding=\"async\" class=\"aligncenter size-full wp-image-5841\" src=\"http:\/\/tikiyoga.com\/wp-content\/uploads\/2025\/04\/Casovi-Online-Prenatal-Yoge-1-1.jpg\" alt=\"\" width=\"1920\" height=\"1132\" srcset=\"https:\/\/tikiyoga.com\/wp-content\/uploads\/2025\/04\/Casovi-Online-Prenatal-Yoge-1-1.jpg 1920w, https:\/\/tikiyoga.com\/wp-content\/uploads\/2025\/04\/Casovi-Online-Prenatal-Yoge-1-1-300x177.jpg 300w, https:\/\/tikiyoga.com\/wp-content\/uploads\/2025\/04\/Casovi-Online-Prenatal-Yoge-1-1-1024x604.jpg 1024w, https:\/\/tikiyoga.com\/wp-content\/uploads\/2025\/04\/Casovi-Online-Prenatal-Yoge-1-1-768x453.jpg 768w, https:\/\/tikiyoga.com\/wp-content\/uploads\/2025\/04\/Casovi-Online-Prenatal-Yoge-1-1-1536x906.jpg 1536w, https:\/\/tikiyoga.com\/wp-content\/uploads\/2025\/04\/Casovi-Online-Prenatal-Yoge-1-1-500x295.jpg 500w, https:\/\/tikiyoga.com\/wp-content\/uploads\/2025\/04\/Casovi-Online-Prenatal-Yoge-1-1-800x472.jpg 800w\" sizes=\"(max-width: 1920px) 100vw, 1920px\" \/>[\/vc_column_text][\/vc_column][\/vc_row][vc_row][vc_column][vc_empty_space][vc_column_text]\n<h3>Za\u0161to odabrati na\u0161e \u010dasove prenatalne yoge?<\/h3>\n<ul>\n<li><strong>Stru\u010dnost i podr\u0161ka:<\/strong> \u010casove vodi \u017deljka Zdravkovi\u0107, doktorand medicine i sertifikovani instruktor joge sa vi\u0161e od 10 godina iskustva u radu sa trudnicama i osobama sa specifi\u010dnim zdravstvenim potrebama. Kroz godine iskustva, \u017deljka je razvila pristup koji kombinuje tradicionalne jogi\u010dke tehnike sa modernim metodama psihofizi\u010dke pripreme za porod. Osim toga, \u017deljka je licencirani hipnoterapeut, \u0161to omogu\u0107ava dodatnu podr\u0161ku kroz tehnike hipnomeditacije, posebno prilago\u0111ene za trudnice.<\/li>\n<li><strong>Kompletna priprema:<\/strong> \u010casovi su deo Programa \u201cMama se Ra\u0111a\u201d koji je osmi\u0161ljen da bude celovita podr\u0161ka \u017eeni u procesu trudno\u0107e.<\/li>\n<\/ul>\n[\/vc_column_text][vc_empty_space height=&#8221;20&#8243;]<style type=\"text\/css\" data-type=\"the7_shortcodes-inline-css\">#default-btn-45686469454cbc9b336b4671c01805cd.ico-right-side > i {\n  margin-right: 0px;\n  margin-left: 8px;\n}\n#default-btn-45686469454cbc9b336b4671c01805cd > i {\n  margin-right: 8px;\n}\n#default-btn-45686469454cbc9b336b4671c01805cd * {\n  vertical-align: middle;\n}\n<\/style><div class=\"btn-align-left\"><a href=\"https:\/\/tikiyoga.com\/joga-za-trudnice\/\" class=\"default-btn-shortcode dt-btn dt-btn-m link-hover-off \" target=\"_blank\" id=\"default-btn-45686469454cbc9b336b4671c01805cd\" rel=\"noopener\"><span>\ud83d\udc49 VI\u0160E O \u010cASOVIMA JOGA ZA TRUDNICE<\/span><\/a><\/div>[vc_empty_space][\/vc_column][\/vc_row]\n","protected":false},"excerpt":{"rendered":"<p>Pripremite se za poro\u0111aj sa online prenatalnim \u010dasovima joge! Program je osmi\u0161ljen da Vam pomogne da se pove\u017eete sa sobom i bebom kroz fizi\u010dke, mentalne i emocionalne tehnike koje podsti\u010du zdravlje i ravnote\u017eu tokom trudno\u0107e.<\/p>\n<p>&nbsp;<\/p>\n<h6>Kotizacija za \u010dasove se obanvlja na mese\u010dnom nivou.<\/h6>\n","protected":false},"featured_media":6312,"template":"","meta":[],"product_brand":[],"product_cat":[61],"product_tag":[],"class_list":{"0":"post-6301","1":"product","2":"type-product","3":"status-publish","4":"has-post-thumbnail","6":"product_cat-shop","7":"description-off","9":"first","10":"instock","11":"shipping-taxable","12":"purchasable","13":"product-type-simple"},"yoast_head":"<!-- This site is optimized with the Yoast SEO plugin v26.9 - https:\/\/yoast.com\/product\/yoast-seo-wordpress\/ -->\n<title>Online Prenatal Yoga - tromese\u010dna \u010dlanarina - Tiki Yoga<\/title>\n<meta name=\"robots\" content=\"index, follow, max-snippet:-1, max-image-preview:large, max-video-preview:-1\" \/>\n<link rel=\"canonical\" href=\"https:\/\/tikiyoga.com\/proizvod\/online-prenatal-yoga-tromesecna-clanarina\/\" \/>\n<meta property=\"og:locale\" content=\"en_US\" \/>\n<meta property=\"og:type\" content=\"article\" \/>\n<meta property=\"og:title\" content=\"Online Prenatal Yoga - tromese\u010dna \u010dlanarina - Tiki Yoga\" \/>\n<meta property=\"og:description\" content=\"Pripremite se za poro\u0111aj sa online prenatalnim \u010dasovima joge! Program je osmi\u0161ljen da Vam pomogne da se pove\u017eete sa sobom i bebom kroz fizi\u010dke, mentalne i emocionalne tehnike koje podsti\u010du zdravlje i ravnote\u017eu tokom trudno\u0107e.  &nbsp; Kotizacija za \u010dasove se obanvlja na mese\u010dnom nivou.\" \/>\n<meta property=\"og:url\" content=\"https:\/\/tikiyoga.com\/proizvod\/online-prenatal-yoga-tromesecna-clanarina\/\" \/>\n<meta property=\"og:site_name\" content=\"Tiki Yoga\" \/>\n<meta property=\"article:publisher\" content=\"https:\/\/www.facebook.com\/ZeljkaTikiYoga\" \/>\n<meta property=\"article:modified_time\" content=\"2025-10-10T14:41:50+00:00\" \/>\n<meta property=\"og:image\" content=\"https:\/\/tikiyoga.com\/wp-content\/uploads\/2025\/10\/Online-Prenatal-Yoga-2.jpg\" \/>\n\t<meta property=\"og:image:width\" content=\"527\" \/>\n\t<meta property=\"og:image:height\" content=\"350\" \/>\n\t<meta property=\"og:image:type\" content=\"image\/jpeg\" \/>\n<meta name=\"twitter:card\" content=\"summary_large_image\" \/>\n<meta name=\"twitter:label1\" content=\"Est. reading time\" \/>\n\t<meta name=\"twitter:data1\" content=\"3 minutes\" \/>\n<script type=\"application\/ld+json\" class=\"yoast-schema-graph\">{\"@context\":\"https:\/\/schema.org\",\"@graph\":[{\"@type\":\"WebPage\",\"@id\":\"https:\/\/tikiyoga.com\/proizvod\/online-prenatal-yoga-tromesecna-clanarina\/\",\"url\":\"https:\/\/tikiyoga.com\/proizvod\/online-prenatal-yoga-tromesecna-clanarina\/\",\"name\":\"Online Prenatal Yoga - tromese\u010dna \u010dlanarina - Tiki Yoga\",\"isPartOf\":{\"@id\":\"https:\/\/tikiyoga.com\/#website\"},\"primaryImageOfPage\":{\"@id\":\"https:\/\/tikiyoga.com\/proizvod\/online-prenatal-yoga-tromesecna-clanarina\/#primaryimage\"},\"image\":{\"@id\":\"https:\/\/tikiyoga.com\/proizvod\/online-prenatal-yoga-tromesecna-clanarina\/#primaryimage\"},\"thumbnailUrl\":\"https:\/\/tikiyoga.com\/wp-content\/uploads\/2025\/10\/Online-Prenatal-Yoga-2.jpg\",\"datePublished\":\"2025-10-10T14:22:53+00:00\",\"dateModified\":\"2025-10-10T14:41:50+00:00\",\"breadcrumb\":{\"@id\":\"https:\/\/tikiyoga.com\/proizvod\/online-prenatal-yoga-tromesecna-clanarina\/#breadcrumb\"},\"inLanguage\":\"en-US\",\"potentialAction\":[{\"@type\":\"ReadAction\",\"target\":[\"https:\/\/tikiyoga.com\/proizvod\/online-prenatal-yoga-tromesecna-clanarina\/\"]}]},{\"@type\":\"ImageObject\",\"inLanguage\":\"en-US\",\"@id\":\"https:\/\/tikiyoga.com\/proizvod\/online-prenatal-yoga-tromesecna-clanarina\/#primaryimage\",\"url\":\"https:\/\/tikiyoga.com\/wp-content\/uploads\/2025\/10\/Online-Prenatal-Yoga-2.jpg\",\"contentUrl\":\"https:\/\/tikiyoga.com\/wp-content\/uploads\/2025\/10\/Online-Prenatal-Yoga-2.jpg\",\"width\":527,\"height\":350},{\"@type\":\"BreadcrumbList\",\"@id\":\"https:\/\/tikiyoga.com\/proizvod\/online-prenatal-yoga-tromesecna-clanarina\/#breadcrumb\",\"itemListElement\":[{\"@type\":\"ListItem\",\"position\":1,\"name\":\"Home\",\"item\":\"https:\/\/tikiyoga.com\/en\/\"},{\"@type\":\"ListItem\",\"position\":2,\"name\":\"Proizvodi\",\"item\":\"https:\/\/tikiyoga.com\/shop\/\"},{\"@type\":\"ListItem\",\"position\":3,\"name\":\"Online Prenatal Yoga &#8211; tromese\u010dna \u010dlanarina\"}]},{\"@type\":\"WebSite\",\"@id\":\"https:\/\/tikiyoga.com\/#website\",\"url\":\"https:\/\/tikiyoga.com\/\",\"name\":\"Tiki Yoga\",\"description\":\"Promocija zdravih stilova \u017eivota, edukacija, mentalno, fizi\u010dko i duhovno zdravlje\",\"publisher\":{\"@id\":\"https:\/\/tikiyoga.com\/#organization\"},\"potentialAction\":[{\"@type\":\"SearchAction\",\"target\":{\"@type\":\"EntryPoint\",\"urlTemplate\":\"https:\/\/tikiyoga.com\/?s={search_term_string}\"},\"query-input\":{\"@type\":\"PropertyValueSpecification\",\"valueRequired\":true,\"valueName\":\"search_term_string\"}}],\"inLanguage\":\"en-US\"},{\"@type\":\"Organization\",\"@id\":\"https:\/\/tikiyoga.com\/#organization\",\"name\":\"Tiki Yoga\",\"url\":\"https:\/\/tikiyoga.com\/\",\"logo\":{\"@type\":\"ImageObject\",\"inLanguage\":\"en-US\",\"@id\":\"https:\/\/tikiyoga.com\/#\/schema\/logo\/image\/\",\"url\":\"https:\/\/tikiyoga.com\/wp-content\/uploads\/2021\/11\/tiki-yoga-logo.png\",\"contentUrl\":\"https:\/\/tikiyoga.com\/wp-content\/uploads\/2021\/11\/tiki-yoga-logo.png\",\"width\":150,\"height\":150,\"caption\":\"Tiki Yoga\"},\"image\":{\"@id\":\"https:\/\/tikiyoga.com\/#\/schema\/logo\/image\/\"},\"sameAs\":[\"https:\/\/www.facebook.com\/ZeljkaTikiYoga\",\"https:\/\/www.youtube.com\/@tikiyoga\"]}]}<\/script>\n<!-- \/ Yoast SEO plugin. -->","yoast_head_json":{"title":"Online Prenatal Yoga - tromese\u010dna \u010dlanarina - Tiki Yoga","robots":{"index":"index","follow":"follow","max-snippet":"max-snippet:-1","max-image-preview":"max-image-preview:large","max-video-preview":"max-video-preview:-1"},"canonical":"https:\/\/tikiyoga.com\/proizvod\/online-prenatal-yoga-tromesecna-clanarina\/","og_locale":"en_US","og_type":"article","og_title":"Online Prenatal Yoga - tromese\u010dna \u010dlanarina - Tiki Yoga","og_description":"Pripremite se za poro\u0111aj sa online prenatalnim \u010dasovima joge! Program je osmi\u0161ljen da Vam pomogne da se pove\u017eete sa sobom i bebom kroz fizi\u010dke, mentalne i emocionalne tehnike koje podsti\u010du zdravlje i ravnote\u017eu tokom trudno\u0107e.  &nbsp; Kotizacija za \u010dasove se obanvlja na mese\u010dnom nivou.","og_url":"https:\/\/tikiyoga.com\/proizvod\/online-prenatal-yoga-tromesecna-clanarina\/","og_site_name":"Tiki Yoga","article_publisher":"https:\/\/www.facebook.com\/ZeljkaTikiYoga","article_modified_time":"2025-10-10T14:41:50+00:00","og_image":[{"width":527,"height":350,"url":"https:\/\/tikiyoga.com\/wp-content\/uploads\/2025\/10\/Online-Prenatal-Yoga-2.jpg","type":"image\/jpeg"}],"twitter_card":"summary_large_image","twitter_misc":{"Est. reading time":"3 minutes"},"schema":{"@context":"https:\/\/schema.org","@graph":[{"@type":"WebPage","@id":"https:\/\/tikiyoga.com\/proizvod\/online-prenatal-yoga-tromesecna-clanarina\/","url":"https:\/\/tikiyoga.com\/proizvod\/online-prenatal-yoga-tromesecna-clanarina\/","name":"Online Prenatal Yoga - tromese\u010dna \u010dlanarina - Tiki Yoga","isPartOf":{"@id":"https:\/\/tikiyoga.com\/#website"},"primaryImageOfPage":{"@id":"https:\/\/tikiyoga.com\/proizvod\/online-prenatal-yoga-tromesecna-clanarina\/#primaryimage"},"image":{"@id":"https:\/\/tikiyoga.com\/proizvod\/online-prenatal-yoga-tromesecna-clanarina\/#primaryimage"},"thumbnailUrl":"https:\/\/tikiyoga.com\/wp-content\/uploads\/2025\/10\/Online-Prenatal-Yoga-2.jpg","datePublished":"2025-10-10T14:22:53+00:00","dateModified":"2025-10-10T14:41:50+00:00","breadcrumb":{"@id":"https:\/\/tikiyoga.com\/proizvod\/online-prenatal-yoga-tromesecna-clanarina\/#breadcrumb"},"inLanguage":"en-US","potentialAction":[{"@type":"ReadAction","target":["https:\/\/tikiyoga.com\/proizvod\/online-prenatal-yoga-tromesecna-clanarina\/"]}]},{"@type":"ImageObject","inLanguage":"en-US","@id":"https:\/\/tikiyoga.com\/proizvod\/online-prenatal-yoga-tromesecna-clanarina\/#primaryimage","url":"https:\/\/tikiyoga.com\/wp-content\/uploads\/2025\/10\/Online-Prenatal-Yoga-2.jpg","contentUrl":"https:\/\/tikiyoga.com\/wp-content\/uploads\/2025\/10\/Online-Prenatal-Yoga-2.jpg","width":527,"height":350},{"@type":"BreadcrumbList","@id":"https:\/\/tikiyoga.com\/proizvod\/online-prenatal-yoga-tromesecna-clanarina\/#breadcrumb","itemListElement":[{"@type":"ListItem","position":1,"name":"Home","item":"https:\/\/tikiyoga.com\/en\/"},{"@type":"ListItem","position":2,"name":"Proizvodi","item":"https:\/\/tikiyoga.com\/shop\/"},{"@type":"ListItem","position":3,"name":"Online Prenatal Yoga &#8211; tromese\u010dna \u010dlanarina"}]},{"@type":"WebSite","@id":"https:\/\/tikiyoga.com\/#website","url":"https:\/\/tikiyoga.com\/","name":"Tiki Yoga","description":"Promocija zdravih stilova \u017eivota, edukacija, mentalno, fizi\u010dko i duhovno zdravlje","publisher":{"@id":"https:\/\/tikiyoga.com\/#organization"},"potentialAction":[{"@type":"SearchAction","target":{"@type":"EntryPoint","urlTemplate":"https:\/\/tikiyoga.com\/?s={search_term_string}"},"query-input":{"@type":"PropertyValueSpecification","valueRequired":true,"valueName":"search_term_string"}}],"inLanguage":"en-US"},{"@type":"Organization","@id":"https:\/\/tikiyoga.com\/#organization","name":"Tiki Yoga","url":"https:\/\/tikiyoga.com\/","logo":{"@type":"ImageObject","inLanguage":"en-US","@id":"https:\/\/tikiyoga.com\/#\/schema\/logo\/image\/","url":"https:\/\/tikiyoga.com\/wp-content\/uploads\/2021\/11\/tiki-yoga-logo.png","contentUrl":"https:\/\/tikiyoga.com\/wp-content\/uploads\/2021\/11\/tiki-yoga-logo.png","width":150,"height":150,"caption":"Tiki Yoga"},"image":{"@id":"https:\/\/tikiyoga.com\/#\/schema\/logo\/image\/"},"sameAs":["https:\/\/www.facebook.com\/ZeljkaTikiYoga","https:\/\/www.youtube.com\/@tikiyoga"]}]}},"_links":{"self":[{"href":"https:\/\/tikiyoga.com\/en\/wp-json\/wp\/v2\/product\/6301","targetHints":{"allow":["GET"]}}],"collection":[{"href":"https:\/\/tikiyoga.com\/en\/wp-json\/wp\/v2\/product"}],"about":[{"href":"https:\/\/tikiyoga.com\/en\/wp-json\/wp\/v2\/types\/product"}],"wp:featuredmedia":[{"embeddable":true,"href":"https:\/\/tikiyoga.com\/en\/wp-json\/wp\/v2\/media\/6312"}],"wp:attachment":[{"href":"https:\/\/tikiyoga.com\/en\/wp-json\/wp\/v2\/media?parent=6301"}],"wp:term":[{"taxonomy":"product_brand","embeddable":true,"href":"https:\/\/tikiyoga.com\/en\/wp-json\/wp\/v2\/product_brand?post=6301"},{"taxonomy":"product_cat","embeddable":true,"href":"https:\/\/tikiyoga.com\/en\/wp-json\/wp\/v2\/product_cat?post=6301"},{"taxonomy":"product_tag","embeddable":true,"href":"https:\/\/tikiyoga.com\/en\/wp-json\/wp\/v2\/product_tag?post=6301"}],"curies":[{"name":"wp","href":"https:\/\/api.w.org\/{rel}","templated":true}]}}